{"id":16,"date":"2015-06-21T12:59:47","date_gmt":"2015-06-21T16:59:47","guid":{"rendered":"http:\/\/archivopatrimonial.usach.cl\/agrupacionesmusicales\/?page_id=16"},"modified":"2018-06-28T16:30:57","modified_gmt":"2018-06-28T20:30:57","slug":"cronologia","status":"publish","type":"page","link":"https:\/\/archivopatrimonial.usach.cl\/agrupacionesmusicales\/?page_id=16","title":{"rendered":"Cronolog\u00eda"},"content":{"rendered":"<h2><strong>1957<\/strong><\/h2>\n<p>Fundaci\u00f3n del Coro UTE, bajo la direcci\u00f3n de Mario Baeza.<\/p>\n<h2><strong>1960<\/strong><\/h2>\n<p>El Coro UTE fue invitado a la celebraci\u00f3n de los 150 a\u00f1os de la Rep\u00fablica Argentina.<\/p>\n<h2><strong>1962<\/strong><\/h2>\n<p>El Coro UTE se presenta en la Universidad de San Marcos en Per\u00fa.<\/p>\n<h2><strong>1965<\/strong><\/h2>\n<p>Mario Baeza, director del Coro UTE, es designado presidente de la Confederaci\u00f3n de Coros de Chile.<\/p>\n<p>Fundaci\u00f3n de Quilapay\u00fan.<\/p>\n<h2><strong>1966<\/strong><\/h2>\n<p>Quilapay\u00fan gana el Festival Chile R\u00ede y Canta.<\/p>\n<h2><strong>1967<\/strong><\/h2>\n<p>Gira del Coro UTE por Am\u00e9rica Latina.<\/p>\n<p>Fundaci\u00f3n de Inti Illimani.<\/p>\n<h2><strong>1970<\/strong><\/h2>\n<p>Mario Baeza gana el premio de la cr\u00edtica por su aporte a la m\u00fasica coral.<\/p>\n<h2><strong>1971<\/strong><\/h2>\n<p>Creaci\u00f3n del Departamento de Extensi\u00f3n Art\u00edstica de la UTE, dependiente de la Secretar\u00eda Nacional de Extensi\u00f3n y Comunicaciones y dirigido por Cecilia Coll Suarez.<\/p>\n<p>Primer encuentro de Coros UTE en La Serena.<\/p>\n<h2><strong>1972<\/strong><\/h2>\n<p>Segundo Encuentro de Coros UTE en Punta Arenas.<\/p>\n<h2><strong>1978<\/strong><\/h2>\n<p>Fundaci\u00f3n de Syntagma Musicum.<\/p>\n<h2><strong>1980<\/strong><\/h2>\n<p>Fundaci\u00f3n Coro Madrigalista.<\/p>\n<h2><strong>1982<\/strong><\/h2>\n<p>Creaci\u00f3n de la Orquesta Cl\u00e1sica de la Universidad de Santiago de Chile.<\/p>\n","protected":false},"excerpt":{"rendered":"<p>1957 Fundaci\u00f3n del Coro UTE, bajo la direcci\u00f3n de Mario Baeza. 1960 El Coro UTE fue invitado a la celebraci\u00f3n de los 150 a\u00f1os de la Rep\u00fablica Argentina. 1962 El Coro UTE se presenta en la Universidad de San Marcos en Per\u00fa. 1965 Mario Baeza, director del Coro UTE, es designado presidente de la Confederaci\u00f3n [&hellip;]<\/p>\n","protected":false},"author":1,"featured_media":0,"parent":0,"menu_order":0,"comment_status":"closed","ping_status":"closed","template":"","meta":{"footnotes":""},"class_list":["post-16","page","type-page","status-publish","hentry"],"_links":{"self":[{"href":"https:\/\/archivopatrimonial.usach.cl\/agrupacionesmusicales\/index.php?rest_route=\/wp\/v2\/pages\/16"}],"collection":[{"href":"https:\/\/archivopatrimonial.usach.cl\/agrupacionesmusicales\/index.php?rest_route=\/wp\/v2\/pages"}],"about":[{"href":"https:\/\/archivopatrimonial.usach.cl\/agrupacionesmusicales\/index.php?rest_route=\/wp\/v2\/types\/page"}],"author":[{"embeddable":true,"href":"https:\/\/archivopatrimonial.usach.cl\/agrupacionesmusicales\/index.php?rest_route=\/wp\/v2\/users\/1"}],"replies":[{"embeddable":true,"href":"https:\/\/archivopatrimonial.usach.cl\/agrupacionesmusicales\/index.php?rest_route=%2Fwp%2Fv2%2Fcomments&post=16"}],"version-history":[{"count":5,"href":"https:\/\/archivopatrimonial.usach.cl\/agrupacionesmusicales\/index.php?rest_route=\/wp\/v2\/pages\/16\/revisions"}],"predecessor-version":[{"id":199,"href":"https:\/\/archivopatrimonial.usach.cl\/agrupacionesmusicales\/index.php?rest_route=\/wp\/v2\/pages\/16\/revisions\/199"}],"wp:attachment":[{"href":"https:\/\/archivopatrimonial.usach.cl\/agrupacionesmusicales\/index.php?rest_route=%2Fwp%2Fv2%2Fmedia&parent=16"}],"curies":[{"name":"wp","href":"https:\/\/api.w.org\/{rel}","templated":true}]}}