{"id":4,"date":"2015-06-21T16:53:51","date_gmt":"2015-06-21T16:53:51","guid":{"rendered":"http:\/\/archivopatrimonial.usach.cl\/agrupacionesmusicales\/?page_id=4"},"modified":"2019-01-23T12:45:48","modified_gmt":"2019-01-23T15:45:48","slug":"inicio","status":"publish","type":"page","link":"https:\/\/archivopatrimonial.usach.cl\/agrupacionesmusicales\/","title":{"rendered":"Agrupaciones Musicales UTE"},"content":{"rendered":"<p><iframe loading=\"lazy\" src=\"https:\/\/www.youtube.com\/embed\/D2QiKMmJwN0?autoplay=1;&amp;rel=0;&amp;showinfo=0\" width=\"100%\" height=\"720\" frameborder=\"0\" allowfullscreen=\"allowfullscreen\"><\/iframe><\/p>\n<p style=\"text-align: justify;\">Las agrupaciones musicales en la UTE tuvieron un importante desarrollo, que en muchas ocasiones traspas\u00f3 los l\u00edmites de la universidad, transform\u00e1ndose en referentes de la m\u00fasica nacional. Una de las principales caracter\u00edsticas que compartieron muchas agrupaciones musicales fue su origen, pues en su mayor\u00eda surgieron por iniciativa y organizaciones de los propios estudiantes, para luego ser institucionalizadas y transformarse en grupos oficiales del plantel.<\/p>\n","protected":false},"excerpt":{"rendered":"<p>Las agrupaciones musicales en la UTE tuvieron un importante desarrollo, que en muchas ocasiones traspas\u00f3 los l\u00edmites de la universidad, transform\u00e1ndose en referentes de la m\u00fasica nacional. Una de las principales caracter\u00edsticas que compartieron muchas agrupaciones musicales fue su origen, pues en su mayor\u00eda surgieron por iniciativa y organizaciones de los propios estudiantes, para luego [&hellip;]<\/p>\n","protected":false},"author":1,"featured_media":0,"parent":0,"menu_order":0,"comment_status":"closed","ping_status":"closed","template":"","meta":{"footnotes":""},"class_list":["post-4","page","type-page","status-publish","hentry"],"_links":{"self":[{"href":"https:\/\/archivopatrimonial.usach.cl\/agrupacionesmusicales\/index.php?rest_route=\/wp\/v2\/pages\/4"}],"collection":[{"href":"https:\/\/archivopatrimonial.usach.cl\/agrupacionesmusicales\/index.php?rest_route=\/wp\/v2\/pages"}],"about":[{"href":"https:\/\/archivopatrimonial.usach.cl\/agrupacionesmusicales\/index.php?rest_route=\/wp\/v2\/types\/page"}],"author":[{"embeddable":true,"href":"https:\/\/archivopatrimonial.usach.cl\/agrupacionesmusicales\/index.php?rest_route=\/wp\/v2\/users\/1"}],"replies":[{"embeddable":true,"href":"https:\/\/archivopatrimonial.usach.cl\/agrupacionesmusicales\/index.php?rest_route=%2Fwp%2Fv2%2Fcomments&post=4"}],"version-history":[{"count":16,"href":"https:\/\/archivopatrimonial.usach.cl\/agrupacionesmusicales\/index.php?rest_route=\/wp\/v2\/pages\/4\/revisions"}],"predecessor-version":[{"id":523,"href":"https:\/\/archivopatrimonial.usach.cl\/agrupacionesmusicales\/index.php?rest_route=\/wp\/v2\/pages\/4\/revisions\/523"}],"wp:attachment":[{"href":"https:\/\/archivopatrimonial.usach.cl\/agrupacionesmusicales\/index.php?rest_route=%2Fwp%2Fv2%2Fmedia&parent=4"}],"curies":[{"name":"wp","href":"https:\/\/api.w.org\/{rel}","templated":true}]}}