{"id":6,"date":"2015-06-21T16:54:16","date_gmt":"2015-06-21T16:54:16","guid":{"rendered":"http:\/\/archivopatrimonial.usach.cl\/agrupacionesmusicales\/?page_id=6"},"modified":"2018-06-28T15:52:14","modified_gmt":"2018-06-28T19:52:14","slug":"historia","status":"publish","type":"page","link":"https:\/\/archivopatrimonial.usach.cl\/agrupacionesmusicales\/?page_id=6","title":{"rendered":"Personajes Asociados"},"content":{"rendered":"<p><strong>Mario Baeza<\/strong><br \/>\nM\u00fasico, director y fundador de coros en Chile. En 1957 fund\u00f3 la Confederaci\u00f3n de Coros de Chile, el mismo a\u00f1o que asumi\u00f3 la direcci\u00f3n del Coro UTE. Con este coro, realiz\u00f3 diversas giras nacionales e internacionales; se present\u00f3 en Per\u00fa, Argentina, Colombia, M\u00e9xico, Panam\u00e1 y Estados Unidos, donde en 1969 participaron en el Festival de Coros Universitarios en el Lincoln Center de Nueva York y en la Catedral de Washington. En 1965 fue nombrado presidente de la Confederaci\u00f3n de Coros de Chile, y en 1970 recibi\u00f3 el premio de la cr\u00edtica por su invaluable trabajo y aporte al desarrollo del arte coral en el pa\u00eds.<\/p>\n<p><strong>Max Berr\u00fa<\/strong><br \/>\nNacido en Ecuador en 1942, lleg\u00f3 con 20 a\u00f1os a Chile para estudiar ingenier\u00eda en la Universidad T\u00e9cnica del Estado. Particip\u00f3 en las pe\u00f1as universitarias y se integr\u00f3 al grupo Inti Illimani en 1967, agrupaci\u00f3n en la que estuvo durante 30 a\u00f1os.<\/p>\n<p><strong>V\u00edctor Jara<\/strong><br \/>\nM\u00fasico, compositor, actor y director de teatro chileno. Fue contratado por el Departamento de Extensi\u00f3n Art\u00edstica de la Secretaria Nacional de Extensi\u00f3n y Comunicaciones de la UTE en 1971 como artista estable del plantel. En el cargo, realiz\u00f3 giras, conciertos y diversas actividades relacionadas con la pol\u00edtica cultural de la universidad, cuyo principal objetivo fue acercar las artes y la cultura a todo el pueblo. Tras el golpe de Estado, fue detenido en dependencias de la UTE y llevado al entonces Estadio Chile, donde fue torturado y asesinado por militares.<\/p>\n<p><strong>Jorge Coulon<\/strong><br \/>\nM\u00fasico chileno, miembro fundador de Inti Illimani. Estudio en la Escuela de T\u00e9cnicos Industriales de la UTE, donde fue nombrado secretario de folclore del centro de alumnos.<\/p>\n<p><strong>Horacio Dur\u00e1n<\/strong><br \/>\nM\u00fasico chileno fundador de Inti Illimani. Estudi\u00f3 en la Escuela de Artes y Oficios, y junto a otros estudiantes organizaron la Pe\u00f1a de la UTE. Junto a Oscar Guzm\u00e1n y Pedro Y\u00e1\u00f1ez formaron El Tr\u00edo EAO, g\u00e9nesis de Inti Illimani.<\/p>\n<p><strong>Cecilia Coll<\/strong><br \/>\nFundadora del sello Discoteca del Canto Popular, DICAP. Fue encargada de la Comisi\u00f3n Nacional de Cultura de las Juventudes Comunistas. En 1971 fue nombrada directora del Departamento de Extensi\u00f3n Art\u00edstica de la Secretar\u00eda Nacional de Extensi\u00f3n y Comunicaciones de la UTE, donde realiz\u00f3 una vasta tarea en la producci\u00f3n de artistas, conciertos y giras de diversos elencos contratados por la universidad.<\/p>\n","protected":false},"excerpt":{"rendered":"<p>Mario Baeza M\u00fasico, director y fundador de coros en Chile. En 1957 fund\u00f3 la Confederaci\u00f3n de Coros de Chile, el mismo a\u00f1o que asumi\u00f3 la direcci\u00f3n del Coro UTE. Con este coro, realiz\u00f3 diversas giras nacionales e internacionales; se present\u00f3 en Per\u00fa, Argentina, Colombia, M\u00e9xico, Panam\u00e1 y Estados Unidos, donde en 1969 participaron en el [&hellip;]<\/p>\n","protected":false},"author":1,"featured_media":0,"parent":0,"menu_order":0,"comment_status":"closed","ping_status":"closed","template":"","meta":{"footnotes":""},"class_list":["post-6","page","type-page","status-publish","hentry"],"_links":{"self":[{"href":"https:\/\/archivopatrimonial.usach.cl\/agrupacionesmusicales\/index.php?rest_route=\/wp\/v2\/pages\/6"}],"collection":[{"href":"https:\/\/archivopatrimonial.usach.cl\/agrupacionesmusicales\/index.php?rest_route=\/wp\/v2\/pages"}],"about":[{"href":"https:\/\/archivopatrimonial.usach.cl\/agrupacionesmusicales\/index.php?rest_route=\/wp\/v2\/types\/page"}],"author":[{"embeddable":true,"href":"https:\/\/archivopatrimonial.usach.cl\/agrupacionesmusicales\/index.php?rest_route=\/wp\/v2\/users\/1"}],"replies":[{"embeddable":true,"href":"https:\/\/archivopatrimonial.usach.cl\/agrupacionesmusicales\/index.php?rest_route=%2Fwp%2Fv2%2Fcomments&post=6"}],"version-history":[{"count":6,"href":"https:\/\/archivopatrimonial.usach.cl\/agrupacionesmusicales\/index.php?rest_route=\/wp\/v2\/pages\/6\/revisions"}],"predecessor-version":[{"id":197,"href":"https:\/\/archivopatrimonial.usach.cl\/agrupacionesmusicales\/index.php?rest_route=\/wp\/v2\/pages\/6\/revisions\/197"}],"wp:attachment":[{"href":"https:\/\/archivopatrimonial.usach.cl\/agrupacionesmusicales\/index.php?rest_route=%2Fwp%2Fv2%2Fmedia&parent=6"}],"curies":[{"name":"wp","href":"https:\/\/api.w.org\/{rel}","templated":true}]}}