{"id":9,"date":"2015-06-21T16:54:54","date_gmt":"2015-06-21T16:54:54","guid":{"rendered":"http:\/\/archivopatrimonial.usach.cl\/agrupacionesmusicales\/?page_id=9"},"modified":"2018-10-18T10:43:58","modified_gmt":"2018-10-18T13:43:58","slug":"bibliografia","status":"publish","type":"page","link":"https:\/\/archivopatrimonial.usach.cl\/agrupacionesmusicales\/?page_id=9","title":{"rendered":"Bibliograf\u00eda"},"content":{"rendered":"<p>Barraza, F. (1972). <em>La nueva canci\u00f3n chilena<\/em>. Santiago: Quimant\u00fa.<\/p>\n<p>Carrasco, E. (1982). <em>La nueva canci\u00f3n en Am\u00e9rica Latina<\/em>. Santiago: CENECA.<\/p>\n<p>Carrasco, E. (2003). <em>Quilapay\u00fan. La revoluci\u00f3n y las estrellas<\/em>. Santiago: RIL Editores.<\/p>\n<p>Cifuentes, L. (1989). <em>Fragmentos de un sue\u00f1o. Intillimani y la generaci\u00f3n de los 60<\/em>. Santiago: Ediciones Logos.<\/p>\n<p>Coulon, Jorge, \u201cEl potencial creador de los estudiantes durante la reforma\u201d. En: Ireland, T. y Rivera, F. (Editores) (2016) <em>La UTE vive. Memorias y testimonios de la reforma universitaria en la Universidad T\u00e9cnica del Estado. Chile, 1961-1973.<\/em> Santiago: Universidad de Santiago de Chile.<\/p>\n<p>Kirberg, E. (1981). <em>Los nuevos profesionales. Educaci\u00f3n Universitaria de Trabajadores.\u00a0 Chile: UTE, 1968-1973<\/em>. M\u00e9xico: Instituto de Ciencias Sociales, Universidad de Guadalajara.<\/p>\n<p>Merino, Luis. \u201cMario Baeza Gajardo (1916-1998), <em>Revista Musical Chilena<\/em>, vol. 52, n\u00b0 190, pp. 125-126.<\/p>\n<p>Mu\u00f1oz, J., Norambuena, C., Ortega, L. y P\u00e9rez, R. (1987). <em>La Universidad de Santiago de Chile: sobre sus or\u00edgenes y su desarrollo hist\u00f3rico<\/em>. Santiago: Universidad de Santiago de Chile.<\/p>\n<p>Navarro, M. \u201cM\u00e1s all\u00e1 de los muros universitarios: Extensi\u00f3n y Comunicaciones UTE\u201d. En: Ireland, T. y Rivera, F. (Editores) (2016) <em>La UTE vive. Memorias y testimonios de la reforma universitaria en la Universidad T\u00e9cnica del Estado. Chile, 1961-1973.<\/em> Santiago: Universidad de Santiago de Chile.<\/p>\n<p>Revista <em>Unit\u00e9cnica<\/em><\/p>\n<p>Revista <em>Alborada<\/em><\/p>\n<p>Revista <em>Presencia UTE<\/em><\/p>\n<p><strong><a href=\"http:\/\/www.musicapopular.cl\">www.musicapopular.cl<\/a><\/strong><\/p>\n<p>&nbsp;<\/p>\n<p>&nbsp;<\/p>\n<p>&nbsp;<\/p>\n<p>&nbsp;<\/p>\n","protected":false},"excerpt":{"rendered":"<p>Barraza, F. (1972). La nueva canci\u00f3n chilena. Santiago: Quimant\u00fa. Carrasco, E. (1982). La nueva canci\u00f3n en Am\u00e9rica Latina. Santiago: CENECA. Carrasco, E. (2003). Quilapay\u00fan. La revoluci\u00f3n y las estrellas. Santiago: RIL Editores. Cifuentes, L. (1989). Fragmentos de un sue\u00f1o. Intillimani y la generaci\u00f3n de los 60. Santiago: Ediciones Logos. Coulon, Jorge, \u201cEl potencial creador de [&hellip;]<\/p>\n","protected":false},"author":1,"featured_media":0,"parent":0,"menu_order":0,"comment_status":"closed","ping_status":"closed","template":"","meta":{"footnotes":""},"class_list":["post-9","page","type-page","status-publish","hentry"],"_links":{"self":[{"href":"https:\/\/archivopatrimonial.usach.cl\/agrupacionesmusicales\/index.php?rest_route=\/wp\/v2\/pages\/9"}],"collection":[{"href":"https:\/\/archivopatrimonial.usach.cl\/agrupacionesmusicales\/index.php?rest_route=\/wp\/v2\/pages"}],"about":[{"href":"https:\/\/archivopatrimonial.usach.cl\/agrupacionesmusicales\/index.php?rest_route=\/wp\/v2\/types\/page"}],"author":[{"embeddable":true,"href":"https:\/\/archivopatrimonial.usach.cl\/agrupacionesmusicales\/index.php?rest_route=\/wp\/v2\/users\/1"}],"replies":[{"embeddable":true,"href":"https:\/\/archivopatrimonial.usach.cl\/agrupacionesmusicales\/index.php?rest_route=%2Fwp%2Fv2%2Fcomments&post=9"}],"version-history":[{"count":7,"href":"https:\/\/archivopatrimonial.usach.cl\/agrupacionesmusicales\/index.php?rest_route=\/wp\/v2\/pages\/9\/revisions"}],"predecessor-version":[{"id":208,"href":"https:\/\/archivopatrimonial.usach.cl\/agrupacionesmusicales\/index.php?rest_route=\/wp\/v2\/pages\/9\/revisions\/208"}],"wp:attachment":[{"href":"https:\/\/archivopatrimonial.usach.cl\/agrupacionesmusicales\/index.php?rest_route=%2Fwp%2Fv2%2Fmedia&parent=9"}],"curies":[{"name":"wp","href":"https:\/\/api.w.org\/{rel}","templated":true}]}}