{"id":24,"date":"2015-06-21T13:02:03","date_gmt":"2015-06-21T17:02:03","guid":{"rendered":"http:\/\/archivopatrimonial.usach.cl\/arquitectura\/?page_id=24"},"modified":"2017-06-09T09:56:21","modified_gmt":"2017-06-09T13:56:21","slug":"historia-2","status":"publish","type":"page","link":"https:\/\/archivopatrimonial.usach.cl\/arquitectura\/?page_id=24","title":{"rendered":"Historia"},"content":{"rendered":"<div id=\"attachment_1144\" style=\"width: 669px\" class=\"wp-caption alignleft\"><a href=\"http:\/\/archivopatrimonial.usach.cl\/arquitectura\/wp-content\/uploads\/2016\/11\/NN-003110.jpg\"><img loading=\"lazy\" decoding=\"async\" aria-describedby=\"caption-attachment-1144\" class=\"wp-image-1144 size-large\" src=\"http:\/\/archivopatrimonial.usach.cl\/arquitectura\/wp-content\/uploads\/2016\/11\/NN-003110-659x1024.jpg\" alt=\"Esta imagen es resguardada por el Archivo de Documentacion Grafica y Audiovisual (DGA) de la Universidad de Santiago de Chile. Cualquier consulta acerca de las condiciones de uso y de propiedad, comunicarse a archivodga@usach.cl\" width=\"659\" height=\"1024\" srcset=\"https:\/\/archivopatrimonial.usach.cl\/arquitectura\/wp-content\/uploads\/2016\/11\/NN-003110-659x1024.jpg 659w, https:\/\/archivopatrimonial.usach.cl\/arquitectura\/wp-content\/uploads\/2016\/11\/NN-003110-193x300.jpg 193w, https:\/\/archivopatrimonial.usach.cl\/arquitectura\/wp-content\/uploads\/2016\/11\/NN-003110-1200x1863.jpg 1200w, https:\/\/archivopatrimonial.usach.cl\/arquitectura\/wp-content\/uploads\/2016\/11\/NN-003110.jpg 1288w\" sizes=\"(max-width: 659px) 100vw, 659px\" \/><\/a><p id=\"caption-attachment-1144\" class=\"wp-caption-text\">Mapa de las sedes de la UTE<\/p><\/div>\n<p style=\"text-align: justify;\">La Universidad T\u00e9cnica del Estado fue una instituci\u00f3n superior que destac\u00f3 en el proyecto educacional industrial chileno desde la d\u00e9cada de 1950 hasta 1981. Con 9 sedes y 24 Institutos Tecnol\u00f3gicos a lo largo del pa\u00eds, durante veintinueve a\u00f1os form\u00f3 profesionales desde la antigua tradici\u00f3n de la Escuela de Artes y Oficios, dejando una huella permanente en la modernizaci\u00f3n chilena.<\/p>\n<p style=\"text-align: justify;\">En 1947 la Escuela de Ingenieros Industriales (1940), el Instituto T\u00e9cnico Pedag\u00f3gico (1944), el grado de T\u00e9cnicos de la Escuela de Artes y Oficios (1915), las Escuelas de Minas de Antofagasta (1918), Copiap\u00f3 (1857) y La Serena (1887), las Escuelas Industriales de Concepci\u00f3n (1905), Temuco (1916) y Valdivia (1934) concurrieron en la fundaci\u00f3n de la Universidad T\u00e9cnica del Estado comenzando\u00a0completamente su funcionamiento en 1952. La nueva instituci\u00f3n debi\u00f3 enfrentar numerosos problemas administrativos, financieros y de infraestructura que ven\u00edan arrastr\u00e1ndose con anterioridad a la misma fundaci\u00f3n y que con el aumento de la oferta acad\u00e9mica se acentuaron. Por esta situaci\u00f3n, en 1954 se realizaron \u00a0catastros en cada una de las sedes y departamentos a nivel nacional con tal de diagnosticar los problemas y necesidades de los edificios de la universidad <a href=\"http:\/\/archivopatrimonial.usach.cl\/arquitectura\/wp-content\/uploads\/2016\/08\/01-Construcciones-y-reparaciones-de-las-Escuelas-dependientes-de-la-universidad-6-de-mayo-de-1954.pdf\">(Acta de Consejo Universitario,\u00a06 de mayo de 1954)<\/a>. Entre las principales urgencias estaba la necesidad de adquirir o proyectar un edificio para el IPT que dispusiera de talleres y laboratorios para las especialidades t\u00e9cnicas, ya que el entonces edificio ubicado en Hu\u00e9rfanos resultaba insuficiente para las y los mil estudiantes que albergaba el Instituto. Entre las dem\u00e1s preocupaciones se encontraba habilitar talleres y laboratorios para la Escuela de Ingenieros Industriales, la Escuela de Artes y Oficios y las escuelas provinciales. Sobre el IPT se concluy\u00f3:<\/p>\n<blockquote>\n<p style=\"text-align: justify;\">\u00abCarece de edificio propio. Habr\u00eda que proyectarlo e incluso adquirir el terreno correspondiente. Este establecimiento imparte ense\u00f1anza actualmente a cerca de mil alumnos y debe disponer de talleres y laboratorios para las especialidades t\u00e9cnicas.\u00bb (A.C.U, 6 de mayo, 1954)<\/p>\n<\/blockquote>\n<p style=\"text-align: justify;\">El nombramiento de Jos\u00e9 Miguel Seguel como segundo rector de la UTE (1953-1957) fue contempor\u00e1neo a la elecci\u00f3n presidencial de Carlos Ib\u00e1\u00f1ez del Campo (1952-1958) quien inici\u00f3 varias reformas en el plano socio-econ\u00f3mico, como la creaci\u00f3n del Banco del Estado -que reuni\u00f3 a la Caja de Ahorros, la Caja de Cr\u00e9dito Hipotecario, la Caja de Cr\u00e9dito Agrario y el Instituto de Cr\u00e9dito Industrial- con el fin de apoyar a instituciones estatales como la Empresa Nacional del Petr\u00f3leo, la Compa\u00f1\u00eda de Acero del Pac\u00edfico, la Industria Azucarera Nacional y la Empresa Nacional de Electricidad. El desarrollo de la industria nacional requiri\u00f3 entonces de profesionales y t\u00e9cnicos especializados, favoreciendo la consolidaci\u00f3n de la Universidad T\u00e9cnica del Estado.<\/p>\n<p style=\"text-align: justify;\">Para solucionar los problemas de infraestructura educacional que aquejaban a la mayor\u00eda de las instituciones chilenas, el Estado a trav\u00e9s de\u00a0la Reforma Tributaria de 1954, aprob\u00f3 la creaci\u00f3n del Fondo de Construcci\u00f3n e Investigaciones Universitarias, destinando a este fin el medio por ciento de todos los impuestos directos e indirectos de car\u00e1cter fiscal y de los derechos de aduana y de exportaci\u00f3n durante un plazo de 20 a\u00f1os <a href=\"http:\/\/archivopatrimonial.usach.cl\/arquitectura\/wp-content\/uploads\/2016\/08\/02-Fondos-de-construcci\u00f3n-e-investigaci\u00f3n-universitarias-4-de-junio-de-1954.pdf\">(Acta de Consejo Universitario, 4 de junio de 1954)<\/a>. En el proyecto inicial curiosamente no aparec\u00eda la UTE como beneficiaria, raz\u00f3n que amerit\u00f3 la apelaci\u00f3n de las autoridades de la universidad. D\u00edas despu\u00e9s, la C\u00e1mara de Diputados aprob\u00f3 incluir a la UTE entre los beneficiarios del Fondo con un 1\/8 del total, correspondiente a $300.000.000 del proyecto de Reforma Tributaria. La Ley se promulg\u00f3 finalmente el 14 de agosto de 1954, entrando en funcionamiento el 1\u00b0 de enero de 1956.<\/p>\n<p style=\"text-align: justify;\">A pesar de lo anterior, debido a los altos costos que significaba mantener una instituci\u00f3n t\u00e9cnica, el dinero del Fondo resultaba a\u00fan insuficiente, por lo que el Ministro de Educaci\u00f3n le plante\u00f3 a Seguel la posibilidad de obtener financiamiento a trav\u00e9s de: 1) las empresas industriales (aporte del 10% de los sindicatos y 20% de los patrones, correspondiente a $25 millones de pesos anuales); 2) 5% del 15% que la Ley 10.255 estipulaba como tributaci\u00f3n de la industria del cobre (correspondiente a $25 millones de pesos anuales); y 3) Aportes de personas que resid\u00edan en el extranjero y que recib\u00edan utilidades de la industria y miner\u00eda el cual correspond\u00eda al 1% de las ganancias.<\/p>\n<p style=\"text-align: justify;\">El 5 de mayo 1955 a trav\u00e9s de la Ley N\u00b011.828 del Nuevo Trato al Cobre, el Gobierno de Ib\u00e1\u00f1ez regulariz\u00f3 la situaci\u00f3n tributaria y de fiscalizaci\u00f3n de explotaci\u00f3n del cobre, hito que marc\u00f3 el inicio de lo que m\u00e1s tarde se profundizar\u00eda con la chilenizaci\u00f3n (1966) y nacionalizaci\u00f3n (1971) del mineral. El Art\u00edculo 27\u00b0 de la nueva ley indicaba que del 10% del ingreso obtenido por la explotaci\u00f3n del mineral, un 5% se destinar\u00eda a la UTE, la cual pod\u00eda efectuar giros que correspondiesen \u00a0a inversiones en construcci\u00f3n, como por ejemplo, habilitar y ampliar estaciones experimentales, plantas, laboratorios e institutos tecnol\u00f3gicos. Con esta ley se pudieron realizar trabajos menores de construcci\u00f3n tales como la finalizaci\u00f3n del taller de la Escuela de Minas de Copiap\u00f3 (A.C.U 204, 1958) y la adquisici\u00f3n de maquinarias para esa escuela y la EAO (A.C.U 205, 1958)<\/p>\n<p style=\"text-align: justify;\">Durante los meses posteriores el Consejo Universitario discuti\u00f3 la redistribuci\u00f3n del presupuesto, concret\u00e1ndose, por ejemplo, la compra del inmueble ubicado en Alameda Bernardo O\u2019Higgins N\u00b01611 y que hasta entonces estaba siendo ocupado por la Casa Central. Por otro lado, la construcci\u00f3n del compejo habitacional Portales (1954-1966) y la desocupaci\u00f3n de los terrenos ocupados por la Escuela Pr\u00e1ctica de Agricultura de la Universidad de Chile y Laboratorio Chile, abrieron la posibilidad de proyectar la construcci\u00f3n de un barrio o \u00e1rea universitaria junto a la Escuela de Artes y Oficios. Las autoridades de la UTE se reunieron con el Vicepresidente Ejecutivo de la Caja de Empleados Particulares por la posibilidad de permutar el terreno en que estaba ubicado el Estadio de la EAO, frente Avenida Ecuador, por terrenos ubicados dentro de la Quinta Normal.\u00a0La construcci\u00f3n de un barrio universitario no s\u00f3lo ser\u00eda favorable para agrupar en un mismo espacio todos los departamentos de la universidad, sino que tambi\u00e9n para valorizar el sector de Estaci\u00f3n Central ya no desde una esfera comercial, sino que tambi\u00e9n como un destino educacional antes de transformarse en una comuna aut\u00f3noma de Santiago.<\/p>\n<p style=\"text-align: justify;\">Luego de un a\u00f1o de discusi\u00f3n del proyecto, finalmente se concreta en 1957 bajo la idea de Seguel de construir pabellones desarmables de material ligero, hormig\u00f3n armado y estructuras met\u00e1licas. En octubre de ese a\u00f1o, el proyecto arquitect\u00f3nico es adjudicado a la oficina de Carlos Bresciani, H\u00e9ctor Vald\u00e9s, Fernando Castillo y Carlos Garc\u00eda Huidobro (BVCH), mientras que el contrato y proyecto definitivo es aprobado en agosto de 1958, iniciando la construcci\u00f3n un a\u00f1o despu\u00e9s.<\/p>\n<p style=\"text-align: justify;\">La inauguraci\u00f3n del complejo se realiza finalmente el 28 de marzo de 1961, contando con la presencia del Presidente de la Rep\u00fablica Jorge Alessandri y diversas autoridades del sector p\u00fablico y educacional. A pesar de la inauguraci\u00f3n, las obras contin\u00faan hasta un par de a\u00f1os despu\u00e9s con la construcci\u00f3n de la Escuela de Ingenieros Industriales (actual Facultad de Ingenier\u00eda) y las dependencias de Qu\u00edmica y Biolog\u00eda.<\/p>\n<p style=\"text-align: justify;\">\n","protected":false},"excerpt":{"rendered":"<p>La Universidad T\u00e9cnica del Estado fue una instituci\u00f3n superior que destac\u00f3 en el proyecto educacional industrial chileno desde la d\u00e9cada de 1950 hasta 1981. Con 9 sedes y 24 Institutos Tecnol\u00f3gicos a lo largo del pa\u00eds, durante veintinueve a\u00f1os form\u00f3 profesionales desde la antigua tradici\u00f3n de la Escuela de Artes y Oficios, dejando una huella [&hellip;]<\/p>\n","protected":false},"author":1,"featured_media":0,"parent":0,"menu_order":0,"comment_status":"closed","ping_status":"closed","template":"","meta":{"_exactmetrics_skip_tracking":false,"_exactmetrics_sitenote_active":false,"_exactmetrics_sitenote_note":"","_exactmetrics_sitenote_category":0,"footnotes":""},"class_list":["post-24","page","type-page","status-publish","hentry"],"_links":{"self":[{"href":"https:\/\/archivopatrimonial.usach.cl\/arquitectura\/index.php?rest_route=\/wp\/v2\/pages\/24"}],"collection":[{"href":"https:\/\/archivopatrimonial.usach.cl\/arquitectura\/index.php?rest_route=\/wp\/v2\/pages"}],"about":[{"href":"https:\/\/archivopatrimonial.usach.cl\/arquitectura\/index.php?rest_route=\/wp\/v2\/types\/page"}],"author":[{"embeddable":true,"href":"https:\/\/archivopatrimonial.usach.cl\/arquitectura\/index.php?rest_route=\/wp\/v2\/users\/1"}],"replies":[{"embeddable":true,"href":"https:\/\/archivopatrimonial.usach.cl\/arquitectura\/index.php?rest_route=%2Fwp%2Fv2%2Fcomments&post=24"}],"version-history":[{"count":33,"href":"https:\/\/archivopatrimonial.usach.cl\/arquitectura\/index.php?rest_route=\/wp\/v2\/pages\/24\/revisions"}],"predecessor-version":[{"id":1379,"href":"https:\/\/archivopatrimonial.usach.cl\/arquitectura\/index.php?rest_route=\/wp\/v2\/pages\/24\/revisions\/1379"}],"wp:attachment":[{"href":"https:\/\/archivopatrimonial.usach.cl\/arquitectura\/index.php?rest_route=%2Fwp%2Fv2%2Fmedia&parent=24"}],"curies":[{"name":"wp","href":"https:\/\/api.w.org\/{rel}","templated":true}]}}