{"id":6,"date":"2015-06-21T16:54:16","date_gmt":"2015-06-21T16:54:16","guid":{"rendered":"http:\/\/archivopatrimonial.usach.cl\/arquitectura\/?page_id=6"},"modified":"2016-12-01T16:43:17","modified_gmt":"2016-12-01T19:43:17","slug":"historia","status":"publish","type":"page","link":"https:\/\/archivopatrimonial.usach.cl\/arquitectura\/?page_id=6","title":{"rendered":"Personajes Asociados"},"content":{"rendered":"<p><strong>Jos\u00e9 Miguel Seguel Carrillo<\/strong><\/p>\n<div id=\"attachment_613\" style=\"width: 238px\" class=\"wp-caption alignleft\"><a href=\"http:\/\/archivopatrimonial.usach.cl\/arquitectura\/wp-content\/uploads\/2016\/09\/FB-000325.jpg\"><img loading=\"lazy\" decoding=\"async\" aria-describedby=\"caption-attachment-613\" class=\"wp-image-613 size-medium\" src=\"http:\/\/archivopatrimonial.usach.cl\/arquitectura\/wp-content\/uploads\/2016\/09\/FB-000325-228x300.jpg\" alt=\"Esta imagen es resguardada por el Archivo de Documentacion Grafica y Audiovisual (DGA) de la Universidad de Santiago de Chile. Cualquier consulta acerca de las condiciones de uso y de propiedad, comunicarse a archivodga@usach.cl\" width=\"228\" height=\"300\" srcset=\"https:\/\/archivopatrimonial.usach.cl\/arquitectura\/wp-content\/uploads\/2016\/09\/FB-000325-228x300.jpg 228w, https:\/\/archivopatrimonial.usach.cl\/arquitectura\/wp-content\/uploads\/2016\/09\/FB-000325-780x1024.jpg 780w, https:\/\/archivopatrimonial.usach.cl\/arquitectura\/wp-content\/uploads\/2016\/09\/FB-000325-1200x1576.jpg 1200w, https:\/\/archivopatrimonial.usach.cl\/arquitectura\/wp-content\/uploads\/2016\/09\/FB-000325.jpg 1523w\" sizes=\"(max-width: 228px) 100vw, 228px\" \/><\/a><p id=\"caption-attachment-613\" class=\"wp-caption-text\">Retrato Jos\u00e9 Miguel Seguel Carrillo, rector de la Universidad T\u00e9cnica del Estado entre \u00a01953 y 1957<\/p><\/div>\n<p style=\"text-align: justify;\">Jos\u00e9 Miguel Seguel naci\u00f3 en la Provincia de Talca y estudi\u00f3 en el Liceo de hombres de Cauquenes. En 1927 ingres\u00f3 a la Escuela de Artes y Oficios titul\u00e1ndose de t\u00e9cnico electricista para luego incorporarse a la Direcci\u00f3n General de Servicios El\u00e9ctricos como Inspector T\u00e9cnico. Posteriormente, se gradu\u00f3 de Derecho en la Universidad de Chile con su memoria \u201cLa industria el\u00e9ctrica ante la legislaci\u00f3n chilena\u201d.<\/p>\n<p style=\"text-align: justify;\">Luego de la designaci\u00f3n de Octavio Lazo en junio de 1952 como primer Rector de la reci\u00e9n formada Universidad T\u00e9cnica del Estado, Jos\u00e9 Miguel Seguel es elegido en ese cargo en 1953 por el Consejo Universitario durante cuatro a\u00f1os. Al momento de ser nombrado Rector, Seguel se desempe\u00f1aba como ingeniero de ENDESA, profesor de Electrot\u00e9cnica y Administraci\u00f3n Industrial en la EAO y representaba a la OTECH en el Consejo de la Universidad. Durante su rectorado, se impulsaron distintas medidas de reestructuraci\u00f3n universitaria, tales como planes de estudio, desarrollo y apoyo a la investigaci\u00f3n, perfeccionamiento del profesorado t\u00e9cnico-profesional, capacitaci\u00f3n del personal de la industria y la internacionalizaci\u00f3n de la instituci\u00f3n. Adem\u00e1s bajo su mandato, se concibe la creaci\u00f3n de la Unidad Universitaria, proyecto que durante estos a\u00f1os estuvo enfocado en la b\u00fasqueda de presupuesto p\u00fablico.<\/p>\n<p>&nbsp;<\/p>\n<p><strong>Santiago Labarca Labarca<\/strong><\/p>\n<div id=\"attachment_615\" style=\"width: 239px\" class=\"wp-caption alignright\"><a href=\"http:\/\/archivopatrimonial.usach.cl\/arquitectura\/wp-content\/uploads\/2016\/09\/FB-000085.jpg\"><img loading=\"lazy\" decoding=\"async\" aria-describedby=\"caption-attachment-615\" class=\"wp-image-615 size-medium\" src=\"http:\/\/archivopatrimonial.usach.cl\/arquitectura\/wp-content\/uploads\/2016\/09\/FB-000085-229x300.jpg\" alt=\"Esta imagen es resguardada por el Archivo de Documentacion Grafica y Audiovisual (DGA) de la Universidad de Santiago de Chile. Cualquier consulta acerca de las condiciones de uso y de propiedad, comunicarse a archivodga@usach.cl\" width=\"229\" height=\"300\" srcset=\"https:\/\/archivopatrimonial.usach.cl\/arquitectura\/wp-content\/uploads\/2016\/09\/FB-000085-229x300.jpg 229w, https:\/\/archivopatrimonial.usach.cl\/arquitectura\/wp-content\/uploads\/2016\/09\/FB-000085-781x1024.jpg 781w, https:\/\/archivopatrimonial.usach.cl\/arquitectura\/wp-content\/uploads\/2016\/09\/FB-000085-1200x1574.jpg 1200w, https:\/\/archivopatrimonial.usach.cl\/arquitectura\/wp-content\/uploads\/2016\/09\/FB-000085.jpg 1525w\" sizes=\"(max-width: 229px) 100vw, 229px\" \/><\/a><p id=\"caption-attachment-615\" class=\"wp-caption-text\">Santiago Labarca Labarca, rector de la Universidad T\u00e9cnica del Estado entre 1957 y 1959<\/p><\/div>\n<p style=\"text-align: justify;\">Oriundo de Chill\u00e1n, Santiago Labarca se titul\u00f3 de ingeniero civil en 1917 con el proyecto \u201cSobre resistencia de materiales, hidr\u00e1ulica y ferrocarriles\u201d. Durante su per\u00edodo de\u00a0estudiante, fue presidente del centro de alumnos de ingenier\u00eda y posteriormente presidente de la FECh. Militante del Partido Radical, fue tambi\u00e9n presidente del Centro de Propaganda y del partido.\u00a0En 1920 es aprisionado por subversivo pasando varios meses recluido. A su salida, fue elegido diputado por Santiago (1921-1924) lo que lo llev\u00f3 a incorporarse en la Comisi\u00f3n Permanente de Relaciones Exteriores y Colonizaci\u00f3n, en la Comisi\u00f3n de Instrucci\u00f3n P\u00fablica, en la de Obras Civiles y en la de Legislaci\u00f3n Social. Fue reelecto en el per\u00edodo 1924-1927, sin embargo el 11 de septiembre de 1924 el Congreso fue disuelto por Decreto de la reciente Junta de Gobierno presidida por Luis Altamirano. En 1926 es elegido nuevamente diputado por la circunscripci\u00f3n \u201cLa Victoria, Melipilla y San Antonio\u201d, en 1931 es nombrado ministro de Educaci\u00f3n P\u00fablica y en 1944 ministro de Hacienda.<\/p>\n<p style=\"text-align: justify;\">Santiago Labarca lleg\u00f3 a la rector\u00eda de la Universidad T\u00e9cnica del Estado en 1957, cargo que sirvi\u00f3 hasta 1959. Durante su rectorado se iniciaron las obras de construcci\u00f3n de la Unidad Universitaria a cargo de la oficina BVCH.<\/p>\n<p>&nbsp;<\/p>\n<p><strong>Horacio Aravena Andaur<\/strong><\/p>\n<div id=\"attachment_619\" style=\"width: 310px\" class=\"wp-caption alignleft\"><a href=\"http:\/\/archivopatrimonial.usach.cl\/arquitectura\/wp-content\/uploads\/2016\/09\/NA-002564-2386.jpg\"><img loading=\"lazy\" decoding=\"async\" aria-describedby=\"caption-attachment-619\" class=\"wp-image-619 size-medium\" src=\"http:\/\/archivopatrimonial.usach.cl\/arquitectura\/wp-content\/uploads\/2016\/09\/NA-002564-2386-e1473261096792-300x278.jpg\" alt=\"Esta imagen es resguardada por el Archivo Patrimonial de la Universidad de Santiago de Chile. Cualquier consulta acerca de las condiciones de uso y de propiedad, comunicarse a archivopatrimonial@usach.cl\" width=\"300\" height=\"278\" srcset=\"https:\/\/archivopatrimonial.usach.cl\/arquitectura\/wp-content\/uploads\/2016\/09\/NA-002564-2386-e1473261096792-300x278.jpg 300w, https:\/\/archivopatrimonial.usach.cl\/arquitectura\/wp-content\/uploads\/2016\/09\/NA-002564-2386-e1473261096792-1024x947.jpg 1024w, https:\/\/archivopatrimonial.usach.cl\/arquitectura\/wp-content\/uploads\/2016\/09\/NA-002564-2386-e1473261096792-1200x1110.jpg 1200w, https:\/\/archivopatrimonial.usach.cl\/arquitectura\/wp-content\/uploads\/2016\/09\/NA-002564-2386-e1473261096792.jpg 1400w\" sizes=\"(max-width: 300px) 100vw, 300px\" \/><\/a><p id=\"caption-attachment-619\" class=\"wp-caption-text\">Horacio Aravena Andaur, rector de la Universidad T\u00e9cnica del Estado entre 1959 a 1968.<\/p><\/div>\n<p style=\"text-align: justify;\">Naci\u00f3 en la Provincia del Maule en el departamento de Cauquenes en el a\u00f1o 1900. Realiz\u00f3 sus estudios en el Liceo de Cauquenes y luego en la Escuela de Qu\u00edmica y Farmacia y en el Instituto Pedag\u00f3gico de la Universidad de Chile donde se titul\u00f3 de farmac\u00e9utico (1922) y profesor (1924). Con una larga trayectoria de docencia, Horario Aravena se desempe\u00f1\u00f3 como profesor de Qu\u00edmica de la Escuela de Ingenieros Industriales. En la UTE, ejerci\u00f3 la presidencia del Consejo Docente de Matem\u00e1ticas, F\u00edsica y Qu\u00edmica y m\u00e1s tarde ocup\u00f3 el cargo de Secretario General. Finalmente fue elegido rector en 1959 y luego por un nuevo per\u00edodo hasta 1968, a\u00f1o en que asumi\u00f3 el rector Enrique Kirberg en plena Reforma Universitaria. Durante su rectorado se realizaron los trabajos finales de la construcci\u00f3n de la Unidad Universitaria.<\/p>\n<p>&nbsp;<\/p>\n<p>&nbsp;<\/p>\n<p style=\"text-align: left;\"><strong>Oficina BVCH<\/strong><\/p>\n<p><a href=\"http:\/\/archivopatrimonial.usach.cl\/arquitectura\/wp-content\/uploads\/2016\/11\/NA-002331-2143.jpg\"><img loading=\"lazy\" decoding=\"async\" class=\"alignright wp-image-1047 size-medium\" src=\"http:\/\/archivopatrimonial.usach.cl\/arquitectura\/wp-content\/uploads\/2016\/11\/NA-002331-2143-296x300.jpg\" alt=\"Esta imagen es resguardada por el Archivo Patrimonial de la Universidad de Santiago de Chile. Cualquier consulta acerca de las condiciones de uso y de propiedad, comunicarse a archivopatrimonial@usach.cl\" width=\"296\" height=\"300\" srcset=\"https:\/\/archivopatrimonial.usach.cl\/arquitectura\/wp-content\/uploads\/2016\/11\/NA-002331-2143-296x300.jpg 296w, https:\/\/archivopatrimonial.usach.cl\/arquitectura\/wp-content\/uploads\/2016\/11\/NA-002331-2143-1011x1024.jpg 1011w, https:\/\/archivopatrimonial.usach.cl\/arquitectura\/wp-content\/uploads\/2016\/11\/NA-002331-2143-1200x1215.jpg 1200w, https:\/\/archivopatrimonial.usach.cl\/arquitectura\/wp-content\/uploads\/2016\/11\/NA-002331-2143.jpg 1975w\" sizes=\"(max-width: 296px) 100vw, 296px\" \/><\/a><\/p>\n<p style=\"text-align: justify;\">Oficina de arquitectos integrada por Carlos Bresciani Bagattini, H\u00e9ctor Vald\u00e9s Phillips, Fernando Castillo Velasco y Carlos Garc\u00eda Huidobro y que tuvo una notable actividad y contribuci\u00f3n a la arquitectura moderna chilena durante las d\u00e9cadas de 1950 y 1960.<br \/>\nLa firma se fund\u00f3 en los a\u00f1os 40\u2019 con Castillo y Huidobro a la cabeza. Posteriormente se integra H\u00e9ctor Vald\u00e9s quien hab\u00eda sido compa\u00f1ero de escuela de Castillo y Huidobro en la Pontificia Universidad Cat\u00f3lica de Chile. El primer gran encargo fue una piscina y club en Rocas de Santo Domingo (1945).En las primeras d\u00e9cadas, la oficina VCH adquiri\u00f3 prestigio en el \u00e1rea de viviendas unifamiliares, con construcciones emblem\u00e1ticas como Casa Ravera (1953), casa para Santiago (1955) y Orlando Mingo (1957), Casa Santos (1959) o Casa P\u00e9rez Donoso (1961). En este mismo per\u00edodo se integra Carlos Bresciani en una asociaci\u00f3n temporal para abordar proyectos asociados principalmente a la frontera de Arica: Poblaci\u00f3n Chinchorro (1955), Poblaci\u00f3n Estadio (1956) y el Casino (1960), adem\u00e1s del Estadio de Arico el cual ser\u00eda sede nacional del Mundial de F\u00fatbol de 1962. Tambi\u00e9n se incorpora a los proyectos del Conjunto Matta Viel (1954-1955), la Unidad Vecinal Portales (1954-1964) y la Unidad Universitaria de la UTE (1957-1962), lo que lo consolida dentro de la oficina convirti\u00e9ndose definitivamente en BVCH.<br \/>\nA partir de 1964, la oficina comenz\u00f3 a disolverse primero con la salida de Vald\u00e9s, luego con la salida de Castillo y finalmente con la muerte de Bresciani en 1969. Los \u00faltimos grandes proyectos de la firma BVCH son la construcci\u00f3n de las Torres de Tajamar (1962-1966) y la remodelaci\u00f3n del San Borja (1967-1970)<\/p>\n<p>&nbsp;<\/p>\n<p style=\"text-align: left;\"><strong>Carlos Bresciani Bagattini<\/strong><\/p>\n<p style=\"text-align: justify;\">Uruguayo, naci\u00f3 en\u00a0 Mil\u00e1n, sin embargo lleg\u00f3 muy peque\u00f1o a Chile junto a su familia. En 1928 ingres\u00f3 a la Escuela de Arquitectura de la Pontificia Universidad Cat\u00f3lica de Chile, egres\u00f3 en 1933 y tras ejercer docencia en esa casa de estudios, obtuvo el t\u00edtulo de arquitecto en 1946. A mediados de la d\u00e9cada de 1950 se integr\u00f3 a la oficina VCH para trabajar en conjunto con los arquitectos en distintos proyectos principalmente habitacionales. En 1952 es nombrado Decano de la Facultad de Arquitectura de la PUC, cargo que ocup\u00f3 hasta su muerte en 1969. Un a\u00f1o despu\u00e9s obtiene de manera p\u00f3stuma el Premio Nacional de Arquitectura.<\/p>\n<p>&nbsp;<\/p>\n<p style=\"text-align: left;\"><strong>H\u00e9ctor Vald\u00e9s Phillips<\/strong><\/p>\n<p style=\"text-align: justify;\">Ingres\u00f3 a la Escuela de Arquitectura de la Pontificia Universidad Cat\u00f3lica de Chile en 1936. Posteriormente se integr\u00f3 en la d\u00e9cada de 1940 a la reci\u00e9n creada oficina de Fernando Castillo y Carlos Garc\u00eda Huidobro. Por su militancia en el Partido Dem\u00f3crata Cristiano, en 1964 se aleja de la oficina para trabajar en la Sociedad Constructora de Establecimientos Educacionales y luego como vicepresidente de la Corporaci\u00f3n de la Vivienda del gobierno de Eduardo Frei Montalva. Obtuvo el Premio nacional de arquitectura en 1979.<\/p>\n<p>&nbsp;<\/p>\n<p style=\"text-align: left;\"><strong>Fernando Castillo<\/strong><\/p>\n<p style=\"text-align: justify;\">Fundador junto a Carlos Garc\u00eda Huidobro de la oficina de arquitectos durante la d\u00e9cada de 1940. Fernando Castillo nace en Santiago en 1918. Ingres\u00f3 a la Escuela de Arquitectura de la Pontificia Universidad Cat\u00f3lica de Chile en 1937, misma generaci\u00f3n de Carlos Garc\u00eda Huidobro. Adem\u00e1s de su notable carrera como arquitecto, tuvo una importante contribuci\u00f3n en pol\u00edtica cercano a la Democracia Cristiana, siendo alcalde de La Reina en 4 per\u00edodos: de 1965-1968, 1992-1993, 1996-2000 y 2000-2004, adem\u00e1s de un breve paso por la Intendencia de Santiago en 1994.<br \/>\nEn 1967, pleno movimiento reformista, \u00a0lo designan rector ad interinum de la PUC bajo las presiones de acad\u00e9micos y estudiantes que exig\u00edan la renuncia del rector monse\u00f1or Alfredo Silva Santiago. Por esta raz\u00f3n, abandona la oficina de arquitectos. Una de las principales obras durante su rector\u00eda es la creaci\u00f3n en 1968 del Departamento Universitario Obrero Cristiano UC (DUOC-UC).<br \/>\nObtiene el Premio Nacional de arquitectura en 1983.<\/p>\n<p>&nbsp;<\/p>\n<p style=\"text-align: left;\"><strong>Carlos Garc\u00eda Huidobro<\/strong><\/p>\n<p style=\"text-align: justify;\">Fundador junto a Fernando Castillo de la oficina de arquitectos durante la d\u00e9cada de 1940.<\/p>\n","protected":false},"excerpt":{"rendered":"<p>Jos\u00e9 Miguel Seguel Carrillo Jos\u00e9 Miguel Seguel naci\u00f3 en la Provincia de Talca y estudi\u00f3 en el Liceo de hombres de Cauquenes. En 1927 ingres\u00f3 a la Escuela de Artes y Oficios titul\u00e1ndose de t\u00e9cnico electricista para luego incorporarse a la Direcci\u00f3n General de Servicios El\u00e9ctricos como Inspector T\u00e9cnico. Posteriormente, se gradu\u00f3 de Derecho en [&hellip;]<\/p>\n","protected":false},"author":1,"featured_media":0,"parent":0,"menu_order":0,"comment_status":"closed","ping_status":"closed","template":"","meta":{"_exactmetrics_skip_tracking":false,"_exactmetrics_sitenote_active":false,"_exactmetrics_sitenote_note":"","_exactmetrics_sitenote_category":0,"footnotes":""},"class_list":["post-6","page","type-page","status-publish","hentry"],"_links":{"self":[{"href":"https:\/\/archivopatrimonial.usach.cl\/arquitectura\/index.php?rest_route=\/wp\/v2\/pages\/6"}],"collection":[{"href":"https:\/\/archivopatrimonial.usach.cl\/arquitectura\/index.php?rest_route=\/wp\/v2\/pages"}],"about":[{"href":"https:\/\/archivopatrimonial.usach.cl\/arquitectura\/index.php?rest_route=\/wp\/v2\/types\/page"}],"author":[{"embeddable":true,"href":"https:\/\/archivopatrimonial.usach.cl\/arquitectura\/index.php?rest_route=\/wp\/v2\/users\/1"}],"replies":[{"embeddable":true,"href":"https:\/\/archivopatrimonial.usach.cl\/arquitectura\/index.php?rest_route=%2Fwp%2Fv2%2Fcomments&post=6"}],"version-history":[{"count":17,"href":"https:\/\/archivopatrimonial.usach.cl\/arquitectura\/index.php?rest_route=\/wp\/v2\/pages\/6\/revisions"}],"predecessor-version":[{"id":1293,"href":"https:\/\/archivopatrimonial.usach.cl\/arquitectura\/index.php?rest_route=\/wp\/v2\/pages\/6\/revisions\/1293"}],"wp:attachment":[{"href":"https:\/\/archivopatrimonial.usach.cl\/arquitectura\/index.php?rest_route=%2Fwp%2Fv2%2Fmedia&parent=6"}],"curies":[{"name":"wp","href":"https:\/\/api.w.org\/{rel}","templated":true}]}}