{"id":16,"date":"2015-06-21T12:59:47","date_gmt":"2015-06-21T16:59:47","guid":{"rendered":"http:\/\/archivopatrimonial.usach.cl\/cineytv\/?page_id=16"},"modified":"2018-11-13T09:46:43","modified_gmt":"2018-11-13T12:46:43","slug":"cronologia","status":"publish","type":"page","link":"https:\/\/archivopatrimonial.usach.cl\/cineytv\/?page_id=16","title":{"rendered":"Cronolog\u00eda"},"content":{"rendered":"<h2 style=\"text-align: justify;\"><strong>1969<\/strong><\/h2>\n<p style=\"text-align: justify;\">Creaci\u00f3n \u00c1rea de Extensi\u00f3n de la UTE.<\/p>\n<p style=\"text-align: justify;\">Reorganizaci\u00f3n de la Cineteca UTE<\/p>\n<h2 style=\"text-align: justify;\"><strong>1971<\/strong><\/h2>\n<p style=\"text-align: justify;\">Creaci\u00f3n\u00a0de la secci\u00f3n de Cine y TV, dependiente de la Secretar\u00eda Nacional de Extensi\u00f3n y Comunicaciones.<\/p>\n<p style=\"text-align: justify;\">El 3 de septiembre fue estrenado el documental <em>El sueldo de Chile<\/em>, dirigido por Fernando Balmaceda.<\/p>\n<h2 style=\"text-align: justify;\"><strong>1972<\/strong><\/h2>\n<p style=\"text-align: justify;\">Estreno del documental <em>Compromiso con Chile<\/em>, dirigido por Fernando Balmaceda.<\/p>\n<p style=\"text-align: justify;\">Estreno del documental <em>Hombres de Hierro<\/em>, dirigido por Jos\u00e9 Rom\u00e1n.<\/p>\n<p style=\"text-align: justify;\">Estreno del cortometraje animado <em>Pulpomomios a la chilena<\/em>, dirigido por Antonio Ottone con dibujos de Oski.<\/p>\n<h2 style=\"text-align: justify;\"><strong>1974<\/strong><\/h2>\n<p style=\"text-align: justify;\">Antonio Freire asume la direcci\u00f3n de Cine y TV UTE. Permanece en el cargo hasta 1975.<\/p>\n<h2 style=\"text-align: justify;\"><strong>1975<\/strong><\/h2>\n<p style=\"text-align: justify;\">Se filma el documental \u201cVisita presidencial\u201d que registra la visita de Augusto Pinochet a la UTE.<\/p>\n<p style=\"text-align: justify;\">Se estrena el documental \u201cMarihuana\u201d, producci\u00f3n hecha en colaboraci\u00f3n con la Embajada de Estados Unidos.<\/p>\n<h2 style=\"text-align: justify;\"><strong>1978<\/strong><\/h2>\n<p style=\"text-align: justify;\">Las autoridades designadas de la universidad deciden el cierre del departamento. Se mantiene la Cineteca UTE a cargo de Ignacio Aliaga hasta 1981.<\/p>\n","protected":false},"excerpt":{"rendered":"<p>1969 Creaci\u00f3n \u00c1rea de Extensi\u00f3n de la UTE. Reorganizaci\u00f3n de la Cineteca UTE 1971 Creaci\u00f3n\u00a0de la secci\u00f3n de Cine y TV, dependiente de la Secretar\u00eda Nacional de Extensi\u00f3n y Comunicaciones. El 3 de septiembre fue estrenado el documental El sueldo de Chile, dirigido por Fernando Balmaceda. 1972 Estreno del documental Compromiso con Chile, dirigido por [&hellip;]<\/p>\n","protected":false},"author":1,"featured_media":0,"parent":0,"menu_order":0,"comment_status":"closed","ping_status":"closed","template":"","meta":{"footnotes":""},"class_list":["post-16","page","type-page","status-publish","hentry"],"_links":{"self":[{"href":"https:\/\/archivopatrimonial.usach.cl\/cineytv\/index.php?rest_route=\/wp\/v2\/pages\/16"}],"collection":[{"href":"https:\/\/archivopatrimonial.usach.cl\/cineytv\/index.php?rest_route=\/wp\/v2\/pages"}],"about":[{"href":"https:\/\/archivopatrimonial.usach.cl\/cineytv\/index.php?rest_route=\/wp\/v2\/types\/page"}],"author":[{"embeddable":true,"href":"https:\/\/archivopatrimonial.usach.cl\/cineytv\/index.php?rest_route=\/wp\/v2\/users\/1"}],"replies":[{"embeddable":true,"href":"https:\/\/archivopatrimonial.usach.cl\/cineytv\/index.php?rest_route=%2Fwp%2Fv2%2Fcomments&post=16"}],"version-history":[{"count":7,"href":"https:\/\/archivopatrimonial.usach.cl\/cineytv\/index.php?rest_route=\/wp\/v2\/pages\/16\/revisions"}],"predecessor-version":[{"id":485,"href":"https:\/\/archivopatrimonial.usach.cl\/cineytv\/index.php?rest_route=\/wp\/v2\/pages\/16\/revisions\/485"}],"wp:attachment":[{"href":"https:\/\/archivopatrimonial.usach.cl\/cineytv\/index.php?rest_route=%2Fwp%2Fv2%2Fmedia&parent=16"}],"curies":[{"name":"wp","href":"https:\/\/api.w.org\/{rel}","templated":true}]}}