{"id":4,"date":"2015-06-21T16:53:51","date_gmt":"2015-06-21T16:53:51","guid":{"rendered":"http:\/\/archivopatrimonial.usach.cl\/cineytv\/?page_id=4"},"modified":"2018-11-13T09:45:40","modified_gmt":"2018-11-13T12:45:40","slug":"inicio","status":"publish","type":"page","link":"https:\/\/archivopatrimonial.usach.cl\/cineytv\/","title":{"rendered":"Cine y TV"},"content":{"rendered":"<p><iframe loading=\"lazy\" src=\"https:\/\/www.youtube.com\/embed\/qKdHcI38IoU?autoplay=1;&amp;rel=0;&amp;showinfo=0\" width=\"100%\" height=\"720\" frameborder=\"0\" allowfullscreen=\"allowfullscreen\"><\/iframe><\/p>\n<p style=\"text-align: justify;\">La secci\u00f3n\u00a0de Cine y TV de la Universidad T\u00e9cnica del Estado fue creada en 1971 como parte de la Secretar\u00eda Nacional de Extensi\u00f3n y Comunicaciones, con el objetivo de presentar mediante formato cinematogr\u00e1fico los aspectos m\u00e1s importantes del contexto nacional. Su primer director fue el reconocido documentalista Fernando Balmaceda, quien fue contactado por el rector Enrique Kirberg para que condujera la nueva unidad, que fue integrada por realizadores, productores cinematogr\u00e1ficos, publicistas y dise\u00f1adores, como Rub\u00e9n Soto, Jos\u00e9 Rom\u00e1n, Antonio Ottone, entre otros.<\/p>\n<p style=\"text-align: justify;\">Entre las actividades realizadas por Cine y TV UTE se destacaron la realizaci\u00f3n de documentales, el registro de las actividades universitarias, grabaci\u00f3n de spots publicitarios y c\u00e1psulas para programas de televisi\u00f3n, gesti\u00f3n de la Cineteca, el desarrollo de un proyecto de creaci\u00f3n de una Escuela de Cine y la preparaci\u00f3n de un canal de televisi\u00f3n de la UTE.<\/p>\n<p style=\"text-align: justify;\">Luego del golpe de Estado de 1973, los miembros del departamento fueron despedidos. El nuevo vicerrector de Extensi\u00f3n y Comunicaciones estuvo a cargo de reestructurarlo, asumiendo como director el periodista Antonio Freire. El equipo mantuvo algunas tareas de la etapa previa, como la realizaci\u00f3n de documentales y el registro de actividades y carreras de la universidad. En 1978 las autoridades designadas por la dictadura cerraron la secci\u00f3n de Cine y TV, manteni\u00e9ndose s\u00f3lo la Cineteca UTE dirigida por Ignacio Aliaga hasta 1981.<\/p>\n","protected":false},"excerpt":{"rendered":"<p>La secci\u00f3n\u00a0de Cine y TV de la Universidad T\u00e9cnica del Estado fue creada en 1971 como parte de la Secretar\u00eda Nacional de Extensi\u00f3n y Comunicaciones, con el objetivo de presentar mediante formato cinematogr\u00e1fico los aspectos m\u00e1s importantes del contexto nacional. Su primer director fue el reconocido documentalista Fernando Balmaceda, quien fue contactado por el rector [&hellip;]<\/p>\n","protected":false},"author":1,"featured_media":0,"parent":0,"menu_order":0,"comment_status":"closed","ping_status":"closed","template":"","meta":{"footnotes":""},"class_list":["post-4","page","type-page","status-publish","hentry"],"_links":{"self":[{"href":"https:\/\/archivopatrimonial.usach.cl\/cineytv\/index.php?rest_route=\/wp\/v2\/pages\/4"}],"collection":[{"href":"https:\/\/archivopatrimonial.usach.cl\/cineytv\/index.php?rest_route=\/wp\/v2\/pages"}],"about":[{"href":"https:\/\/archivopatrimonial.usach.cl\/cineytv\/index.php?rest_route=\/wp\/v2\/types\/page"}],"author":[{"embeddable":true,"href":"https:\/\/archivopatrimonial.usach.cl\/cineytv\/index.php?rest_route=\/wp\/v2\/users\/1"}],"replies":[{"embeddable":true,"href":"https:\/\/archivopatrimonial.usach.cl\/cineytv\/index.php?rest_route=%2Fwp%2Fv2%2Fcomments&post=4"}],"version-history":[{"count":18,"href":"https:\/\/archivopatrimonial.usach.cl\/cineytv\/index.php?rest_route=\/wp\/v2\/pages\/4\/revisions"}],"predecessor-version":[{"id":484,"href":"https:\/\/archivopatrimonial.usach.cl\/cineytv\/index.php?rest_route=\/wp\/v2\/pages\/4\/revisions\/484"}],"wp:attachment":[{"href":"https:\/\/archivopatrimonial.usach.cl\/cineytv\/index.php?rest_route=%2Fwp%2Fv2%2Fmedia&parent=4"}],"curies":[{"name":"wp","href":"https:\/\/api.w.org\/{rel}","templated":true}]}}