{"id":6,"date":"2015-06-21T16:54:16","date_gmt":"2015-06-21T16:54:16","guid":{"rendered":"http:\/\/archivopatrimonial.usach.cl\/cineytv\/?page_id=6"},"modified":"2018-05-17T16:22:45","modified_gmt":"2018-05-17T20:22:45","slug":"historia","status":"publish","type":"page","link":"https:\/\/archivopatrimonial.usach.cl\/cineytv\/?page_id=6","title":{"rendered":"Personajes Asociados"},"content":{"rendered":"<p style=\"text-align: justify;\"><strong>Fernando Balmaceda<\/strong><\/p>\n<p style=\"text-align: justify;\">Director, guionista, productor, montajista y director de fotograf\u00eda chileno. Estudi\u00f3 en la Escuela de Bellas Artes de la Universidad de Chile, y luego pintura y escultura en Francia y Estados Unidos.\u00a0 Fund\u00f3 en 1955 la productora Cine Publicitario (CINEP), especializada en la realizaci\u00f3n de spots publicitarios y pel\u00edculas institucionales. En 1971 fue invitado por el rector de la UTE, Enrique Kirberg, a dirigir el Departamento de Cine y TV, debido a su compromiso social, pol\u00edtico y art\u00edstico con las transformaciones que viv\u00eda el pa\u00eds y la universidad. A cargo del departamento dirigi\u00f3 dos documentales: \u201cEl sueldo de Chile\u201d, primera producci\u00f3n del Departamento de Cine y TV estrenada en 1971, que busc\u00f3 mostrar las nuevas pol\u00edticas mineras de la Unidad Popular, y \u201cCompromiso con Chile\u201d, documental de 1972 sobre el compromiso de las sedes de la UTE con las transformaciones que viv\u00eda el pa\u00eds. Balmaceda fue despedido de la UTE luego del golpe de Estado, dedic\u00e1ndose a la realizaci\u00f3n de documentales publicitarios y programas de televisi\u00f3n, a trav\u00e9s de productoras como C\u00e1mara Uno, B&amp;F e \u00cdntegra.<\/p>\n<p style=\"text-align: justify;\"><strong>Jos\u00e9 Rom\u00e1n<\/strong><\/p>\n<p style=\"text-align: justify;\">Director, guionista, director de fotograf\u00eda, montajista y cr\u00edtico chileno. Estudi\u00f3 Teor\u00eda e Historia del Arte en la Universidad de Chile. Se integr\u00f3 al Departamento de Cine y TV de la Universidad T\u00e9cnica del Estado en 1971, donde particip\u00f3 como director y montajista del documental \u201cHombres de Hierro\u201d, film realizado por encargo de la Compa\u00f1\u00eda de Aceros del Pac\u00edfico para mostrar la dimensi\u00f3n social de la nacionalizaci\u00f3n del recurso y el cambio que signific\u00f3 para sus trabajadores. Luego del golpe de Estado fue despedido de la UTE, dedic\u00e1ndose a la realizaci\u00f3n de pel\u00edculas publicitarias, a escribir en revistas como <em>Apsi<\/em> y <em>Enfoque<\/em>, y durante la d\u00e9cada de 1980, a trabajar como guionista en el proyecto de Televisi\u00f3n Educativa, TELEDUC. Adem\u00e1s, comenz\u00f3 una importante carrera como investigador de historia y teor\u00eda del cine, y como docente universitario de asignaturas como gui\u00f3n, lenguaje cinematogr\u00e1fico y cr\u00edtica de cine.<\/p>\n<p style=\"text-align: justify;\"><strong>Rub\u00e9n Soto<\/strong><\/p>\n<p style=\"text-align: justify;\">Director, productor y realizador documentalista. Dirigi\u00f3 el documental \u201cPor la vida\u201d en 1969, que registr\u00f3 la marcha hecha por j\u00f3venes entre Santiago y Valpara\u00edso en protesta a la guerra de Vietnam y al imperialismo. Soto trabaj\u00f3 en la UTE desde 1970, y un a\u00f1o despu\u00e9s se integr\u00f3 al Departamento de Cine y TV. En \u00e9l produjo el documental dirigido por Fernando Balmaceda \u201cEl sueldo de Chile\u201d y realiz\u00f3 el contacto entre en Instituto Ant\u00e1rtico Chileno y la universidad para la realizaci\u00f3n de un documental sobre la Ant\u00e1rtica, que fue filmado, pero no estrenado por el advenimiento del golpe de Estado y la desintegraci\u00f3n del equipo del departamento.<\/p>\n<p style=\"text-align: justify;\"><strong>Antonio Freire<\/strong><\/p>\n<p style=\"text-align: justify;\">Periodista chileno con una larga e importante trayectoria en la historia de la televisi\u00f3n en el pa\u00eds. Particip\u00f3 en la fundaci\u00f3n del canal 9 y en las primeras transmisiones de Televisi\u00f3n Nacional. Dirigi\u00f3 el Departamento de Cine y TV de la UTE entre los a\u00f1os 1974 y 1975, donde dirigi\u00f3 y escribi\u00f3 el gui\u00f3n de los documentales \u201cUn puente invisible\u201d y \u201cPuerto Montt, cuando la realidad es una obra de arte\u201d.<\/p>\n<p style=\"text-align: justify;\"><strong>Ignacio Aliaga<\/strong><\/p>\n<p style=\"text-align: justify;\">Se titul\u00f3 de Director Art\u00edstico con menci\u00f3n en Cine en la Escuela de Artes de la Comunicaci\u00f3n de la Universidad Cat\u00f3lica de Chile. Reci\u00e9n egresado comenz\u00f3 a trabajar en el Departamento de Cine y TV de la UTE, en el a\u00f1o 1974, donde estuvo hasta 1981. Una de sus principales funciones fue encargarse de la Cinemateca de la universidad, la cual lleg\u00f3 a dirigir. Luego de ser despedido por razones pol\u00edticas de la UTE, Aliaga trabaj\u00f3 en el \u00e1rea de extensi\u00f3n de la Universidad Cat\u00f3lica, organizando conferencias, cursos y festivales cinematogr\u00e1ficos a lo largo del pa\u00eds. Como un reconocido promotor de la actividad cinematogr\u00e1fica nacional asumi\u00f3 diversos cargos en organismos dedicados a la difusi\u00f3n de la cultura, transform\u00e1ndose en 2005 en director de la Cineteca Nacional ubicada en el Centro Cultural del Palacio de La Moneda.<\/p>\n","protected":false},"excerpt":{"rendered":"<p>Fernando Balmaceda Director, guionista, productor, montajista y director de fotograf\u00eda chileno. Estudi\u00f3 en la Escuela de Bellas Artes de la Universidad de Chile, y luego pintura y escultura en Francia y Estados Unidos.\u00a0 Fund\u00f3 en 1955 la productora Cine Publicitario (CINEP), especializada en la realizaci\u00f3n de spots publicitarios y pel\u00edculas institucionales. En 1971 fue invitado [&hellip;]<\/p>\n","protected":false},"author":1,"featured_media":0,"parent":0,"menu_order":0,"comment_status":"closed","ping_status":"closed","template":"","meta":{"footnotes":""},"class_list":["post-6","page","type-page","status-publish","hentry"],"_links":{"self":[{"href":"https:\/\/archivopatrimonial.usach.cl\/cineytv\/index.php?rest_route=\/wp\/v2\/pages\/6"}],"collection":[{"href":"https:\/\/archivopatrimonial.usach.cl\/cineytv\/index.php?rest_route=\/wp\/v2\/pages"}],"about":[{"href":"https:\/\/archivopatrimonial.usach.cl\/cineytv\/index.php?rest_route=\/wp\/v2\/types\/page"}],"author":[{"embeddable":true,"href":"https:\/\/archivopatrimonial.usach.cl\/cineytv\/index.php?rest_route=\/wp\/v2\/users\/1"}],"replies":[{"embeddable":true,"href":"https:\/\/archivopatrimonial.usach.cl\/cineytv\/index.php?rest_route=%2Fwp%2Fv2%2Fcomments&post=6"}],"version-history":[{"count":7,"href":"https:\/\/archivopatrimonial.usach.cl\/cineytv\/index.php?rest_route=\/wp\/v2\/pages\/6\/revisions"}],"predecessor-version":[{"id":155,"href":"https:\/\/archivopatrimonial.usach.cl\/cineytv\/index.php?rest_route=\/wp\/v2\/pages\/6\/revisions\/155"}],"wp:attachment":[{"href":"https:\/\/archivopatrimonial.usach.cl\/cineytv\/index.php?rest_route=%2Fwp%2Fv2%2Fmedia&parent=6"}],"curies":[{"name":"wp","href":"https:\/\/api.w.org\/{rel}","templated":true}]}}