{"id":16,"date":"2015-06-21T12:59:47","date_gmt":"2015-06-21T16:59:47","guid":{"rendered":"http:\/\/archivopatrimonial.usach.cl\/deporte\/?page_id=16"},"modified":"2018-12-13T18:02:09","modified_gmt":"2018-12-13T21:02:09","slug":"cronologia","status":"publish","type":"page","link":"https:\/\/archivopatrimonial.usach.cl\/deporte\/?page_id=16","title":{"rendered":"Cronolog\u00eda"},"content":{"rendered":"<h2 style=\"text-align: justify;\">1954<\/h2>\n<p style=\"text-align: justify;\">Se crea\u00a0el Departamento de Bienestar Estudiantil y Deportes. Su primer jefe es Leoncio Veloso, ex profesor de educaci\u00f3n f\u00edsica de la Escuela de Artes y Oficios.<\/p>\n<p style=\"text-align: justify;\">El departamento contemplaba:<\/p>\n<p style=\"text-align: justify;\">1) Organizar olimpiadas bienales o trimestrales inter-escuelas que permitiesen estrechar lazos de amistad y compa\u00f1erismo<br \/>\n2) Organizar torneos zonales. Tanto la reglamentaci\u00f3n de las olimpiadas como de los torneos fueron confeccionadas por Leoncio Veloso<br \/>\n3) Proveer de equipamiento<\/p>\n<p style=\"text-align: justify;\"><strong>13 de diciembre:<\/strong>\u00a0Se constituy\u00f3 con personalidad jur\u00eddica el Club de Deportes UTE.<\/p>\n<h2 style=\"text-align: justify;\">1955<\/h2>\n<p style=\"text-align: justify;\"><strong>Octubre 1955:<\/strong>\u00a0Directorio Club de Deportes.<\/p>\n<p style=\"text-align: justify;\">Presidente: Octavio Lazo Valenzuela<br \/>\nVice-presidente: V\u00edctor Villalobos Corona<br \/>\nSecretario General: Renato Barr\u00eda Villegas<br \/>\nSecretario de actas y correspondencia: Carlos P\u00e9rez Bahamondes<br \/>\nTesorero General: H\u00e9ctor Cabezas Bascu\u00f1\u00e1n<br \/>\nPro-tesorero: Ricardo Ram\u00edrez Monreal<br \/>\nDirectores: representantes OTECH, FEUT y Asociaci\u00f3n de Ingenieros Industriales<\/p>\n<h2 style=\"text-align: justify;\">1956<\/h2>\n<p style=\"text-align: justify;\">Universidad T\u00e9cnica del Estado vs Universidad Cat\u00f3lica:<br \/>\nEn 1956 ocurri\u00f3 un hecho in\u00e9dito en la corta historia del Club de F\u00fatbol de ascenso de la UTE: la disputa de dos partidos contra el plantel profesional de la UC, comandado por el Sergio\u00a0Livingstone y que acababa de descender a segunda divisi\u00f3n el a\u00f1o anterior. El evento tuvo resonancia entre todos los estudiantes de la universidad y de la Escuela de Artes y Oficios, quienes organizaron por primera vez la barra estudiantil. Los a<span class=\"text_exposed_show\">lumnos se inscribieron en grupos para crear\u00a0c\u00e1nticos, gritos, lienzos y banderas alusivas al \u00abprimer cl\u00e1sico universitario del Ascenso\u00bb.\u00a0<\/span><\/p>\n<h2 style=\"text-align: justify;\">1959<\/h2>\n<p style=\"text-align: justify;\"><strong>30 de abril, 1 y 2 de mayo:<\/strong>\u00a04to Congreso de la FEUT, donde se propuso con respecto al deporte en la universidad:<\/p>\n<blockquote><p>\u00ab1) A partir de 1961, al matricularse un alumno pagar\u00e1 una cuota deportiva de E\u00b02 (dos escudos), la que se repartir\u00e1 as\u00ed: en provincias, 60% para el club de la Escuela y el Departamento de Bienestar Estudiantil y 40% para el Club de Deportes UTE. En Santiago, 40% para el departamento de bienestar estudiantil y 60% para el club de deportes.<\/p>\n<p>2) Los alumnos que se matriculen en la Universidad deben actuar de manera obligatoria por los clubes deportivos de sus respectivas escuelas y por el club de deportes de la universidad. En caso especiales comprobados (por recibir ayuda econ\u00f3mica, alimentaci\u00f3n, etc. de otras instituciones) tales circunstancias y antecedentes ser\u00e1n estudiados por una Comisi\u00f3n integrada por el jefe del departamento, por un miembro del club deportivo de la escuela a la que pertenezca tal alumno y por un representante del directorio central del club de deportes, quienes resolver\u00e1n acerca de si los alumnos que se encuentren en esta situaci\u00f3n pueden o no seguir actuando por otra instituci\u00f3n ajena a la universidad. Pero,en caso alguno se permitir\u00e1 que un alumno favorecido con dicho permiso act\u00fae en compromisos oficiales o amistosos en contra de la UTE. Toda infracci\u00f3n a esta norma significar\u00e1 la cancelaci\u00f3n de la matr\u00edcula como alumno;<\/p>\n<p>3) En lo sucesivo, todos los clubes deportivos de las escuelas de provincias que compitan en asociaciones locales antepondr\u00e1n a su nombre actual la frase \u00abClub de Deportes Universidad T\u00e9cnica del Estado\u00bb<\/p><\/blockquote>\n<p style=\"text-align: justify;\">A partir de lo anterior, el Consejo Universitario discute la propuesta en enero de 1961 y acuerda aprobar s\u00f3lo el primer punto.<\/p>\n<p style=\"text-align: justify;\"><a href=\"http:\/\/archivopatrimonial.usach.cl\/deporte\/wp-content\/uploads\/2016\/12\/05-Petici\u00f3n-cuota-Club-de-Deportes-19-de-enero-de-1961-acta-277.pdf\">(Acta del Consejo Universitario 19 de enero de 1961, acta 277)<\/a><\/p>\n<h2 style=\"text-align: justify;\">1961<\/h2>\n<p style=\"text-align: justify;\"><strong>18 de junio:<\/strong>\u00a0Club de deportes inaugura el nuevo estadio de la universidad.<\/p>\n<p style=\"text-align: justify;\"><strong>11 de agosto:<\/strong>\u00a0Con motivo de la elecci\u00f3n de Chile como sede de la Copa Mundial de F\u00fatbol de 1962 y del gasto fiscal en la reconstrucci\u00f3n post terremoto de 1960, \u00a0el gobierno le entrega a las tres universidades santiaguinas (T\u00e9cnica, \u00a0de Chile y Cat\u00f3lica) la responsabilidad\u00a0exclusiva de televisar el evento deportivo. A pesar que la UTE ten\u00eda el canal 7 asignado, no contaba con equipos, por lo que debi\u00f3 gestionar convenios con empresas que pudiesen facilitarlos.<\/p>\n<p style=\"text-align: justify;\">Durante el mes de agosto, la comisi\u00f3n a cargo de los estudios para las transmisiones del mundial se comunica con la firma Gibbs y c\u00eda., representantes de Marconi&#8217;s Wireless Telegraph en Chile, para solicitar un pr\u00e9stamo de equipos de televisi\u00f3n, lo que finalmente no se concreta. A ra\u00edz de esto, se inician conversaciones con la Sociedad Chilena Radiodifusora.<\/p>\n<p style=\"text-align: justify;\"><strong>7 de septiembre:<\/strong>\u00a0Jaime Silva, subsecretario del interior, comunic\u00f3 a Ra\u00fal Aicardi, director del Departamento Audiovisual de la Universidad de Chile, que el Presidente de la Rep\u00fablica hab\u00eda ordenado indicar, a su vez, al presidente del Comit\u00e9 Ejecutivo del Campeonato Mundial de F\u00fatbol, Carlos Dittborn, que el gobierno resolvi\u00f3 no autorizar, dentro del pa\u00eds, la televisi\u00f3n comercial y se solicitaba en cambio la autorizaci\u00f3n correspondiente para que las universidades de chile televisaran el campeonato.<\/p>\n<p style=\"text-align: justify;\"><strong>8 de septiembre:<\/strong>\u00a0Con\u00a0carta dirigida a H\u00e9ctor Calcagni, la Sociedad Chilena Radiodifusora ofreci\u00f3 a la Universidad T\u00e9cnica los equipos que ella hab\u00eda preparado para la eventualidad que se otorgaran concesiones para explotar la televisi\u00f3n comercial. Tambi\u00e9n se ofreci\u00f3 personal profesional y t\u00e9cnico.<\/p>\n<p style=\"text-align: justify;\"><strong>25 de septiembre:<\/strong>\u00a0Se firm\u00f3 un convenio con la Sociedad Chilena Radiodifusora \u00abRadio Miner\u00eda\u00bb, la que entregar\u00eda durante los primeros d\u00edas de 1962, todos los equipos para montar una estaci\u00f3n de televisi\u00f3n. Tambi\u00e9n se dispondr\u00eda de respaldo t\u00e9cnico, cultural-art\u00edstico, etc. Por otro lado, la Universidad de Chile comenzar\u00eda a dictar cursos de cine y televisi\u00f3n para los funcionarios de la UTE, a cargo de Ra\u00fal Aicardi.<\/p>\n<p style=\"text-align: justify;\"><strong>29 de septiembre:<\/strong>\u00a0Bartolom\u00e9 Dezerega, ingeniero del Laboratorio de Electr\u00f3nica y Telecomunicaciones de la Universidad de Chile, envi\u00f3 una carta a Nicol\u00e1s Secul, director general de servicios el\u00e9ctricos, mencionando que \u00abtendiente a confirmar, definitivamente, la tra\u00edda de algunos equipos ser\u00e1n necesarios para la captaci\u00f3n de las im\u00e1genes y su transmisi\u00f3n hacia los estudios del canal 9 (de la Universidad de Chile), se est\u00e1 perfeccionando un contrato de pr\u00e9stamo de equipo entre la Universidad de Chile y Toshiba\u00bb. En la misma nota, Dezerega dice que, incidentalmente, quiere comunicar al Sr. Secul sobre un convenio suscrito entre la Universidad T\u00e9cnica y Radio Sociedad Nacional de Miner\u00eda, por lo cual esta empresa facilitar\u00eda equipos de televisi\u00f3n marca RCA y la universidad har\u00eda menci\u00f3n, en cada programa irradiado, que se trataba de un aporte de esta empresa con el fin de implantar la televisi\u00f3n comercial. Ante esto, el Rector Horacio Aravena niega el compromiso de difundir publicidad comercial en las transmisiones del evento deportivo.<\/p>\n<p style=\"text-align: justify;\"><strong>6 de octubre:<\/strong>\u00a0El ministro y subsecretario del Interior se re\u00fanen con Horacio Aravena y le plantean que por ning\u00fan motivo se permitir\u00e1n transmisiones de televisi\u00f3n en que cupiera alguna participaci\u00f3n a radios nacionales, a lo que el rector le explica a las autoridades el real objetivo del convenio,El ministro propuso una reuni\u00f3n con\u00a0los tres rectores y el director general de servicios el\u00e9ctricos, la que\u00a0se concret\u00f3 el 10 de octubre con presencia de Horacio Aravena, \u00c1lvaro Bunster (Universidad de Chile) y Pedro Caraball (Universidad Cat\u00f3lica). Aravena vuelve a manifestar\u00a0que no hab\u00edan promesas comerciales, sin embargo el ministro del Interior S\u00f3tero del R\u00edo insisti\u00f3 en que no se dar\u00eda ninguna facilidad si aparec\u00eda alguna radio chilena participando con la Universidad, aunque s\u00f3lo fuera para facilitar equipos.<\/p>\n<p style=\"text-align: justify;\"><strong>13 de octubre:<\/strong>\u00a0El Consejo Universitario acuerda continuar con los convenios con Radio Miner\u00eda y protestar contra las difamaciones de Bartolom\u00e9 Dezerega, como tambi\u00e9n contra las diferencias de trato entre la Universidad de Chile y la Universidad T\u00e9cnica del Estado. Lo anterior tiene como consecuencia la no participaci\u00f3n de la UTE de las transmisiones del Mundial.<\/p>\n<h2 style=\"text-align: justify;\">1964<\/h2>\n<p><strong>Mayo:<\/strong>\u00a0Equipo de b\u00e1squetbol de la UTE se coron\u00f3 vice-campe\u00f3n del torneo de tanteo de la Asociaci\u00f3n de Santiago. Jos\u00e9 de La Fuente, jugador y capit\u00e1n del plantel, fue elegido jugador de la temporada.<\/p>\n<h2>1965<\/h2>\n<p><strong>Abril:<\/strong>\u00a0se realiz\u00f3 el Campeonato Nacional de Atletismo en el estadio de la universidad con serios problemas de organizaci\u00f3n. La revista Estadio se refiri\u00f3 a la gesti\u00f3n de universidad como:<\/p>\n<blockquote><p>\u00abLa participaci\u00f3n de los atletas de Universidad T\u00e9cnica con los colores de la Federaci\u00f3n se debi\u00f3 al impasse existente entre la rama de atletismo y el administrador del estadio de ese plantel, que evidentemente no dispensa a los atletas colegiales la atenci\u00f3n que merecen, por lo que los atletas lisa y llanamente han decidido abandonar toda actividad a la espera de una resoluci\u00f3n de la direcci\u00f3n de la universidad\u00bb. Revista Estadio, 15 de abril 1965. A\u00f1o XXIV, N\u00b01142<\/p><\/blockquote>\n<h2 style=\"text-align: justify;\">1967<\/h2>\n<p style=\"text-align: justify;\"><strong>7 de octubre:<\/strong>\u00a0Invitaci\u00f3n a la rama de atletismo del Club de Deportes a los V Juegos Atl\u00e9ticos Internacionales \u00abBar\u00f3n Pierre de Coubertin\u00bb. La UTE fue la \u00fanica representante del pa\u00eds.<\/p>\n<p style=\"text-align: justify;\"><strong>10 de noviembre:<\/strong>\u00a0Rector de la Universidad de Concepci\u00f3n, Ignacio Gonz\u00e1lez, env\u00eda un comunicado a la UTE en que solicita la participaci\u00f3n de la Corporaci\u00f3n ante el Parlamento, con el fin de presentar\u00a0la inconveniencia y consecuencias que tendr\u00eda la aprobaci\u00f3n del proyecto de ley que establece la Polla del Deporte.<\/p>\n<h2 style=\"text-align: justify;\">1969<\/h2>\n<p style=\"text-align: justify;\"><strong>30 de mayo:<\/strong>\u00a01\u00b0 Congreso de la Federaci\u00f3n Universitaria de Deportes.<\/p>\n<h2 style=\"text-align: justify;\">1972<\/h2>\n<p style=\"text-align: justify;\">Se realiz\u00f3 el primer Consultivo Nacional de Deportes de car\u00e1cter triestamental en las sedes de la UTE con el fin de formular una pol\u00edtica que impulsara el deporte masivo en la universidad. Con \u00e9sto, el departamento central de educaci\u00f3n f\u00edsica y deportes se traslad\u00f3 al \u00e1rea acad\u00e9mica como un departamento \u00fanico y aut\u00f3nomo. El consultivo adem\u00e1s, estudi\u00f3 la realidad nacional y la misi\u00f3n de la universidad dentro de ella, llegando a establecer que<\/p>\n<blockquote><p>\u00abnuestro plantel es una universidad para el desarrollo de Chile en los planes econ\u00f3micos, sociales y pol\u00edticos. Dentro de este desarrollo social est\u00e1 comprendido el deporte que debe ser masivo. Por ello se solicitar\u00e1 al Consejo Superior que la base de este deporte masivo sean los cr\u00e9ditos deportivos obligatorios para todos los niveles\u00bb (Revista Presencia UTE, a\u00f1o 1 N\u00b02, p\u00e1gina 7)<\/p><\/blockquote>\n<h2 style=\"text-align: justify;\">1973<\/h2>\n<p style=\"text-align: justify;\">Durante el rectorado de Enrique Kirberg se proyect\u00f3 la construcci\u00f3n de 5 multicanchas, la iluminaci\u00f3n del estadio, construcci\u00f3n de gimnasio y acondicionamiento de la piscina de Artes y Oficios, lo que finalmente se concreta en las d\u00e9cadas siguientes.<\/p>\n","protected":false},"excerpt":{"rendered":"<p>1954 Se crea\u00a0el Departamento de Bienestar Estudiantil y Deportes. Su primer jefe es Leoncio Veloso, ex profesor de educaci\u00f3n f\u00edsica de la Escuela de Artes y Oficios. El departamento contemplaba: 1) Organizar olimpiadas bienales o trimestrales inter-escuelas que permitiesen estrechar lazos de amistad y compa\u00f1erismo 2) Organizar torneos zonales. Tanto la reglamentaci\u00f3n de las olimpiadas [&hellip;]<\/p>\n","protected":false},"author":1,"featured_media":0,"parent":0,"menu_order":0,"comment_status":"closed","ping_status":"closed","template":"","meta":{"_exactmetrics_skip_tracking":false,"_exactmetrics_sitenote_active":false,"_exactmetrics_sitenote_note":"","_exactmetrics_sitenote_category":0,"_monsterinsights_skip_tracking":false,"_monsterinsights_sitenote_active":false,"_monsterinsights_sitenote_note":"","_monsterinsights_sitenote_category":0,"footnotes":""},"class_list":["post-16","page","type-page","status-publish","hentry"],"_links":{"self":[{"href":"https:\/\/archivopatrimonial.usach.cl\/deporte\/index.php?rest_route=\/wp\/v2\/pages\/16"}],"collection":[{"href":"https:\/\/archivopatrimonial.usach.cl\/deporte\/index.php?rest_route=\/wp\/v2\/pages"}],"about":[{"href":"https:\/\/archivopatrimonial.usach.cl\/deporte\/index.php?rest_route=\/wp\/v2\/types\/page"}],"author":[{"embeddable":true,"href":"https:\/\/archivopatrimonial.usach.cl\/deporte\/index.php?rest_route=\/wp\/v2\/users\/1"}],"replies":[{"embeddable":true,"href":"https:\/\/archivopatrimonial.usach.cl\/deporte\/index.php?rest_route=%2Fwp%2Fv2%2Fcomments&post=16"}],"version-history":[{"count":5,"href":"https:\/\/archivopatrimonial.usach.cl\/deporte\/index.php?rest_route=\/wp\/v2\/pages\/16\/revisions"}],"predecessor-version":[{"id":809,"href":"https:\/\/archivopatrimonial.usach.cl\/deporte\/index.php?rest_route=\/wp\/v2\/pages\/16\/revisions\/809"}],"wp:attachment":[{"href":"https:\/\/archivopatrimonial.usach.cl\/deporte\/index.php?rest_route=%2Fwp%2Fv2%2Fmedia&parent=16"}],"curies":[{"name":"wp","href":"https:\/\/api.w.org\/{rel}","templated":true}]}}