{"id":24,"date":"2015-06-21T13:02:03","date_gmt":"2015-06-21T17:02:03","guid":{"rendered":"http:\/\/archivopatrimonial.usach.cl\/deporte\/?page_id=24"},"modified":"2018-12-13T17:23:04","modified_gmt":"2018-12-13T20:23:04","slug":"historia-2","status":"publish","type":"page","link":"https:\/\/archivopatrimonial.usach.cl\/deporte\/?page_id=24","title":{"rendered":"Historia"},"content":{"rendered":"<div id=\"attachment_692\" style=\"width: 310px\" class=\"wp-caption alignleft\"><a href=\"http:\/\/archivopatrimonial.usach.cl\/deporte\/wp-content\/uploads\/2017\/08\/FB-000061.jpg\"><img loading=\"lazy\" decoding=\"async\" aria-describedby=\"caption-attachment-692\" class=\"size-medium wp-image-692\" src=\"http:\/\/archivopatrimonial.usach.cl\/deporte\/wp-content\/uploads\/2017\/08\/FB-000061-300x223.jpg\" alt=\"Esta imagen es resguardada por el Archivo de Documentacion Grafica y Audiovisual (DGA) de la Universidad de Santiago de Chile. Cualquier consulta acerca de las condiciones de uso y de propiedad, comunicarse a archivodga@usach.cl\" width=\"300\" height=\"223\" srcset=\"https:\/\/archivopatrimonial.usach.cl\/deporte\/wp-content\/uploads\/2017\/08\/FB-000061-300x223.jpg 300w, https:\/\/archivopatrimonial.usach.cl\/deporte\/wp-content\/uploads\/2017\/08\/FB-000061-1024x762.jpg 1024w, https:\/\/archivopatrimonial.usach.cl\/deporte\/wp-content\/uploads\/2017\/08\/FB-000061-1200x893.jpg 1200w, https:\/\/archivopatrimonial.usach.cl\/deporte\/wp-content\/uploads\/2017\/08\/FB-000061.jpg 2000w\" sizes=\"(max-width: 300px) 100vw, 300px\" \/><\/a><p id=\"caption-attachment-692\" class=\"wp-caption-text\">Deportistas Escuela de Artes y Oficios<\/p><\/div>\n<p style=\"text-align: justify;\">El peri\u00f3dico \u201cRenacimiento\u201d de la secci\u00f3n de Bienestar de la Escuela de Artes y Oficios, public\u00f3 el 1 de septiembre de 1928 un art\u00edculo referente a los beneficios sociales de practicar alg\u00fan deporte, manifestando:<\/p>\n<blockquote><p>\u201cun team de football, rugby o cualquier otro deporte, en todos los rincones del pa\u00eds, y el problema social est\u00e1 resuelto. \u00a1Distracci\u00f3n sana! \u00a1Sana en lo f\u00edsico, pero tambi\u00e9n sana en lo moral! Distracci\u00f3n, huida de las incitaciones perversas. Higienizaci\u00f3n del alma, queda libre de odios y bajas pasiones\u201d.<\/p><\/blockquote>\n<p style=\"text-align: justify;\">La relevancia de la actividad f\u00edsica desde temprana edad radica tanto por su aporte al bienestar f\u00edsico y emocional, como tambi\u00e9n al proceso de construcci\u00f3n del imaginario nacional desde una perspectiva civilizatoria y moral de los cuerpos. Por esta raz\u00f3n, no es extra\u00f1o que los primeros clubes sociales y deportivos en Chile surgieran al alero de las instituciones educacionales y de n\u00facleos obreros, espacio del cual la Escuela de Artes y Oficios tambi\u00e9n fue part\u00edcipe.<\/p>\n<p style=\"text-align: justify;\">A trav\u00e9s de las diversas ramas del Club Atl\u00e9tico Escuela de Artes y Oficios (f\u00fatbol, tenis, atletismo, excursionismo, ping pong, b\u00e1squetbol y boxeo) la comunidad cosech\u00f3 prestigio deportivo tanto en las ligas escolares como amateurs. Destac\u00f3, por ejemplo, el campeonato de la serie E de la Liga Central de Football de Santiago de 1927 donde el primer equipo de la Escuela fue campe\u00f3n. Esa tradici\u00f3n deportiva la hered\u00f3 la Universidad T\u00e9cnica del Estado, estableciendo solo unos a\u00f1os despu\u00e9s de su fundaci\u00f3n el Departamento de Bienestar Estudiantil y Deportes. Entre las responsabilidades del Departamento se encontraba: 1) organizar olimpiadas bienales o trimestrales inter escuelas; 2) proveer de equipamiento; 3) organizar torneos zonales; y 4) armar un programa interdisciplinario que relacione el fomento al deporte con instancias art\u00edsticas y culturales. Por otro lado, para desarrollar el deporte extra-universitario o profesional, se constituy\u00f3 en 1954 el Club de Deportes UTE.<\/p>\n<p style=\"text-align: justify;\">Los esfuerzos durante los primeros a\u00f1os de funcionamiento del Departamento y Club de Deportes estuvieron enfocados en consolidarse en el circuito competitivo. En b\u00e1squetbol, por ejemplo, alcanzaron r\u00e1pida notoriedad tanto en la Asociaci\u00f3n de B\u00e1squetbol de Santiago como en las ligas universitarias. En 1955, luego de un partido contra Palestino, la Revista Estadio se refer\u00eda al plantel como<\/p>\n<blockquote><p>\u201cY la novedad fue Universidad T\u00e9cnica. Un bot\u00f3n que es esperanza en canchas santiaguinas. Equipo aut\u00e9nticamente nuevo, con muchachos de buenos f\u00edsicos, disciplinados y promisorios, y que se educan en buen molde t\u00e9cnico (\u2026) Este cuadrito de la T\u00e9cnica es una promesa grata, bajo la batuta siempre competente de \u2018caluga\u2019 Valenzuela, tiene muchachos altos y esbeltos como Jos\u00e9 de la Fuente, Jaime Faur\u00e9 y Leo Canessa de los cuales el primero es un valor en potencia por su instituto de b\u00e1squetbol: posee coordinaci\u00f3n; aplomo y sangre de crack. Ya est\u00e1 llamado a la Selecci\u00f3n Nacional\u201d (4 de junio de 1955. A\u00f1o XIV, N\u00b0629).<\/p><\/blockquote>\n<p style=\"text-align: justify;\">Efectivamente, Jos\u00e9 de la Fuente fue convocado al equipo nacional participando del tercer lugar obtenido en el Campeonato Mundial de B\u00e1squetbol de 1959. Por el lado del atletismo, tambi\u00e9n se formaron deportistas de renombre, como por ejemplo Ernesto Lagos, representante nacional en el Sudamericano de atletismo de 1957 y ganador del salto alto con 1,93 metros.<\/p>\n<div id=\"attachment_695\" style=\"width: 310px\" class=\"wp-caption alignright\"><a href=\"http:\/\/archivopatrimonial.usach.cl\/deporte\/wp-content\/uploads\/2017\/08\/NA-007406.jpg\"><img loading=\"lazy\" decoding=\"async\" aria-describedby=\"caption-attachment-695\" class=\"size-medium wp-image-695\" src=\"http:\/\/archivopatrimonial.usach.cl\/deporte\/wp-content\/uploads\/2017\/08\/NA-007406-300x194.jpg\" alt=\"Esta imagen es resguardada por el Archivo de Documentacion Grafica y Audiovisual (DGA) de la Universidad de Santiago de Chile. Cualquier consulta acerca de las condiciones de uso y de propiedad, comunicarse a archivodga@usach.cl\" width=\"300\" height=\"194\" srcset=\"https:\/\/archivopatrimonial.usach.cl\/deporte\/wp-content\/uploads\/2017\/08\/NA-007406-300x194.jpg 300w, https:\/\/archivopatrimonial.usach.cl\/deporte\/wp-content\/uploads\/2017\/08\/NA-007406-1024x663.jpg 1024w, https:\/\/archivopatrimonial.usach.cl\/deporte\/wp-content\/uploads\/2017\/08\/NA-007406-1200x776.jpg 1200w, https:\/\/archivopatrimonial.usach.cl\/deporte\/wp-content\/uploads\/2017\/08\/NA-007406.jpg 2000w\" sizes=\"(max-width: 300px) 100vw, 300px\" \/><\/a><p id=\"caption-attachment-695\" class=\"wp-caption-text\">Barra de la Escuela de Ingenieros Industriales en 1\u00b0 Olimpiada Deportiva de la UTE<\/p><\/div>\n<p style=\"text-align: justify;\">Abarcando una parte importante de la comunidad, los y las estudiantes se comprometieron con el desarrollo del deporte de la universidad. El club, al igual que cualquier otro en el espacio deportivo, favoreci\u00f3 la vinculaci\u00f3n y homogeneizaci\u00f3n entre los distintos estamentos de la comunidad, flexibilizando la estructura jer\u00e1rquica a una donde se pod\u00eda compartir l\u00fadicamente con las autoridades, aspecto esencial para el desarrollo de una identidad y pertenencia universitaria que los diferenciaba de otras casas de estudio. Un ejemplo de esto, fue la antesala del partido de f\u00fatbol en 1956 entre el plantel profesional de la UTE, que participaba en la liga de ascenso, contra sus pares de la Universidad Cat\u00f3lica, equipo comandado por Sergio \u201csapito\u201d Livingstone que acababan de descender. El evento tuvo resonancia entre todos los estudiantes de la universidad y de la EAO quienes organizaron la barra estudiantil. Los alumnos se inscribieron en grupos creando c\u00e1nticos, gritos, lienzos y banderas alusivas al \u2018primer cl\u00e1sico universitario de la liga de Ascenso\u2019. La idea de los estudiantes era imitar al entonces cl\u00e1sico de la UC y la Universidad de Chile en la Primera Divisi\u00f3n y del cual la UTE nunca pudo ser parte. Muy preparados los y las estudiantes partieron ese d\u00eda desde la EAO hasta el Estadio Santa Laura a alentar al plantel, sin embargo, si bien la barra de la UTE asisti\u00f3, por parte de la barra de la UC no lleg\u00f3 nadie. El partido finaliz\u00f3 0-1 en contra de la T\u00e9cnica.<\/p>\n<p style=\"text-align: justify;\">Otro ejemplo del compromiso de los y las estudiantes con el desarrollo del deporte universitario fue el 4to Congreso de la Federaci\u00f3n de Estudiantes de la UTE, desarrollado en 1959 en Concepci\u00f3n. En \u00e9l, el estamento acuerda que junto con el pago de matr\u00edcula se debiese incluir una cuota deportiva que ser\u00eda repartida entre las diversas ramas del Departamento en todas sus sedes, adem\u00e1s del Club de Deportes. Esta nueva pol\u00edtica deportiva fue aprobada por el Consejo Superior Universitario un par de a\u00f1os despu\u00e9s.<\/p>\n<p style=\"text-align: justify;\">El pa\u00eds inicia los a\u00f1os 60\u2019 con uno de los mayores eventos futbol\u00edsticos a nivel internacional: la Copa Mundial de F\u00fatbol de 1962. Tras tomar la decisi\u00f3n en 1954 de inscribir la candidatura de Chile en la elecci\u00f3n de la sede que organizar\u00eda el torneo, idea respaldada por el presidente Carlos Ib\u00e1\u00f1ez del Campo quien entend\u00eda el poder social del f\u00fatbol en las masas, Carlos Dittborn y Juan Pinto Dur\u00e1n recorrieron varios pa\u00edses para alcanzar la votaci\u00f3n m\u00e1xima. Dos a\u00f1os m\u00e1s tarde, en el Congreso de la FIFA, Chile se antepuso a Argentina por 32 contra 11 votos, mientras que Alemania, la tercera opci\u00f3n, retir\u00f3 su candidatura. Con Jorge Alessandri en la presidencia, el Estado chileno despleg\u00f3 un gran plan de modernizaci\u00f3n de estadios, transportes y telecomunicaciones, el\u00a0que se derrumb\u00f3\u00a0luego\u00a0del terremoto de Valdivia\u00a0en 1960. Sin Juan Pinto Dur\u00e1n en la organizaci\u00f3n, quien hab\u00eda fallecido en 1957, y con la contingencia de la reconstrucci\u00f3n de la zona afectada, la organizaci\u00f3n del evento estuvo a punto de ser cancelada, sin embargo, gracias a las donaciones de varias federaciones de f\u00fatbol y la FIFA, la gesti\u00f3n pudo continuar. Para resolver el tema de las telecomunicaciones el gobierno encarg\u00f3 a las universidades chilenas (Universidad de Chile, Universidad Cat\u00f3lica y Universidad T\u00e9cnica del Estado) las transmisiones de la Copa Mundial.<\/p>\n<p style=\"text-align: justify;\">Aunque\u00a0la televisi\u00f3n chilena ten\u00eda pocos a\u00f1os de existencia en el pa\u00eds y de las tres universidades, la UTE, que ten\u00eda asignado el canal 7 antes de convertirse en TVN, era la menos preparada, las autoridades aceptaron el desaf\u00edo y acordaron conseguir c\u00e1maras y equipos de transmisi\u00f3n. La condici\u00f3n desde el gobierno hacia las universidades era transmitir sin publicitar a ninguna empresa privada, ya que no se pretend\u00eda hacer de la televisi\u00f3n un espacio comercial. En ese camino, la Universidad de Chile firma un contrato de pr\u00e9stamo de equipos con la empresa Toshiba, mientras que la UTE hace lo mismo con Radio Miner\u00eda. El convenio con la empresa radial era claro: se donaban los equipos, pero no se har\u00eda propaganda comercial y si se solicitaba, tampoco se har\u00eda menci\u00f3n de la empresa en cuesti\u00f3n. Sin embargo, el jefe del laboratorio de electr\u00f3nica y telecomunicaciones de la Universidad de Chile, Bartolom\u00e9 Dezerega, envi\u00f3 una carta al Director General de Servicios Electr\u00f3nicos (a cargo de la televisi\u00f3n nacional) y al Ministro del Interior indic\u00e1ndole que la UTE hab\u00eda firmado un acuerdo con Radio Miner\u00eda donde la instituci\u00f3n superior se compromet\u00eda hacer publicidad de la radio al principio de cada programa. Con el gobierno en contra y la sorpresiva decisi\u00f3n del ministro de que todas las transmisiones se debiesen concentrar en el canal de la Universidad de Chile (lo que no prosper\u00f3 finalmente, puesto que tanto el canal 9 como el 13 transmitieron el Mundial), la UTE decidi\u00f3 no participar dejando como antecedente el conflicto con la Universidad de Chile. (Revisar\u00a0<a href=\"http:\/\/archivopatrimonial.usach.cl\/deporte\/?cat=20\" target=\"_blank\">cronolog\u00eda<\/a>)<\/p>\n<p style=\"text-align: justify;\">A pesar del traspi\u00e9 del Mundial, el deporte sigui\u00f3 su curso. En la d\u00e9cada de 1960 fue nuevamente reconocido el equipo de b\u00e1squetbol masculino, quien junto al plantel de la Uni\u00f3n Espa\u00f1ola encabezaron el cl\u00e1sico del baloncesto, mientras que en f\u00fatbol, distintos jugadores profesionales\u00a0de larga trayectoria a nivel nacional fueron contratados por el Club de Deportes UTE, lo que gener\u00f3 un alto gasto presupuestario de la universidad hacia el plantel. Este elevado costo, sumado a serios cuestionamientos tanto de estudiantes como de autoridades sobre mantener un plantel profesional de f\u00fatbol universitario que no beneficiar\u00eda directamente a la instituci\u00f3n y la necesidad de re-orientar al club hacia un beneficio estrictamente estudiantil, provoc\u00f3 que en 1969 se cerrara el Club de Deportes UTE (<a href=\"http:\/\/archivopatrimonial.usach.cl\/deporte\/wp-content\/uploads\/2016\/12\/16-Transferencia-de-fondos-del-Club-Deportivo-al-Depto-de-Bienestar-Estudiantil-24-de-enero-de-1969-acta-487.pdf\">Revisar link<\/a>).<\/p>\n<p style=\"text-align: justify;\">El cierre del club no fue motivo para que el deporte universitario no se siguiera potenciando. En 1972, y con el fin de formular una pol\u00edtica que impulsara el deporte masivo en la universidad, la UTE realiz\u00f3 el Primer Consultivo Nacional de Deportes de car\u00e1cter triestamental en todas sus sedes. A partir de ese consultivo, en 1974 se instauraron los Cr\u00e9ditos Deportivos Universitarios, idea que luego ha sido replicada hasta la actualidad en otras instituciones educacionales.<\/p>\n<p>&nbsp;<\/p>\n","protected":false},"excerpt":{"rendered":"<p>El peri\u00f3dico \u201cRenacimiento\u201d de la secci\u00f3n de Bienestar de la Escuela de Artes y Oficios, public\u00f3 el 1 de septiembre de 1928 un art\u00edculo referente a los beneficios sociales de practicar alg\u00fan deporte, manifestando: \u201cun team de football, rugby o cualquier otro deporte, en todos los rincones del pa\u00eds, y el problema social est\u00e1 resuelto. [&hellip;]<\/p>\n","protected":false},"author":1,"featured_media":0,"parent":0,"menu_order":0,"comment_status":"closed","ping_status":"closed","template":"","meta":{"_exactmetrics_skip_tracking":false,"_exactmetrics_sitenote_active":false,"_exactmetrics_sitenote_note":"","_exactmetrics_sitenote_category":0,"_monsterinsights_skip_tracking":false,"_monsterinsights_sitenote_active":false,"_monsterinsights_sitenote_note":"","_monsterinsights_sitenote_category":0,"footnotes":""},"class_list":["post-24","page","type-page","status-publish","hentry"],"_links":{"self":[{"href":"https:\/\/archivopatrimonial.usach.cl\/deporte\/index.php?rest_route=\/wp\/v2\/pages\/24"}],"collection":[{"href":"https:\/\/archivopatrimonial.usach.cl\/deporte\/index.php?rest_route=\/wp\/v2\/pages"}],"about":[{"href":"https:\/\/archivopatrimonial.usach.cl\/deporte\/index.php?rest_route=\/wp\/v2\/types\/page"}],"author":[{"embeddable":true,"href":"https:\/\/archivopatrimonial.usach.cl\/deporte\/index.php?rest_route=\/wp\/v2\/users\/1"}],"replies":[{"embeddable":true,"href":"https:\/\/archivopatrimonial.usach.cl\/deporte\/index.php?rest_route=%2Fwp%2Fv2%2Fcomments&post=24"}],"version-history":[{"count":21,"href":"https:\/\/archivopatrimonial.usach.cl\/deporte\/index.php?rest_route=\/wp\/v2\/pages\/24\/revisions"}],"predecessor-version":[{"id":808,"href":"https:\/\/archivopatrimonial.usach.cl\/deporte\/index.php?rest_route=\/wp\/v2\/pages\/24\/revisions\/808"}],"wp:attachment":[{"href":"https:\/\/archivopatrimonial.usach.cl\/deporte\/index.php?rest_route=%2Fwp%2Fv2%2Fmedia&parent=24"}],"curies":[{"name":"wp","href":"https:\/\/api.w.org\/{rel}","templated":true}]}}