{"id":4,"date":"2015-06-21T16:53:51","date_gmt":"2015-06-21T16:53:51","guid":{"rendered":"http:\/\/archivopatrimonial.usach.cl\/deporte\/?page_id=4"},"modified":"2023-09-25T11:38:02","modified_gmt":"2023-09-25T14:38:02","slug":"inicio","status":"publish","type":"page","link":"https:\/\/archivopatrimonial.usach.cl\/deporte\/","title":{"rendered":"Deporte en la UTE"},"content":{"rendered":"<p><iframe loading=\"lazy\" width=\"100%\" height=\"720\" src=\"https:\/\/www.youtube.com\/embed\/fxvNQzkyC1c?autoplay=1;&amp;rel=0;&amp;showinfo=0\" frameborder=\"0\" allow=\"autoplay; encrypted-media\" allowfullscreen=\"\"><\/iframe><br \/>\n&nbsp;<\/p>\n<p style=\"text-align: justify;\">Heredera de la Escuela de Artes y Oficios, el deporte en la UTE, tanto profesional como amateur, cosech\u00f3 triunfos, campeonatos y consolid\u00f3 deportistas de alto nivel en el circuito nacional e internacional.<\/p>\n<p style=\"text-align: justify;\">El Archivo Patrimonial pone a disposici\u00f3n parte de su material fotogr\u00e1fico, audiovisual, gr\u00e1fico y textual que sistematiza y permite conocer y comprender los principales hitos del deporte en la Universidad T\u00e9cnica del Estado.<\/p>\n","protected":false},"excerpt":{"rendered":"<p>&nbsp; Heredera de la Escuela de Artes y Oficios, el deporte en la UTE, tanto profesional como amateur, cosech\u00f3 triunfos, campeonatos y consolid\u00f3 deportistas de alto nivel en el circuito nacional e internacional. El Archivo Patrimonial pone a disposici\u00f3n parte de su material fotogr\u00e1fico, audiovisual, gr\u00e1fico y textual que sistematiza y permite conocer y comprender [&hellip;]<\/p>\n","protected":false},"author":1,"featured_media":0,"parent":0,"menu_order":0,"comment_status":"closed","ping_status":"closed","template":"","meta":{"_exactmetrics_skip_tracking":false,"_exactmetrics_sitenote_active":false,"_exactmetrics_sitenote_note":"","_exactmetrics_sitenote_category":0,"_monsterinsights_skip_tracking":false,"_monsterinsights_sitenote_active":false,"_monsterinsights_sitenote_note":"","_monsterinsights_sitenote_category":0,"footnotes":""},"class_list":["post-4","page","type-page","status-publish","hentry"],"_links":{"self":[{"href":"https:\/\/archivopatrimonial.usach.cl\/deporte\/index.php?rest_route=\/wp\/v2\/pages\/4"}],"collection":[{"href":"https:\/\/archivopatrimonial.usach.cl\/deporte\/index.php?rest_route=\/wp\/v2\/pages"}],"about":[{"href":"https:\/\/archivopatrimonial.usach.cl\/deporte\/index.php?rest_route=\/wp\/v2\/types\/page"}],"author":[{"embeddable":true,"href":"https:\/\/archivopatrimonial.usach.cl\/deporte\/index.php?rest_route=\/wp\/v2\/users\/1"}],"replies":[{"embeddable":true,"href":"https:\/\/archivopatrimonial.usach.cl\/deporte\/index.php?rest_route=%2Fwp%2Fv2%2Fcomments&post=4"}],"version-history":[{"count":58,"href":"https:\/\/archivopatrimonial.usach.cl\/deporte\/index.php?rest_route=\/wp\/v2\/pages\/4\/revisions"}],"predecessor-version":[{"id":821,"href":"https:\/\/archivopatrimonial.usach.cl\/deporte\/index.php?rest_route=\/wp\/v2\/pages\/4\/revisions\/821"}],"wp:attachment":[{"href":"https:\/\/archivopatrimonial.usach.cl\/deporte\/index.php?rest_route=%2Fwp%2Fv2%2Fmedia&parent=4"}],"curies":[{"name":"wp","href":"https:\/\/api.w.org\/{rel}","templated":true}]}}