{"id":16,"date":"2015-06-21T12:59:47","date_gmt":"2015-06-21T16:59:47","guid":{"rendered":"http:\/\/archivopatrimonial.usach.cl\/dictadura\/?page_id=16"},"modified":"2018-10-12T16:16:32","modified_gmt":"2018-10-12T19:16:32","slug":"cronologia","status":"publish","type":"page","link":"https:\/\/archivopatrimonial.usach.cl\/dictadura\/?page_id=16","title":{"rendered":"Cronolog\u00eda"},"content":{"rendered":"<p><strong>1973<\/strong><\/p>\n<p>11 de septiembre.<\/p>\n<p>En la madrugada un comando de civiles armados dinamita la antena y caseta donde se ubicaban los equipos de transmisi\u00f3n de la Radio UTE.<\/p>\n<p>La Universidad es rodeada por un contingente de Carabineros y efectivos del Ej\u00e9rcito con equipamiento de guerra. Se impone el Estado de Sitio y el toque de queda.<\/p>\n<p>18:00 horas. Ingresan Carabineros y una patrulla militar con el oficial a cargo del operativo de abatimiento de la UTE. Una comitiva compuesta por el rector Enrique Kirberg, el presidente de la FEUT Osiel N\u00fa\u00f1ez y otros representantes conversan con el militar a cargo llegando al acuerdo de permitir que las personas pasen la noche en las dependencias de la UTE, para al d\u00eda siguiente, a las 12:00 horas, desalojar la universidad y sus dependencias.<\/p>\n<p>12 de septiembre<\/p>\n<p>Desde las 03:00 horas se escuchan en las cercan\u00edas de la UTE descargas de distintos armamentos.<\/p>\n<p>06:00 horas. Un destacamento se posiciona en la Av. Ecuador, frente a la Casa Central con armas de grueso calibre. La Casa Central es atacada con sus ocupantes al interior.<\/p>\n<p>Las personas que se encontraban al interior de la Casa Central, Escuela de Artes y Oficios y otras dependencias de la UTE fueron tomadas prisioneras. Alrededor de 900 personas fueron trasladadas en camiones al Estadio Chile (hoy Estadio V\u00edctor Jara)<\/p>\n<p><img loading=\"lazy\" decoding=\"async\" class=\"alignnone size-thumbnail wp-image-838\" src=\"http:\/\/archivopatrimonial.usach.cl\/dictadura\/wp-content\/uploads\/2017\/03\/TORTI-01-150x150.jpg\" alt=\"TORTI 01\" width=\"150\" height=\"150\" \/><\/p>\n<p>En los d\u00edas posteriores, la Universidad fue ocupada por fuerzas militares que registraron todas las dependencias.<\/p>\n<p>22 de septiembre.<\/p>\n<p>Se ordena el pago de los sueldos, permitiendo el ingreso de integrantes de la planta funcionaria al sector conocido como El Tattersal. Mientras esperaban su turno, funcionarios y funcionarias, acad\u00e9micos y administrativos fueron sacados de las filas y detenidos por personal ajeno a la UTE.<\/p>\n<p>3 de Octubre.<\/p>\n<p>El Coronel de Ej\u00e9rcito Eugenio Reyes Tastets es designado Rector Delegado de la Universidad T\u00e9cnica del Estado.<\/p>\n<p>5 de noviembre.<\/p>\n<p>Luego de un per\u00edodo de reorganizaci\u00f3n y reestructuraci\u00f3n interna que implic\u00f3 la revisi\u00f3n de antecedentes de funcionarios\/as, estudiantes y acad\u00e9micos\/as, designaci\u00f3n de personas encargadas de sedes, se reinician las actividades acad\u00e9micas en las sedes e institutos tecnol\u00f3gicos.<\/p>\n<p><strong>1974<\/strong><\/p>\n<p>31 de enero.<\/p>\n<p>Circular N\u00b014. Solicitud de n\u00f3minas de alumnos suspendidos por activismo pol\u00edtico.<\/p>\n<p>1 de febrero.<\/p>\n<p>Decreto Universitario N\u00b02 de Reestructuraci\u00f3n de la Universidad T\u00e9cnica del Estado. Creaci\u00f3n de la Prorrector\u00eda, Vicerrector\u00edas, divisiones asesoras de la Rector\u00eda y el Centro de Computaci\u00f3n.<\/p>\n<p>10 de abril.<\/p>\n<p>Decreto Universitario N\u00b0436. Expulsi\u00f3n de 192 alumnos de la UTE.<\/p>\n<p>10 de junio.<\/p>\n<p>Decreto 516. Determina las facultades del Rector y establece que todo aquello que se ha realizado entre el 27 de septiembre de 1973 y la fecha de promulgaci\u00f3n del decreto se entiende realizado conforme a derecho.<\/p>\n<p>20 de agosto.<\/p>\n<p>Decreto Universitario N\u00b0 1337. Aprueba Reglamento del Gobierno Central. Establece las funciones de las autoridades y unidades definidas en el Decreto universitario N\u00b0 2.<\/p>\n<p>Comienzan las transmisiones de las radios de la UTE en las sedes: Copiap\u00f3, Talca y F.M est\u00e9reo de Santiago.<\/p>\n<p>Incorporaci\u00f3n a la UTE de estudiantes y planta funcionaria de la Escuela Normal Jos\u00e9 Abelardo N\u00fa\u00f1ez.<\/p>\n<p><strong>1975<\/strong><\/p>\n<p>20 de mayo.<\/p>\n<p>Primera visita oficial de Augusto Pinochet, acompa\u00f1ado por el Ministro de Salud, General Francisco Herrera y el Contralor General H\u00e9ctor Humeres. En dicha visita fueron inauguradas las dependencias del CECUTE (Centro de Computaci\u00f3n) y del Centro de Salud.<\/p>\n<p>27 de octubre.<\/p>\n<p>Decreto universitario N\u00b01728. Establece la organizaci\u00f3n acad\u00e9mica de la universidad. Determina las Facultades que funcionar\u00e1n por sede, las autoridades y sus funciones. Este mismo decreto establece el cambio de nombre de la Facultad de Educaci\u00f3n a Facultad de Estudios Generales.<\/p>\n<p><strong>1976<\/strong><\/p>\n<p>Febrero.<\/p>\n<p>Cierre del Instituto Tecnol\u00f3gico de Chill\u00e1n.<\/p>\n<p>7 de marzo.<\/p>\n<p>Comienza la circulaci\u00f3n del bolet\u00edn informativo UTE al d\u00eda.<\/p>\n<p>12 de abril.<\/p>\n<p>Acorde con los lineamientos y objetivos de la Secretar\u00eda Nacional de la Juventud, se crea oficialmente mediante Decreto Universitario N\u00b0 509, un organismo de representaci\u00f3n estudiantil conocido como \u201cConsejo Superior Estudiantil\u201d. El organismo busc\u00f3 representar a la comunidad estudiantil ante las autoridades universitarias y externas, los representantes fueron elegidos mediante quinas que se presentaban al Rector delegado.<\/p>\n<p>Octubre.<\/p>\n<p>Celebraci\u00f3n del tercer aniversario de la Secretar\u00eda Nacional de la Juventud. La actividad se realiz\u00f3 en la explanada de la Casa Central de la UTE y cont\u00f3 con la participaci\u00f3n de Augusto Pinochet.<\/p>\n<p><strong>1979<\/strong><\/p>\n<p>30 de marzo.<\/p>\n<p>Inauguraci\u00f3n de Biblioteca Central, 2\u00aa. Visita del Dictador, General Augusto Pinochet.<\/p>\n<p>Septiembre.<\/p>\n<p>Inauguraci\u00f3n del hogar femenino N\u00b07 en Fanor Velasco.<\/p>\n<p>Decreto 1790 que suprime el Tecnol\u00f3gico de Arica y, por Decreto 2285, el de Loa.<\/p>\n<p><strong>1980<\/strong><\/p>\n<p>12 de diciembre de 1980.<\/p>\n<p>A trav\u00e9s del decreto N\u00b010.223 del Ministerio de Educaci\u00f3n se designa como rector-delegado de la Universidad T\u00e9cnica del Estado al Brigadier General Jorge O\u00b4Ryan Balbont\u00edn.<\/p>\n<p><strong>1981<\/strong><\/p>\n<p>21 de marzo.<\/p>\n<p>Mediante el Decreto con fuerza de ley N\u00b023 se sustituye el nombre de Universidad T\u00e9cnica por Universidad de Santiago de Chile.<\/p>\n<p>El nuevo Rector delegado comienza una visita por cada sede regional para entregarlas a las nuevas autoridades.<\/p>\n<p>&nbsp;<\/p>\n","protected":false},"excerpt":{"rendered":"<p>1973 11 de septiembre. En la madrugada un comando de civiles armados dinamita la antena y caseta donde se ubicaban los equipos de transmisi\u00f3n de la Radio UTE. La Universidad es rodeada por un contingente de Carabineros y efectivos del Ej\u00e9rcito con equipamiento de guerra. Se impone el Estado de Sitio y el toque de [&hellip;]<\/p>\n","protected":false},"author":1,"featured_media":0,"parent":0,"menu_order":0,"comment_status":"closed","ping_status":"closed","template":"","meta":{"_exactmetrics_skip_tracking":false,"_exactmetrics_sitenote_active":false,"_exactmetrics_sitenote_note":"","_exactmetrics_sitenote_category":0,"footnotes":""},"class_list":["post-16","page","type-page","status-publish","hentry"],"_links":{"self":[{"href":"https:\/\/archivopatrimonial.usach.cl\/dictadura\/index.php?rest_route=\/wp\/v2\/pages\/16"}],"collection":[{"href":"https:\/\/archivopatrimonial.usach.cl\/dictadura\/index.php?rest_route=\/wp\/v2\/pages"}],"about":[{"href":"https:\/\/archivopatrimonial.usach.cl\/dictadura\/index.php?rest_route=\/wp\/v2\/types\/page"}],"author":[{"embeddable":true,"href":"https:\/\/archivopatrimonial.usach.cl\/dictadura\/index.php?rest_route=\/wp\/v2\/users\/1"}],"replies":[{"embeddable":true,"href":"https:\/\/archivopatrimonial.usach.cl\/dictadura\/index.php?rest_route=%2Fwp%2Fv2%2Fcomments&post=16"}],"version-history":[{"count":4,"href":"https:\/\/archivopatrimonial.usach.cl\/dictadura\/index.php?rest_route=\/wp\/v2\/pages\/16\/revisions"}],"predecessor-version":[{"id":1169,"href":"https:\/\/archivopatrimonial.usach.cl\/dictadura\/index.php?rest_route=\/wp\/v2\/pages\/16\/revisions\/1169"}],"wp:attachment":[{"href":"https:\/\/archivopatrimonial.usach.cl\/dictadura\/index.php?rest_route=%2Fwp%2Fv2%2Fmedia&parent=16"}],"curies":[{"name":"wp","href":"https:\/\/api.w.org\/{rel}","templated":true}]}}