{"id":9,"date":"2015-06-21T16:54:54","date_gmt":"2015-06-21T16:54:54","guid":{"rendered":"http:\/\/archivopatrimonial.usach.cl\/dictadura\/?page_id=9"},"modified":"2018-10-12T16:14:40","modified_gmt":"2018-10-12T19:14:40","slug":"bibliografia","status":"publish","type":"page","link":"https:\/\/archivopatrimonial.usach.cl\/dictadura\/?page_id=9","title":{"rendered":"Bibliograf\u00eda"},"content":{"rendered":"<p>Brunner, J. J. (1986). Informe sobre la educaci\u00f3n superior en Chile. Santiago: FLACSO.<\/p>\n<p>Brunner, J. J. (1988). Notas para una teor\u00eda del cambio en los sistemas de educaci\u00f3n superior, Documento de Trabajo. Santiago: FLACSO.<\/p>\n<p>Brunner, J. J. (1988). La reforma de las universidades chilenas: implicaciones intelectuales, Material de discusi\u00f3n. Santiago: FLACSO.<\/p>\n<p>Brunner, J. J. (1991).\u00a0 El cambio de los sistemas de educaci\u00f3n superior. Apuntes sobre el caso chileno, Documento de Trabajo. Santiago: FLACSO.<\/p>\n<p>Brunner, J. J. (1982). Tendencias de cambio en el sistema de educaci\u00f3n superior. Chile: 1973-1982, Documento de Trabajo. Santiago; FLACSO.<\/p>\n<p>Consejo de Rectores de las Universidades Chilenas. (2014). <em>60 a\u00f1os Consejo de Rectores de las Universidades Chilenas.<\/em> Santiago: Comit\u00e9 editorial: Rectores Aldo Valle, Sergio Lavanchy y Patricio Sanhueza.<\/p>\n<p>Decreto Ley n\u00b0 50, 3 de octubre de 1973. Designa rectores-delegados en universidades del pa\u00eds.<\/p>\n<p>Decreto Ley n\u00b0 516, 10 de junio de 1974. Atribuciones del rector delegado en la UTE.<\/p>\n<p>Gallardo, J. (2015). Vivir enfrentando las flechas. Relatos de vida de la EAO-UTE-USACH. Santiago: VIME.<\/p>\n<p>Garret\u00f3n, M. A. (1979). Universidad y pol\u00edtica en los procesos de transformaci\u00f3n y reversi\u00f3n en Chile, 1967-1977, Documento de Trabajo. Santiago: FLACSO.<\/p>\n<p>Garret\u00f3n, M. A. y Pozo, H. (1984). Las universidades chilenas y los Derechos Humanos, Documento de Trabajo. Santiago: FLACSO.<\/p>\n<p>Garret\u00f3n, M. A. (1985). La Intervenci\u00f3n Militar en las Universidades: 1973-1985. En M. A. Garret\u00f3n, &amp; J. Mart\u00ednez, <em>Universidades Chilenas: historia, reforma e intervenci\u00f3n. Tomo 1<\/em> (p\u00e1gs. 101-110). Santiago: Ediciones Sur.<\/p>\n<p>Ireland, T. (2013). <em>Teatro Universitario UTE -Teknos.<\/em> Santiago: Editorial USACH.<\/p>\n<p>Junta de Gobierno de la Rep\u00fablica de Chile. (11 de septiembre de 1973). <em>Decreto N\u00b01. Acta de Constituci\u00f3n de la Junta de Gobierno.<\/em> Extra\u00eddo el 9 de septiembre de 2015 desde <a href=\"http:\/\/www.leychile.cl\/Navegar?idNorma=237897\">http:\/\/www.leychile.cl\/Navegar?idNorma=237897<\/a><\/p>\n<p>Junta Nacional de Gobierno. (11 de marzo de 1974). <em>A seis meses de la Liberaci\u00f3n Nacional. Mensaje al pa\u00eds del Presidente de la Junta de Gobierno.<\/em> Santiago.<\/p>\n<p>Kirberg, E. (1981). <em>Los nuevos profesionales.<\/em> Ciudad de M\u00e9xico: Alfaguara.<\/p>\n<p>Leigh, G. G. (1975). <em>Misi\u00f3n de las Universidades Chilenas.<\/em> Santiago: Editora Nacional Gabriela Mistral.<\/p>\n<p>Memoria Chilena. (s.f.). <em>Secretar\u00eda Nacional de la Juventud.<\/em> Extra\u00eddo el 2 de noviembre de 2015 desde Memoria Chilena: <a href=\"http:\/\/www.memoriachilena.cl\/602\/w3-article-95107.html\">http:\/\/www.memoriachilena.cl\/602\/w3-article-95107.html<\/a><\/p>\n<p>Meyers, P. (Agosto 1975). La intervenci\u00f3n militar en las universidades chilenas. <em>Revista Mensaje, XXIV <\/em>(241), 379-384. Extra\u00eddo el 27 de octubre de 2015 desde <a href=\"http:\/\/biblioteca.uahurtado.cl\/ujah\/msj\/docs\/1975\/n241_379.pdf\">http:\/\/biblioteca.uahurtado.cl\/ujah\/msj\/docs\/1975\/n241_379.pdf<\/a><\/p>\n<p>Ministerio de Educaci\u00f3n P\u00fablica. (1 de octubre de 1973). <em>Decreto Ley N\u00b050. Designa Rectores-Delegados en las Universidades del pa\u00eds.<\/em> Extra\u00eddo el 5 de octubre de 2015 desde <a href=\"http:\/\/www.leychile.cl\/Navegar?idNorma=5702&amp;buscar=decreto+ley+N%C2%B050\">http:\/\/www.leychile.cl\/Navegar?idNorma=5702&amp;buscar=decreto+ley+N%C2%B050<\/a><\/p>\n<p>Ministerio de Educaci\u00f3n P\u00fablica. (3 de octubre de 1973). <em>Decreto N\u00b01300. Designa \u00abRectores-Delegados\u00bb Universidades Chilenas.<\/em> Extra\u00eddo el\u00a0 26 de octubre 2015 desde <a href=\"http:\/\/bibliotecas.uc.cl\/Descargar-documento\/295-Nombramiento-y-atribuciones-Rectores-Delegados.html\">http:\/\/bibliotecas.uc.cl\/Descargar-documento\/295-Nombramiento-y-atribuciones-Rectores-Delegados.html<\/a><\/p>\n<p>Mu\u00f1oz, J., Norambuena, C., Ortega, L., &amp; P\u00e9rez, R. (1987). <em>La Universidad de Santiago de Chile: Sobre sus or\u00edgenes y su desarrollo hist\u00f3rico.<\/em> Santiago: Edici\u00f3n de la Universidad de Santiago de Chile.<\/p>\n<p>Museo de la Memoria. (s.f.). <em>Ficha V\u00edctima: D\u00e1vila Rodr\u00edguez Jos\u00e9 H\u00e9ctor.<\/em> Extra\u00eddo el 2 de noviembre de 2015 desde <a href=\"http:\/\/interactivos.museodelamemoria.cl\/victimas\/?p=446\">http:\/\/interactivos.museodelamemoria.cl\/victimas\/?p=446<\/a><\/p>\n<p>Navarro, M. (2015). La Extensi\u00f3n Universitaria. M\u00e1s all\u00e1 de los muros universitarios: Extensi\u00f3n y Comunicaciones UTE. En T. Ireland, &amp; F. Rivera (Edits.), <em>La UTE vive. Memorias y testimonios de la Reforma Universitaria en la Universidad T\u00e9cnica del Estado Chile 1961\/1973. Santiago: Corporaci\u00f3n Cultural de la Universidad de Santiago de Chile. <\/em><\/p>\n<p>Prieto, R. I. (1984). Las transformaciones educacionales bajo el r\u00e9gimen militar. Santiago: PIIE.<\/p>\n<p>Revista Ercilla. (1973). Universidad: la dr\u00e1stica reorganizaci\u00f3n. <em>Revista Ercilla<\/em>, 17-19.<\/p>\n<p>Secretar\u00eda Nacional de la Juventud. (10 de Julio de 1975). <em>Memoria Chilena.<\/em> Extra\u00eddo el 2 de noviembre de 2015 desde Memoria Chilena: <a href=\"http:\/\/www.memoriachilena.cl\/archivos2\/pdfs\/MC0056813.pdf\">http:\/\/www.memoriachilena.cl\/archivos2\/pdfs\/MC0056813.pdf<\/a><\/p>\n<p>Universidad T\u00e9cnica del Estado. (10 de enero de 1975). Derecho del personal de la Universidad T\u00e9cnica del Estado para acogerse a los beneficios del Plan Nuevo Empresario. En <em>Bolet\u00edn Oficial UTE. N\u00b0 10. Secci\u00f3n E: Noticias e Informes Jur\u00eddicos<\/em> (p\u00e1g. E3-E4).<\/p>\n<p>Universidad T\u00e9cnica del Estado. (20 de agosto de 1974). Decreto N\u00b01336. Implementa Estructura Establecida por Decreto 02 del 1\u00b0 de febrero de 1974. En <em>Bolet\u00edn Oficial UTE N\u00b04. Secci\u00f3n B: Decretos <\/em>(p\u00e1gs. B38-B40).<\/p>\n<p>Universidad T\u00e9cnica del Estado. (4 de abril de 1975). Circular N\u00b021. Semana Mechona 1975. En <em>Bolet\u00edn Oficial UTE. Secci\u00f3n D: Circulares <\/em>(p\u00e1g. D2 y D3).<\/p>\n<p>Universidad T\u00e9cnica del Estado. (Enero de 1975). <em>Circular N\u00b0 001. Informa sobre Escuela de Verano. En Bolet\u00edn Oficial de la UTE N\u00b0 9. Secci\u00f3n D: Circulares <\/em>(p\u00e1g.D1-D8)<\/p>\n<p>Universidad T\u00e9cnica del Estado. (1 de febrero de 1974). <em>Decreto N\u00b0 02. Reestructura Universidad T\u00e9cnica del Estado.<\/em> Santiago.<\/p>\n<p>Universidad T\u00e9cnica del Estado. (13 de diciembre de 1974). Decreto N\u00b02022. Declara D\u00eda Oficial de Aniversario de la Corporaci\u00f3n, el que se indica. En <em>Bolet\u00edn Oficial UTE N\u00b011. Secci\u00f3n B: Decretos<\/em> (p\u00e1g. B43).<\/p>\n<p>Universidad T\u00e9cnica del Estado. (17 de octubre de 1973). <em>Circular N\u00b0 324. A la comunidad universitaria de la Universidad T\u00e9cnica del Estado. <\/em><\/p>\n<p>Universidad T\u00e9cnica del Estado. (20 de agosto de 1974). Decreto N\u00b01337. Aprueba Reglamento de Gobierno Central. En <em>Bolet\u00edn Oficial UTE N\u00b04. Secci\u00f3n B: Decretos<\/em> (p\u00e1gs. B40-B51).<\/p>\n<p>Universidad T\u00e9cnica del Estado. (27 octubre de 1975). <em>Decreto N\u00b0 1728. Establece Organizaci\u00f3n Acad\u00e9mica de la Universidad T\u00e9cnica del Estado, en Santiago. <\/em><\/p>\n<p>Universidad T\u00e9cnica del Estado. (4 de febrero de 1975). Circular de CONARA N\u00b0 6718\/6. Responsabilidades de los Jefes de Servicios de la Administraci\u00f3n P\u00fablica. En <em>Bolet\u00edn Oficial de la UTE N\u00b0 11. Secci\u00f3n A: Transcripciones <\/em>(p\u00e1gs. A1-A3).<\/p>\n<p>Universidad T\u00e9cnica del Estado. (9 de septiembre de 1975). Circular N\u00b0 2840. Celebraci\u00f3n del d\u00eda 11 de septiembre de 1975. Participaci\u00f3n de la UTE. En <em>Bolet\u00edn Oficial de la UTE N\u00b026. noviembre de 1975. Secci\u00f3n Noticias e Informes Jur\u00eddicos<\/em> (p\u00e1g. E1).<\/p>\n<p>Universidad T\u00e9cnica del Estado. (Julio 1974). Declaraci\u00f3n p\u00fablica de la Junta de Gobierno sobre Derechos Humanos. En <em>Bolet\u00edn Oficial de la UTE N\u00b02. Secci\u00f3n E: Noticias e Informes Jur\u00eddicos<\/em> (p\u00e1gs. E1-E4).<\/p>\n<p>Universidad de Santiago de Chile. Comisi\u00f3n de Reconciliaci\u00f3n Universitaria. (2013). Libro Memorial de la Universidad T\u00e9cnica del Estado y de la Universidad de Santiago de Chile (actualizado a 40 a\u00f1os del golpe de Estado de 1973). Santiago: USACH.<\/p>\n<p>&nbsp;<\/p>\n","protected":false},"excerpt":{"rendered":"<p>Brunner, J. J. (1986). Informe sobre la educaci\u00f3n superior en Chile. Santiago: FLACSO. Brunner, J. J. (1988). Notas para una teor\u00eda del cambio en los sistemas de educaci\u00f3n superior, Documento de Trabajo. Santiago: FLACSO. Brunner, J. J. (1988). La reforma de las universidades chilenas: implicaciones intelectuales, Material de discusi\u00f3n. Santiago: FLACSO. Brunner, J. J. (1991).\u00a0 [&hellip;]<\/p>\n","protected":false},"author":1,"featured_media":0,"parent":0,"menu_order":0,"comment_status":"closed","ping_status":"closed","template":"","meta":{"_exactmetrics_skip_tracking":false,"_exactmetrics_sitenote_active":false,"_exactmetrics_sitenote_note":"","_exactmetrics_sitenote_category":0,"footnotes":""},"class_list":["post-9","page","type-page","status-publish","hentry"],"_links":{"self":[{"href":"https:\/\/archivopatrimonial.usach.cl\/dictadura\/index.php?rest_route=\/wp\/v2\/pages\/9"}],"collection":[{"href":"https:\/\/archivopatrimonial.usach.cl\/dictadura\/index.php?rest_route=\/wp\/v2\/pages"}],"about":[{"href":"https:\/\/archivopatrimonial.usach.cl\/dictadura\/index.php?rest_route=\/wp\/v2\/types\/page"}],"author":[{"embeddable":true,"href":"https:\/\/archivopatrimonial.usach.cl\/dictadura\/index.php?rest_route=\/wp\/v2\/users\/1"}],"replies":[{"embeddable":true,"href":"https:\/\/archivopatrimonial.usach.cl\/dictadura\/index.php?rest_route=%2Fwp%2Fv2%2Fcomments&post=9"}],"version-history":[{"count":8,"href":"https:\/\/archivopatrimonial.usach.cl\/dictadura\/index.php?rest_route=\/wp\/v2\/pages\/9\/revisions"}],"predecessor-version":[{"id":1168,"href":"https:\/\/archivopatrimonial.usach.cl\/dictadura\/index.php?rest_route=\/wp\/v2\/pages\/9\/revisions\/1168"}],"wp:attachment":[{"href":"https:\/\/archivopatrimonial.usach.cl\/dictadura\/index.php?rest_route=%2Fwp%2Fv2%2Fmedia&parent=9"}],"curies":[{"name":"wp","href":"https:\/\/api.w.org\/{rel}","templated":true}]}}