{"id":16,"date":"2015-06-21T12:59:47","date_gmt":"2015-06-21T16:59:47","guid":{"rendered":"http:\/\/archivopatrimonial.usach.cl\/escenicas\/?page_id=16"},"modified":"2018-06-28T16:42:59","modified_gmt":"2018-06-28T20:42:59","slug":"cronologia","status":"publish","type":"page","link":"https:\/\/archivopatrimonial.usach.cl\/escenicas\/?page_id=16","title":{"rendered":"Cronolog\u00eda"},"content":{"rendered":"<h2><strong>1951<\/strong><\/h2>\n<p>Nace el Circo Minero de la Escuela de Minas de La Serena, sede de la UTE (hoy Universidad de La Serena)<\/p>\n<h2><strong>1958<\/strong><\/h2>\n<p>En la Escuela de Artes y Oficios se funda el Teatro Teknos bajo la direcci\u00f3n de Alfredo Mari\u00f1o. La primera\u00a0 obra fue\u00a0<em><strong>Se arrienda esta casa<\/strong><\/em><em>,\u00a0<\/em>\u00a0de Gabriel D&#8217;Harvillez.<\/p>\n<h2><strong>1959<\/strong><\/h2>\n<p>Teknos estrena\u00a0<em><strong>Tres en un bar<\/strong><\/em>\u00a0\u00a0de Leonard Francquen y\u00a0<em><strong>Pobrecito Juan<\/strong><\/em>, de Gregorio Mart\u00ednez Siera.<\/p>\n<p>Teknos estrena\u00a0<strong><em>El valiente<\/em><\/strong>, de Ren\u00e9 Leromand .<\/p>\n<h2><strong>1961<\/strong><\/h2>\n<p>Teknos estrena el montaje<strong>\u00a0<em>Cuentos de verano<\/em><\/strong>, de Alejandro Casona, adem\u00e1s de \u00a0<strong><em>Historia del escritor que se llevaron preso<\/em><\/strong>\u00a0, de Osvaldo Drag\u00fan. Ambas creaciones fueron presentadas por el Teknos en el IV Festival de teatro universitario organizado por la recientemente formada Federaci\u00f3n de Teatro Universitario de Chile (FETEUCH). Las funciones se hicieron en el Teatro de la Escuela de Artes y en el Paraninfo de la ciudad universitaria UTE. Ese mismo a\u00f1o estrenan\u00a0<strong><em>Un d\u00eda en la gloria<\/em><\/strong>, de V\u00edctor Ruiz Iriarte. Esta \u00faltima obra fue presentada en el Teatro Municipal de Santiago con un concierto coral en el marco del cuarto aniversario del Coro Universitario UTE, dirigido por Mario Baeza.<\/p>\n<h2><strong>1962<\/strong><\/h2>\n<p>El consejo universitario acoge la solicitud para que el Teknos se transforme en el grupo de teatro oficial de la UTE. \u00a0Las autoridades nombran a Ra\u00fal Rivera, poeta magall\u00e1nico que se a\u00f1o egresaba de Teatro en la Universidad de Chile, como primer director contratado por la Universidad. Rivera debuta con el montaje\u00a0<em><strong>Los cinco de la mina Pimiento<\/strong><\/em>, de Tom\u00e1s Ireland<em>.<\/em>\u00a0Paralelamente la agrupaci\u00f3n comienza a presentar su trabajo en la Sala de Teatro Bulnes, ubicada en Avenida Bulnes 188, de propiedad de la Caja de Previsi\u00f3n de los Empleados Municipales.<\/p>\n<p>Teknos estrena\u00a0<em><strong>La influencia de la temperatura<\/strong><\/em>, de Noel Coward y\u00a0<em><strong>El imb\u00e9cil<\/strong><\/em>, de Luigi Pirandello.<\/p>\n<h2><strong>1963<\/strong><\/h2>\n<p>Teknos presenta\u00a0<strong><em>Los grillos sordos<\/em><\/strong>, del autor y director Jaime Silva, obra con la que ganan el 2\u00b0 Premio de Teatro Infantil en el Festival de Teatro Aficionado de Vi\u00f1a del Mar.<\/p>\n<p>Teknos presenta\u00a0<strong><em>El ni\u00f1o de oro<\/em><\/strong><em>,<\/em>\u00a0de Cliffor Odtes y\u00a0<em><strong>Los geniales de Sonderling<\/strong><\/em>, de Robert Merle.<\/p>\n<h2><strong>1964<\/strong><\/h2>\n<p>Teknos estrena\u00a0<em><strong>El farsante del oeste<\/strong><\/em>, de John Synge y\u00a0<em><strong>El herrero y el diablo<\/strong><\/em>, de Juan Carlos Gen\u00e9.<\/p>\n<p>Teknos estrena\u00a0<em><strong>Roquer\u00edo<\/strong><\/em>, de Tom\u00e1s Ireland, obra con la que ganan el Gran Premio de Honor en el Festival de Teatro Universitario. Fue dirigida por Jaime Silva como director invitado. La m\u00fasica de \u201cLa mar brava\u201d fue compuesta por el reconocido m\u00fasico nacional Luis Advis.\u00a0<em><strong>Roquer\u00edo<\/strong>\u00a0<\/em>fue presentada en el Canal de Televisi\u00f3n Nacional por el Grupo Teknos.<\/p>\n<h2><strong>1965<\/strong><\/h2>\n<p>Teknos recibe al director y dramaturgo norteamericano Romney Brent, quien estaba interesado en el trabajo del grupo teatral.<\/p>\n<p>Teknos estrena\u00a0<em><strong>Los fugitivos<\/strong><\/em>, de Sergio Vodanovic, dirigida por Domingo Tessier como director invitado. Ese mismo a\u00f1o ponen en escena\u00a0<em><strong>Don Juan<\/strong>\u00a0<\/em>de Guillermo Figuereido.<\/p>\n<p><em>Teknos presenta\u00a0<\/em><em><strong>El herrero y el diablo<\/strong><\/em>, de Jean Genet. Por esta fecha su actividad teatral comienza a proyectarse m\u00e1s all\u00e1 de la sala Bulnes, alcanzando distintas ciudades, poblaciones y colegios, rasgo que luego diferenciar\u00e1 a esta agrupaci\u00f3n teatral de otras.<\/p>\n<p>Se crea el Ballet Folcl\u00f3rico Experimental\u00a0 de la UTE bajo la direcci\u00f3n de Anibal Granados.<\/p>\n<h2><strong>1966<\/strong><\/h2>\n<p>Teknos estrena\u00a0<strong><em>Escape libre<\/em><\/strong>\u00a0de Boutielle y Garcin y\u00a0<strong><em>El \u00e1rbol solo<\/em><\/strong>\u00a0de Marta Brunet.<\/p>\n<h2><strong>1967<\/strong><\/h2>\n<p>Teknos monta uno de sus trabajos m\u00e1s importantes\u00a0<strong><em>Pan caliente<\/em><\/strong>\u00a0 de Mar\u00eda Asunci\u00f3n Requena, trabajo que mostraron en Chile y el extranjero m\u00e1s de 600 veces.<\/p>\n<p>Teknos presenta\u00a0<strong><em>El peque\u00f1o Malcolm y su lucha contra los eunucos\u00a0<\/em><\/strong>de David Halliwell.\u00a0 El elenco de Teknos recorri\u00f3 el centro de Santiago con carteles del PED \u201cPartido Ereccionista Din\u00e1mico\u201d, agrupaci\u00f3n que aparece en dicho montaje. La revista Telegu\u00eda escribi\u00f3 que con esto: \u201cel Teknos hab\u00eda iniciado la Publicidad-happening en Chile, ampliando los estrechos l\u00edmites del escenario y llevando sus personajes a la calle\u00bb (Revista Telegu\u00eda, Editorial Zigzag. 1967).<\/p>\n<h2><strong>1968<\/strong><\/h2>\n<p>Teknos estrena\u00a0<strong><em>La Transformaci\u00f3n<\/em><\/strong><em>,\u00a0<\/em>obra de Tom\u00e1s Enrique \u00d3rdenes, dramaturgo surgido de las aulas de la Universidad T\u00e9cnica del Estado y egresado de la carrera de Construcci\u00f3n Civil de la Universidad. Ese mismo a\u00f1o ponen en escena\u00a0<strong><em>El Tragaluz<\/em><\/strong>, de Antonio Buero.<\/p>\n<h2><strong>1969<\/strong><\/h2>\n<p>Teknos presenta\u00a0<strong><em>Mariana Pineda<\/em><\/strong>, de Federico Garc\u00eda Lorca, basada en la vida de Mariana Pineda M\u00fa\u00f1oz, una hero\u00edna liberal espa\u00f1ola del siglo XIX que enfrent\u00f3 a la monarqu\u00eda de Fernando VII.<\/p>\n<p>Teknos realiza su primera gira internacional la que incluy\u00f3 Bolivia, Colombia y Panam\u00e1 y en la que presentaron\u00a0<em><strong>Pan caliente<\/strong><\/em>, \u00a0<strong><em>E<em>l tragaluz<\/em><\/em><\/strong><em>\u00a0y<\/em>\u00a0<em><strong>Escape libre<\/strong><\/em>.<\/p>\n<p>El Teatro Nuevo Popular, creado al alero de la Central \u00danica de Trabajadores, pasa a ser parte de la Universidad T\u00e9cnica del Estado por medio del Convenio CUT-UTE.<\/p>\n<h2><strong>1970<\/strong><\/h2>\n<p>El grupo Teknos se traslada a Sala Tal\u00eda, la cual contaba con un escenario un poco m\u00e1s amplio que el de Sala Bulnes.\u00a0 Esta sala se llama hoy Alejandro Flores y est\u00e1 ubicada en calle San Diego. Ese mismo a\u00f1o presentan en diversas ciudades del pa\u00eds\u00a0<em><strong>Heroica de Buenos Aires<\/strong><\/em><em>,\u00a0<\/em>con Mait\u00e9 Fern\u00e1ndez como protagonista.<\/p>\n<h2><strong>1971<\/strong><\/h2>\n<p>Teknos estrena\u00a0<strong><em>La Escuela de las Mujeres\u00a0<\/em><\/strong><strong><em>de Moli\u00e8re<\/em><\/strong>, con Adriano Castillo como protagonista. Tambi\u00e9n en 1971 montan\u00a0<strong><em>Canciones para mirar<\/em><\/strong>, de la poeta, compositora y dramaturga Mar\u00eda Elena Walsh, adem\u00e1s de\u00a0<strong><em>Reencuentro<\/em><\/strong>, de Elizaldo Rojas.<\/p>\n<h2><strong>1972<\/strong><\/h2>\n<p>Teknos presenta\u00a0<em><strong>Homo chilensis<\/strong><\/em>, de Mar\u00eda Asunci\u00f3n Requena, y<strong>\u00a0\u00a0<em>Para saber y cantar<\/em><\/strong>, de Mait\u00e9 Fern\u00e1ndez.<\/p>\n<h2><strong>1973<\/strong><\/h2>\n<p>La\u00a0<em>Revista UTE\u00a0<\/em>en sus n\u00fameros 13 y 14, marzo-junio de 1973\u00a0 publica completa\u00a0<strong><em>Una casa en Lota Alto<\/em><\/strong>, obra de V\u00edctor Torres, egresado de Qu\u00edmica Industrial de la UTE , quien recibi\u00f3 por esta obra el Premio Casa de las Am\u00e9ricas de Cuba.<\/p>\n<p>Teknos estrena\u00a0<em><strong>Volpone<\/strong><\/em>, de Ben Johnson.<\/p>\n<p>El mismo d\u00eda del Golpe C\u00edvico Militar la UTE es intervenida por los militares y los elencos art\u00edsticos quedan bajo el alero de una nueva unidad: la Vicerrector\u00eda de Extensi\u00f3n y Comunicaciones. Su principal autoridad, Percy Eaglehurst, creador del conocido comic Pepe Ant\u00e1rtico, mantuvo algunas de las agrupaciones culturales que se formaron en la UTE, entre ellos el grupo de Teatro Teknos.<\/p>\n<p>Producto de la intervenci\u00f3n militar en la Universidad el Baller Folcl\u00f3rico cambia de direcci\u00f3n y queda bajo el mando de Miguel Sep\u00falveda. Este mismo a\u00f1o cambia su nombre a Ballet Folcl\u00f3rico de la Universidad T\u00e9cnica del Estado.<\/p>\n<h2><strong>1974<\/strong><\/h2>\n<p>Teknos estrena\u00a0<strong><em>Las bodas de F\u00edgaro<\/em><\/strong>\u00a0 de Pierre Beaumarchais, dirigida por Domingo Tessier como director invitado.<\/p>\n<h2><strong>1975<\/strong><\/h2>\n<p>Teknos presenta\u00a0<strong><em>La viudad astuta<\/em><\/strong>, de Carlo Goldoni,\u00a0<strong><em>La fierecilla domada<\/em><\/strong><em>,<\/em>\u00a0de William Shakerspeare y\u00a0<strong><em>La familia de Marta Mardones<\/em><\/strong><em>,<\/em>\u00a0de Fernando Cuadra.<\/p>\n<p>Asume como \u00a0nuevo Vicerrector de Extensi\u00f3n y Comunicaciones Roberto Escobar, quien puso fin al teatro Teknos cuando presentaba\u00a0<strong>La familia de\u00a0<em>Marta Mardones<\/em><\/strong>, montaje que hab\u00eda sido llevado a la televisi\u00f3n y por el cual Gabriela Medina recibi\u00f3 el premio a mejor actriz de ese a\u00f1o.<\/p>\n<p>BAFUTE se presenta en el Foro Griego en el contexto de la visita de Augusto Pinochet a la UTE.<\/p>\n<h2><strong>1976<\/strong><\/h2>\n<p>BAFUTE realiza su primera gira internacional a Brasil.<\/p>\n<h2><strong>\u00a01977<\/strong><\/h2>\n<p>El BAFUTE abre las seis noches del Festival de Vi\u00f1a. La mayor\u00eda de los ballet folcl\u00f3ricos hab\u00edan sido suprimidos por la dictadura.<\/p>\n","protected":false},"excerpt":{"rendered":"<p>1951 Nace el Circo Minero de la Escuela de Minas de La Serena, sede de la UTE (hoy Universidad de La Serena) 1958 En la Escuela de Artes y Oficios se funda el Teatro Teknos bajo la direcci\u00f3n de Alfredo Mari\u00f1o. La primera\u00a0 obra fue\u00a0Se arrienda esta casa,\u00a0\u00a0de Gabriel D&#8217;Harvillez. 1959 Teknos estrena\u00a0Tres en un [&hellip;]<\/p>\n","protected":false},"author":1,"featured_media":0,"parent":0,"menu_order":0,"comment_status":"closed","ping_status":"closed","template":"","meta":{"_exactmetrics_skip_tracking":false,"_exactmetrics_sitenote_active":false,"_exactmetrics_sitenote_note":"","_exactmetrics_sitenote_category":0,"footnotes":""},"class_list":["post-16","page","type-page","status-publish","hentry"],"_links":{"self":[{"href":"https:\/\/archivopatrimonial.usach.cl\/escenicas\/index.php?rest_route=\/wp\/v2\/pages\/16"}],"collection":[{"href":"https:\/\/archivopatrimonial.usach.cl\/escenicas\/index.php?rest_route=\/wp\/v2\/pages"}],"about":[{"href":"https:\/\/archivopatrimonial.usach.cl\/escenicas\/index.php?rest_route=\/wp\/v2\/types\/page"}],"author":[{"embeddable":true,"href":"https:\/\/archivopatrimonial.usach.cl\/escenicas\/index.php?rest_route=\/wp\/v2\/users\/1"}],"replies":[{"embeddable":true,"href":"https:\/\/archivopatrimonial.usach.cl\/escenicas\/index.php?rest_route=%2Fwp%2Fv2%2Fcomments&post=16"}],"version-history":[{"count":7,"href":"https:\/\/archivopatrimonial.usach.cl\/escenicas\/index.php?rest_route=\/wp\/v2\/pages\/16\/revisions"}],"predecessor-version":[{"id":865,"href":"https:\/\/archivopatrimonial.usach.cl\/escenicas\/index.php?rest_route=\/wp\/v2\/pages\/16\/revisions\/865"}],"wp:attachment":[{"href":"https:\/\/archivopatrimonial.usach.cl\/escenicas\/index.php?rest_route=%2Fwp%2Fv2%2Fmedia&parent=16"}],"curies":[{"name":"wp","href":"https:\/\/api.w.org\/{rel}","templated":true}]}}