{"id":4,"date":"2015-06-21T16:53:51","date_gmt":"2015-06-21T16:53:51","guid":{"rendered":"http:\/\/archivopatrimonial.usach.cl\/escenicas\/?page_id=4"},"modified":"2018-07-24T15:33:47","modified_gmt":"2018-07-24T19:33:47","slug":"inicio","status":"publish","type":"page","link":"https:\/\/archivopatrimonial.usach.cl\/escenicas\/","title":{"rendered":"Artes esc\u00e9nicas en la UTE"},"content":{"rendered":"<p><iframe loading=\"lazy\" width=\"100%\" height=\"720\" src=\"https:\/\/www.youtube.com\/embed\/UC6R4DQbWCI?autoplay=1;&#038;rel=0;&amp;showinfo=0\" frameborder=\"0\" allow=\"autoplay; encrypted-media\" allowfullscreen><\/iframe><br \/>\n&nbsp;<\/p>\n<p>El teatro, la danza y el circo en la Universidad T\u00e9cnica del Estado comenzaron a desarrollarse muy poco despu\u00e9s de la creaci\u00f3n oficial de la propia Universidad.<\/p>\n<p>En sus comienzos se canalizaron\u00a0 principalmente a trav\u00e9s de dos grandes agrupaciones: El Teatro Teknos (1958) y el Ballet Folcl\u00f3rico (BAFUTE), fundado el a\u00f1o 1965. Ambos grupos se iniciaron por motivaci\u00f3n de estudiantes, pero con el paso de los a\u00f1os se profesionalizaron hasta ser considerados elencos oficiales de la UTE. Otros casos destacados son el Circo Minero (1951), considerado el \u00fanico circo de Chile conformado \u00a0\u00fanicamente por estudiantes; el Teatro Nuevo Popular (1968) desarrollado al alero del Convenio CUT-UTE; y el TEPA, fundado en 1971, dirigido a trabajadores y campesinos y dictado por la reconocida dramaturga Isidora Aguirre, quien se desempe\u00f1\u00f3 como funcionaria de la Secretar\u00eda Nacional de Extensi\u00f3n y Comunicaciones.<\/p>\n<p>Avanzada la d\u00e9cada del 60 Teknos y BAFUTE \u00a0alinearon fielmente su quehacer a los mandatos de la Reforma Universitaria iniciada en 1968. Por esos a\u00f1os la Universidad T\u00e9cnica del Estado llevaba a cabo un importante proceso de democratizaci\u00f3n institucional, as\u00ed como \u00a0tambi\u00e9n participaba activamente del escenario pol\u00edtico de la \u00e9poca, en el cual emergieron \u00a0obreros y estudiantes como nuevos sujetos que ven\u00edan a transformar el orden de la universidad y del pa\u00eds. Dentro de los imperativos de la Reforma Universitaria liderada por el Rector Enrique Kirberg, estuvo poner acento en la democratizaci\u00f3n cultural. En ese contexto, los elencos art\u00edsticos de la UTE de ese periodo no solo se dedicaron a desarrollar sus talentos art\u00edsticos, sino, por sobre todo, a llevar sus presentaciones de danza y teatro a la mayor cantidad de puntos del pa\u00eds, para que todos los sectores de la sociedad pudieran acercarse al arte que hasta ese momento hab\u00eda sido privilegio de la elite y de grupos m\u00e1s letrados. En ese sentido, un aspecto importante a destacar fue el surgimiento de conjuntos teatrales en las sedes de la Universidad como lo fueron el Conjunto Teatral Factum, en Punta Arenas; el Conjunto de Teatro y Arte UTEVA, en Valdivia; el Conjunto FEUT, en Concepci\u00f3n, y el grupo de teatro, en Temuco.<\/p>\n<p>Si hay algo que caracteriza a la danza, el teatro y la dramaturgia de la UTE es que se movi\u00f3 en muchos sentidos: sac\u00f3 a los actores del escenario y los llevo a la calle; hizo que los obras viajaran por todo Chile y Latinoam\u00e9rica; puso en el p\u00fablico a gente que nunca hab\u00eda visto un conjunto teatral o de danza; adapt\u00f3 montajes tradicionales y los convirti\u00f3 en reflejos del Chile de esa \u00e9poca; se presentaron en campamentos mineros, sindicatos, plazas p\u00fablicas, poblaciones. En definitiva, pusieron la cultura en nuevas manos y participaron con ello de un proyecto pol\u00edtico y cultural en que el arte, por primera vez, era de todos.<\/p>\n","protected":false},"excerpt":{"rendered":"<p>&nbsp; El teatro, la danza y el circo en la Universidad T\u00e9cnica del Estado comenzaron a desarrollarse muy poco despu\u00e9s de la creaci\u00f3n oficial de la propia Universidad. En sus comienzos se canalizaron\u00a0 principalmente a trav\u00e9s de dos grandes agrupaciones: El Teatro Teknos (1958) y el Ballet Folcl\u00f3rico (BAFUTE), fundado el a\u00f1o 1965. Ambos grupos [&hellip;]<\/p>\n","protected":false},"author":1,"featured_media":0,"parent":0,"menu_order":0,"comment_status":"closed","ping_status":"closed","template":"","meta":{"_exactmetrics_skip_tracking":false,"_exactmetrics_sitenote_active":false,"_exactmetrics_sitenote_note":"","_exactmetrics_sitenote_category":0,"footnotes":""},"class_list":["post-4","page","type-page","status-publish","hentry"],"_links":{"self":[{"href":"https:\/\/archivopatrimonial.usach.cl\/escenicas\/index.php?rest_route=\/wp\/v2\/pages\/4"}],"collection":[{"href":"https:\/\/archivopatrimonial.usach.cl\/escenicas\/index.php?rest_route=\/wp\/v2\/pages"}],"about":[{"href":"https:\/\/archivopatrimonial.usach.cl\/escenicas\/index.php?rest_route=\/wp\/v2\/types\/page"}],"author":[{"embeddable":true,"href":"https:\/\/archivopatrimonial.usach.cl\/escenicas\/index.php?rest_route=\/wp\/v2\/users\/1"}],"replies":[{"embeddable":true,"href":"https:\/\/archivopatrimonial.usach.cl\/escenicas\/index.php?rest_route=%2Fwp%2Fv2%2Fcomments&post=4"}],"version-history":[{"count":18,"href":"https:\/\/archivopatrimonial.usach.cl\/escenicas\/index.php?rest_route=\/wp\/v2\/pages\/4\/revisions"}],"predecessor-version":[{"id":869,"href":"https:\/\/archivopatrimonial.usach.cl\/escenicas\/index.php?rest_route=\/wp\/v2\/pages\/4\/revisions\/869"}],"wp:attachment":[{"href":"https:\/\/archivopatrimonial.usach.cl\/escenicas\/index.php?rest_route=%2Fwp%2Fv2%2Fmedia&parent=4"}],"curies":[{"name":"wp","href":"https:\/\/api.w.org\/{rel}","templated":true}]}}