{"id":9,"date":"2015-06-21T16:54:54","date_gmt":"2015-06-21T16:54:54","guid":{"rendered":"http:\/\/archivopatrimonial.usach.cl\/escenicas\/?page_id=9"},"modified":"2016-12-02T10:32:16","modified_gmt":"2016-12-02T13:32:16","slug":"bibliografia","status":"publish","type":"page","link":"https:\/\/archivopatrimonial.usach.cl\/escenicas\/?page_id=9","title":{"rendered":"Bibliograf\u00eda"},"content":{"rendered":"<p>Corval\u00e1n, L. (2008) <em>El gobierno de Salvador Allende. <\/em>Santiago de Chile: LOM.<\/p>\n<p>Campos, R. (2015) Ex bailarina BAFUTE (entrevista).<\/p>\n<p>Guti\u00e9rrez, P., Jeftanovic, (2015) <em>Archivo Isidora Aguirre. Composici\u00f3n de una memoria. <\/em>Santiago de Chile: Ediciones El Clan.<\/p>\n<p>Ireland, T. (2013) <em>Teatro Universitario UTE-TEKNOS. <\/em>Santiago de Chile: Editorial Universidad de Santiago de Chile.<\/p>\n<p>Hurtado, M., Ochsenius, C. (1982) <em>Teatro chileno de la crisis institucional 1973-1980 : (antolog\u00eda cr\u00edtica)<\/em> Mineapolis : Minesota Latin American Series, University of Minesota ; Santiago : Centro de Indagaci\u00f3n y Expresi\u00f3n Cultural y Art\u00edstica, 1982.<\/p>\n<p>Ireland, T., Rivera, F. (2016) <em>La UTE vive. Memorias y testimonios de la Reforma Universitaria en la Universidad T\u00e9cnica del Estado. Chile 1961-1973. <\/em>Santiago de Chile: Ediciones de la Corporaci\u00f3n Cultural de la Universidad de Santiago de Chile.<\/p>\n<p>Kirberg, E. (1981) <em>Los nuevos profesiones. Educaci\u00f3n universitaria de trabajadores en Chile: UTE 1968-1973.<\/em>Guadalajara: Universidad de Guadalajara.<\/p>\n<p>Milla, G. (Director). (2008) <em>Como polvo de estrellas [<\/em>Documental<em>]<\/em>. Chile: Consejo Nacional de la Cultura y las Artes.<\/p>\n<p>Ochsenius, C. (1982). <em>Teatros Universitarios de Santiago: el estado en la escena 1940-1973.<\/em> Santiago de Chile: CENECA.<\/p>\n<p>Pinto, J., Garc\u00e9s, M. (2005<em>) Cuando hicimos historia.<\/em> <em>La experiencia de la Unidad Popular.<\/em> Santiago de Chile: LOM.<\/p>\n<p>Pi\u00f1a, J. (2014) <em>Historia del teatro en Chile 1941-1990. <\/em>Santiago de Chile: Aguilar Chilena de Ediciones.<\/p>\n<p>Pradenas, L. (2006) <em>Teatro en Chile. Huellas y trayectorias . Siglos XVI-XX<\/em>. Santiago de Chile: LOM<\/p>\n<p>Pulgar, L. (2008) Teatro en tiempos de Allende. <em>Revista Punto Final N\u00b0665<\/em>, en homenaje al centenario de Salvador Allende. 26 de junio, 2008.<\/p>\n<p>Rivera, R. (2016) <em>Memorias de un exilio teatral. <\/em>Santiago de Chile: Hueders.<\/p>\n<p>Rivera, F. (2016) <em>Enrique Kirberg. Escritos escogidos. <\/em>Santiago de Chile: Ediciones de la Corporaci\u00f3n Cultural de la Universidad de Santiago de Chile.<\/p>\n<p>Sep\u00falveda, M. (2015) Ex director BAFUTE (entrevista)<\/p>\n<p>Trivelli, P. (1996) <em>Los teatros universitarios de Santiago y se expresi\u00f3n socio-cultural.<\/em> Santiago de Chile.<\/p>\n<p><a href=\"http:\/\/amigoscircominero.blogspot.cl\/\">http:\/\/amigoscircominero.blogspot.cl\/<\/a><\/p>\n<p>Oxman, I<em>. <\/em>(2013) <em>El circo en tres actos: 180 a\u00f1os de maroma en Chile. <\/em>Santiago de Chile: Ocho Libros.<\/p>\n","protected":false},"excerpt":{"rendered":"<p>Corval\u00e1n, L. (2008) El gobierno de Salvador Allende. Santiago de Chile: LOM. Campos, R. (2015) Ex bailarina BAFUTE (entrevista). Guti\u00e9rrez, P., Jeftanovic, (2015) Archivo Isidora Aguirre. Composici\u00f3n de una memoria. Santiago de Chile: Ediciones El Clan. Ireland, T. (2013) Teatro Universitario UTE-TEKNOS. Santiago de Chile: Editorial Universidad de Santiago de Chile. Hurtado, M., Ochsenius, C. [&hellip;]<\/p>\n","protected":false},"author":1,"featured_media":0,"parent":0,"menu_order":0,"comment_status":"closed","ping_status":"closed","template":"","meta":{"_exactmetrics_skip_tracking":false,"_exactmetrics_sitenote_active":false,"_exactmetrics_sitenote_note":"","_exactmetrics_sitenote_category":0,"footnotes":""},"class_list":["post-9","page","type-page","status-publish","hentry"],"_links":{"self":[{"href":"https:\/\/archivopatrimonial.usach.cl\/escenicas\/index.php?rest_route=\/wp\/v2\/pages\/9"}],"collection":[{"href":"https:\/\/archivopatrimonial.usach.cl\/escenicas\/index.php?rest_route=\/wp\/v2\/pages"}],"about":[{"href":"https:\/\/archivopatrimonial.usach.cl\/escenicas\/index.php?rest_route=\/wp\/v2\/types\/page"}],"author":[{"embeddable":true,"href":"https:\/\/archivopatrimonial.usach.cl\/escenicas\/index.php?rest_route=\/wp\/v2\/users\/1"}],"replies":[{"embeddable":true,"href":"https:\/\/archivopatrimonial.usach.cl\/escenicas\/index.php?rest_route=%2Fwp%2Fv2%2Fcomments&post=9"}],"version-history":[{"count":5,"href":"https:\/\/archivopatrimonial.usach.cl\/escenicas\/index.php?rest_route=\/wp\/v2\/pages\/9\/revisions"}],"predecessor-version":[{"id":844,"href":"https:\/\/archivopatrimonial.usach.cl\/escenicas\/index.php?rest_route=\/wp\/v2\/pages\/9\/revisions\/844"}],"wp:attachment":[{"href":"https:\/\/archivopatrimonial.usach.cl\/escenicas\/index.php?rest_route=%2Fwp%2Fv2%2Fmedia&parent=9"}],"curies":[{"name":"wp","href":"https:\/\/api.w.org\/{rel}","templated":true}]}}