{"id":136,"date":"2018-06-28T12:41:05","date_gmt":"2018-06-28T16:41:05","guid":{"rendered":"http:\/\/archivopatrimonial.usach.cl\/grafica\/?page_id=136"},"modified":"2019-01-23T12:48:30","modified_gmt":"2019-01-23T15:48:30","slug":"inicio-2","status":"publish","type":"page","link":"https:\/\/archivopatrimonial.usach.cl\/grafica\/","title":{"rendered":"Gr\u00e1fica UTE"},"content":{"rendered":"<p><iframe loading=\"lazy\" src=\"https:\/\/www.youtube.com\/embed\/qe85EGM-GtI?autoplay=1;&amp;rel=0;&amp;showinfo=0\" width=\"100%\" height=\"720\" frameborder=\"0\" allowfullscreen=\"allowfullscreen\"><\/iframe><\/p>\n<p style=\"text-align: justify;\">El Taller Gr\u00e1fico de la UTE fue fundado en 1968; sin embargo, su historia comienza las d\u00e9cadas previas, cuando Julio Astudillo se encarg\u00f3 de la central de apuntes y del\u00a0 laboratorio de fotograf\u00eda. El ingreso de estudiantes en pr\u00e1ctica hizo que esta unidad comenzara a ampliar sus funciones hasta convertirse en Fotograf\u00eda e Imprenta UTE, en 1958. La incorporaci\u00f3n de m\u00e1quinas y herramientas de nivel industrial permiti\u00f3 el aumento del trabajo de la secci\u00f3n, al mismo tiempo que aument\u00f3 su personal, principalmente, t\u00e9cnicos en artes gr\u00e1ficas, fot\u00f3grafos, publicistas y dise\u00f1adores gr\u00e1ficos.<\/p>\n<p style=\"text-align: justify;\">Durante la rector\u00eda de Enrique Kirberg, el Taller Gr\u00e1fico fue pieza fundamental para comunicar a nivel nacional los avances y caracter\u00edsticas de la reforma universitaria que viv\u00eda la instituci\u00f3n. El dise\u00f1o e impresi\u00f3n de los materiales de difusi\u00f3n de las actividades de extensi\u00f3n, la publicaci\u00f3n de revistas y libros, documentos administrativos, afiches y folletos, fueron producto de un grupo de artistas y profesionales comprometidos con el proceso reformista y los cambios que experimentaba el pa\u00eds en los primeros a\u00f1os de la d\u00e9cada de 1970.<\/p>\n","protected":false},"excerpt":{"rendered":"<p>El Taller Gr\u00e1fico de la UTE fue fundado en 1968; sin embargo, su historia comienza las d\u00e9cadas previas, cuando Julio Astudillo se encarg\u00f3 de la central de apuntes y del\u00a0 laboratorio de fotograf\u00eda. El ingreso de estudiantes en pr\u00e1ctica hizo que esta unidad comenzara a ampliar sus funciones hasta convertirse en Fotograf\u00eda e Imprenta UTE, [&hellip;]<\/p>\n","protected":false},"author":2,"featured_media":0,"parent":0,"menu_order":0,"comment_status":"closed","ping_status":"closed","template":"","meta":{"_exactmetrics_skip_tracking":false,"_exactmetrics_sitenote_active":false,"_exactmetrics_sitenote_note":"","_exactmetrics_sitenote_category":0,"footnotes":""},"class_list":["post-136","page","type-page","status-publish","hentry"],"_links":{"self":[{"href":"https:\/\/archivopatrimonial.usach.cl\/grafica\/index.php?rest_route=\/wp\/v2\/pages\/136"}],"collection":[{"href":"https:\/\/archivopatrimonial.usach.cl\/grafica\/index.php?rest_route=\/wp\/v2\/pages"}],"about":[{"href":"https:\/\/archivopatrimonial.usach.cl\/grafica\/index.php?rest_route=\/wp\/v2\/types\/page"}],"author":[{"embeddable":true,"href":"https:\/\/archivopatrimonial.usach.cl\/grafica\/index.php?rest_route=\/wp\/v2\/users\/2"}],"replies":[{"embeddable":true,"href":"https:\/\/archivopatrimonial.usach.cl\/grafica\/index.php?rest_route=%2Fwp%2Fv2%2Fcomments&post=136"}],"version-history":[{"count":7,"href":"https:\/\/archivopatrimonial.usach.cl\/grafica\/index.php?rest_route=\/wp\/v2\/pages\/136\/revisions"}],"predecessor-version":[{"id":424,"href":"https:\/\/archivopatrimonial.usach.cl\/grafica\/index.php?rest_route=\/wp\/v2\/pages\/136\/revisions\/424"}],"wp:attachment":[{"href":"https:\/\/archivopatrimonial.usach.cl\/grafica\/index.php?rest_route=%2Fwp%2Fv2%2Fmedia&parent=136"}],"curies":[{"name":"wp","href":"https:\/\/api.w.org\/{rel}","templated":true}]}}