{"id":6,"date":"2015-06-21T16:54:16","date_gmt":"2015-06-21T16:54:16","guid":{"rendered":"http:\/\/archivopatrimonial.usach.cl\/grafica\/?page_id=6"},"modified":"2018-06-28T15:38:21","modified_gmt":"2018-06-28T19:38:21","slug":"historia","status":"publish","type":"page","link":"https:\/\/archivopatrimonial.usach.cl\/grafica\/?page_id=6","title":{"rendered":"Personajes Asociados"},"content":{"rendered":"<p><strong>Julio Astudillo<\/strong><\/p>\n<p>Egresado de la Escuela de Artes y Oficios. Fot\u00f3grafo contratado por rector\u00eda para encargarse de las relaciones p\u00fablicas de la universidad. Asumi\u00f3 el funcionamiento del laboratorio de fotograf\u00eda ubicado en la central de apuntes, en la d\u00e9cada de 1950. Conform\u00f3 un equipo que vigoriz\u00f3 las labores del taller, convirti\u00e9ndose en director de la secci\u00f3n Fotograf\u00eda e Imprenta UTE. Solicit\u00f3 la adquisici\u00f3n de maquinarias de impresi\u00f3n de nivel industrial, lo cual permiti\u00f3 la ampliaci\u00f3n y el aumento de los trabajos de la secci\u00f3n. En 1968 renuncia a la universidad por petici\u00f3n del rector Enrique Kirberg.<\/p>\n<p><strong>Yerko Moretic<\/strong><\/p>\n<p>Se titul\u00f3 de Profesor de Castellano en el Instituto Pedag\u00f3gico de la Universidad de Chile. En 1969 asumi\u00f3 la organizaci\u00f3n del \u00c1rea de Extensi\u00f3n y Comunicaciones de la UTE; durante su gesti\u00f3n, fueron fundadas la Editorial y la Librer\u00eda de la universidad, se publicaron las revistas <em>Unit\u00e9cnica<\/em> y <em>Cuadernos de la Reforma<\/em>, y se impulsaron las actividades art\u00edsticas, los cursos de temporada y los trabajos del Taller Gr\u00e1fico. En 1971 fue trasladado para ejercer docencia al Departamento de Ciencias Sociales de la Escuela de Ingenieros Industriales.<\/p>\n<p><strong>Omar Rojas<\/strong><\/p>\n<p>Estudi\u00f3 Pedagog\u00eda en Publicidad en el Instituto Pedag\u00f3gico T\u00e9cnico de la UTE. Junto a otros estudiantes aficionados a la fotograf\u00eda fund\u00f3 en la d\u00e9cada de 1950 el grupo Fotocineclub. Se integr\u00f3 a trabajar como estudiante en pr\u00e1ctica al laboratorio de fotograf\u00eda dependiente de la central de apuntes de la universidad. Su experiencia y conocimiento del aspecto t\u00e9cnico de las maquinarias de impresi\u00f3n lo convirtieron en jefe de operaciones de Fotograf\u00eda e Imprenta UTE, para ser nombrado, posteriormente, director del Taller Gr\u00e1fico fundado en 1968.<\/p>\n<p><strong>Mario Navarro<\/strong><\/p>\n<p>Se titul\u00f3 de profesor normalista en la Escuela Normal Jos\u00e9 Abelardo N\u00fa\u00f1ez. Mientras trabajaba como profesor primario durante las tardes, estudi\u00f3 Pedagog\u00eda en Publicidad en el Instituto Pedag\u00f3gico T\u00e9cnico de la UTE. Ingres\u00f3 a la secci\u00f3n Fotograf\u00eda e Imprenta UTE para trabajar como dise\u00f1ador gr\u00e1fico, en el mismo tiempo que gan\u00f3 un concurso acad\u00e9mico para dictar las c\u00e1tedras de Dibujo Publicitario y Taller Publicitario. En 1971, fue nombrado por el rector Kirberg secretario nacional de Extensi\u00f3n y Comunicaciones, y director del Departamento de Comunicaciones, cargos que mantuvo hasta el golpe militar de 1973.<\/p>\n","protected":false},"excerpt":{"rendered":"<p>Julio Astudillo Egresado de la Escuela de Artes y Oficios. Fot\u00f3grafo contratado por rector\u00eda para encargarse de las relaciones p\u00fablicas de la universidad. Asumi\u00f3 el funcionamiento del laboratorio de fotograf\u00eda ubicado en la central de apuntes, en la d\u00e9cada de 1950. Conform\u00f3 un equipo que vigoriz\u00f3 las labores del taller, convirti\u00e9ndose en director de la [&hellip;]<\/p>\n","protected":false},"author":1,"featured_media":0,"parent":0,"menu_order":0,"comment_status":"closed","ping_status":"closed","template":"","meta":{"_exactmetrics_skip_tracking":false,"_exactmetrics_sitenote_active":false,"_exactmetrics_sitenote_note":"","_exactmetrics_sitenote_category":0,"footnotes":""},"class_list":["post-6","page","type-page","status-publish","hentry"],"_links":{"self":[{"href":"https:\/\/archivopatrimonial.usach.cl\/grafica\/index.php?rest_route=\/wp\/v2\/pages\/6"}],"collection":[{"href":"https:\/\/archivopatrimonial.usach.cl\/grafica\/index.php?rest_route=\/wp\/v2\/pages"}],"about":[{"href":"https:\/\/archivopatrimonial.usach.cl\/grafica\/index.php?rest_route=\/wp\/v2\/types\/page"}],"author":[{"embeddable":true,"href":"https:\/\/archivopatrimonial.usach.cl\/grafica\/index.php?rest_route=\/wp\/v2\/users\/1"}],"replies":[{"embeddable":true,"href":"https:\/\/archivopatrimonial.usach.cl\/grafica\/index.php?rest_route=%2Fwp%2Fv2%2Fcomments&post=6"}],"version-history":[{"count":4,"href":"https:\/\/archivopatrimonial.usach.cl\/grafica\/index.php?rest_route=\/wp\/v2\/pages\/6\/revisions"}],"predecessor-version":[{"id":142,"href":"https:\/\/archivopatrimonial.usach.cl\/grafica\/index.php?rest_route=\/wp\/v2\/pages\/6\/revisions\/142"}],"wp:attachment":[{"href":"https:\/\/archivopatrimonial.usach.cl\/grafica\/index.php?rest_route=%2Fwp%2Fv2%2Fmedia&parent=6"}],"curies":[{"name":"wp","href":"https:\/\/api.w.org\/{rel}","templated":true}]}}