{"id":146,"date":"2021-12-20T15:31:25","date_gmt":"2021-12-20T15:31:25","guid":{"rendered":"https:\/\/archivopatrimonial.usach.cl\/proyectofiligranas\/?page_id=146"},"modified":"2022-10-26T20:24:44","modified_gmt":"2022-10-26T20:24:44","slug":"historia","status":"publish","type":"page","link":"https:\/\/archivopatrimonial.usach.cl\/huellasenelpapel\/index.php\/historia\/","title":{"rendered":"Investigaci\u00f3n"},"content":{"rendered":"\n<p><\/p>\n\n\n\n<p>La investigaci\u00f3n desarrollada se dividi\u00f3 en dos \u00e1reas: la primera es una introducci\u00f3n hist\u00f3rica sobre el mercado de papeles en Chile, las caracter\u00edsticas de la producci\u00f3n y consumo de papel, y el proceso de industrializaci\u00f3n durante el siglo XIX, con el objetivo de conocer el panorama del mercado papelero en el pa\u00eds. La segunda parte aborda los criterios de selecci\u00f3n de los documentos que componen el cat\u00e1logo, dando cuenta de su estado de conservaci\u00f3n, las caracter\u00edsticas de sus soportes de papel con marcas de agua y los antecedentes de las filigranas encontradas en ellos.&nbsp;&nbsp;<\/p>\n\n\n\n<p class=\"has-text-align-center\">Para revisar la investigaci\u00f3n completa descarga el cat\u00e1logo \u2193 <\/p>\n\n\n\n<h5 class=\"has-text-align-center wp-block-heading\"><strong><a href=\"https:\/\/archivopatrimonial.usach.cl\/?smd_process_download=1&amp;download_id=9494\" data-type=\"URL\" data-id=\"https:\/\/archivopatrimonial.usach.cl\/?smd_process_download=1&amp;download_id=9494\">Huellas en el papel <br>Cat\u00e1logo de marcas de agua presentes en los documentos de la Escuela de Artes y Oficios<\/a><\/strong><\/h5>\n\n\n\n<div class=\"wp-block-columns is-layout-flex wp-container-core-columns-is-layout-9d6595d7 wp-block-columns-is-layout-flex\"><\/div>\n\n\n\n<p><\/p>\n","protected":false},"excerpt":{"rendered":"<p>La investigaci\u00f3n desarrollada se dividi\u00f3 en dos \u00e1reas: la primera es una introducci\u00f3n hist\u00f3rica sobre el mercado de papeles en Chile, las caracter\u00edsticas de la producci\u00f3n y consumo de papel, y el proceso de industrializaci\u00f3n durante el siglo XIX, con el objetivo de conocer el panorama del mercado papelero en el pa\u00eds. La segunda parte aborda los criterios de selecci\u00f3n de los documentos que componen el cat\u00e1logo, dando cuenta de su estado de conservaci\u00f3n, las caracter\u00edsticas de sus soportes de papel con marcas de agua y los antecedentes de las filigranas encontradas en ellos.&nbsp;&nbsp; Para revisar la investigaci\u00f3n completa descarga el cat\u00e1logo \u2193 Huellas en el papel Cat\u00e1logo de marcas de agua presentes en los documentos de la Escuela de Artes y Oficios<\/p>\n","protected":false},"author":1,"featured_media":0,"parent":0,"menu_order":0,"comment_status":"closed","ping_status":"closed","template":"","meta":{"footnotes":""},"class_list":["post-146","page","type-page","status-publish","hentry"],"_links":{"self":[{"href":"https:\/\/archivopatrimonial.usach.cl\/huellasenelpapel\/index.php\/wp-json\/wp\/v2\/pages\/146","targetHints":{"allow":["GET"]}}],"collection":[{"href":"https:\/\/archivopatrimonial.usach.cl\/huellasenelpapel\/index.php\/wp-json\/wp\/v2\/pages"}],"about":[{"href":"https:\/\/archivopatrimonial.usach.cl\/huellasenelpapel\/index.php\/wp-json\/wp\/v2\/types\/page"}],"author":[{"embeddable":true,"href":"https:\/\/archivopatrimonial.usach.cl\/huellasenelpapel\/index.php\/wp-json\/wp\/v2\/users\/1"}],"replies":[{"embeddable":true,"href":"https:\/\/archivopatrimonial.usach.cl\/huellasenelpapel\/index.php\/wp-json\/wp\/v2\/comments?post=146"}],"version-history":[{"count":7,"href":"https:\/\/archivopatrimonial.usach.cl\/huellasenelpapel\/index.php\/wp-json\/wp\/v2\/pages\/146\/revisions"}],"predecessor-version":[{"id":992,"href":"https:\/\/archivopatrimonial.usach.cl\/huellasenelpapel\/index.php\/wp-json\/wp\/v2\/pages\/146\/revisions\/992"}],"wp:attachment":[{"href":"https:\/\/archivopatrimonial.usach.cl\/huellasenelpapel\/index.php\/wp-json\/wp\/v2\/media?parent=146"}],"curies":[{"name":"wp","href":"https:\/\/api.w.org\/{rel}","templated":true}]}}