{"id":149,"date":"2021-12-20T15:31:44","date_gmt":"2021-12-20T15:31:44","guid":{"rendered":"https:\/\/archivopatrimonial.usach.cl\/proyectofiligranas\/?page_id=149"},"modified":"2022-09-26T13:37:59","modified_gmt":"2022-09-26T13:37:59","slug":"papeles","status":"publish","type":"page","link":"https:\/\/archivopatrimonial.usach.cl\/huellasenelpapel\/index.php\/papeles\/","title":{"rendered":"Papeles"},"content":{"rendered":"\n<p><\/p>\n\n\n\n<p>Los grupos documentales explorados en el proyecto incluyen 1.867 p\u00e1ginas, en su gran mayor\u00eda folios, pero tambi\u00e9n bifolios o pliegos, con o sin verjura, con bordes guillotinados y algunos con bordes barbados. En otras palabras, papeles verjurados de barbas y sin ellas, y papeles vitelas de barbas y sin ellas.\u00a0<\/p>\n\n\n\n<div class=\"wp-block-image is-style-default\"><figure class=\"aligncenter size-full is-resized\"><img loading=\"lazy\" decoding=\"async\" src=\"https:\/\/archivopatrimonial.usach.cl\/huellasenelpapel\/wp-content\/uploads\/2022\/08\/31jpg2.jpg\" alt=\"\" class=\"wp-image-840\" width=\"814\" height=\"1175\" srcset=\"https:\/\/archivopatrimonial.usach.cl\/huellasenelpapel\/wp-content\/uploads\/2022\/08\/31jpg2.jpg 1063w, https:\/\/archivopatrimonial.usach.cl\/huellasenelpapel\/wp-content\/uploads\/2022\/08\/31jpg2-208x300.jpg 208w, https:\/\/archivopatrimonial.usach.cl\/huellasenelpapel\/wp-content\/uploads\/2022\/08\/31jpg2-709x1024.jpg 709w, https:\/\/archivopatrimonial.usach.cl\/huellasenelpapel\/wp-content\/uploads\/2022\/08\/31jpg2-768x1109.jpg 768w\" sizes=\"auto, (max-width: 814px) 100vw, 814px\" \/><\/figure><\/div>\n\n\n\n<div style=\"height:26px\" aria-hidden=\"true\" class=\"wp-block-spacer\"><\/div>\n\n\n\n<div class=\"wp-block-columns is-layout-flex wp-container-core-columns-is-layout-9d6595d7 wp-block-columns-is-layout-flex\">\n<div class=\"wp-block-column is-layout-flow wp-block-column-is-layout-flow\" style=\"flex-basis:50%\">\n<p><meta charset=\"utf-8\"><strong>Papel vitela:<\/strong> Papel resistente, liso, satinado y sin grano (<a href=\"https:\/\/books.google.cl\/books?id=WqPjn1EL6jEC&amp;pg=PA206&amp;dq=papel+vitela+verjurado&amp;hl=es&amp;sa=X&amp;ved=2ahUKEwiC-uPv69D5AhU2ALkGHQ85A7gQ6AF6BAgGEAI#v=onepage&amp;q=puntizones&amp;f=false\">fuente<\/a>). <\/p>\n\n\n\n<p><strong>Corondeles:<\/strong> Regletas o varillas de madera ensambladas en el bastidor, que le brindaban estructura, manten\u00edan el nivel de la malla de alambres met\u00e1licos durante la formaci\u00f3n de la hoja y ofrec\u00edan mayor superficie de contacto, lo que aceleraba el colado del agua por capilaridad durante la formaci\u00f3n de la hoja (<a href=\"https:\/\/books.google.cl\/books?id=BfB9EAAAQBAJ&amp;pg=PA31&amp;dq=puntizones&amp;hl=es&amp;sa=X&amp;ved=2ahUKEwinv-X37ND5AhVsFLkGHTi3DKUQ6AF6BAgCEAI#v=onepage&amp;q=puntizones&amp;f=false\">fuente<\/a>).<\/p>\n<\/div>\n\n\n\n<div class=\"wp-block-column is-layout-flow wp-block-column-is-layout-flow\" style=\"flex-basis:50%\">\n<p><meta charset=\"utf-8\"><strong>Papel verjurado:<\/strong> Es el papel que a trasluz deja ver a modo de filigrana unas rayas producidas por los hilos met\u00e1licos del bastidor <meta charset=\"utf-8\">(<a href=\"https:\/\/books.google.cl\/books?id=WqPjn1EL6jEC&amp;pg=PA206&amp;dq=papel+vitela+verjurado&amp;hl=es&amp;sa=X&amp;ved=2ahUKEwiC-uPv69D5AhU2ALkGHQ85A7gQ6AF6BAgGEAI#v=onepage&amp;q=puntizones&amp;f=false\">fuente<\/a>).<\/p>\n\n\n\n<p><\/p>\n\n\n\n<p><strong>Puntizones: <\/strong>Hilos de lat\u00f3n orientados perpendicularmente a los corondeles, que soportaban a las fibras al formarse la hoja. Dejando que se colara el agua (<a href=\"https:\/\/books.google.cl\/books?id=BfB9EAAAQBAJ&amp;pg=PA31&amp;dq=puntizones&amp;hl=es&amp;sa=X&amp;ved=2ahUKEwinv-X37ND5AhVsFLkGHTi3DKUQ6AF6BAgCEAI#v=onepage&amp;q=puntizones&amp;f=false\">fuente<\/a>).<\/p>\n<\/div>\n<\/div>\n\n\n\n<div class=\"wp-block-columns is-layout-flex wp-container-core-columns-is-layout-9d6595d7 wp-block-columns-is-layout-flex\">\n<div class=\"wp-block-column is-layout-flow wp-block-column-is-layout-flow\" style=\"flex-basis:50%\">\n<p><\/p>\n<\/div>\n\n\n\n<div class=\"wp-block-column is-layout-flow wp-block-column-is-layout-flow\" style=\"flex-basis:50%\">\n<p><\/p>\n<\/div>\n<\/div>\n\n\n\n<div class=\"wp-block-columns is-layout-flex wp-container-core-columns-is-layout-9d6595d7 wp-block-columns-is-layout-flex\"><\/div>\n\n\n\n<div class=\"wp-block-columns is-layout-flex wp-container-core-columns-is-layout-9d6595d7 wp-block-columns-is-layout-flex\">\n<div class=\"wp-block-column is-layout-flow wp-block-column-is-layout-flow\" style=\"flex-basis:100%\"><\/div>\n<\/div>\n","protected":false},"excerpt":{"rendered":"<p>Los grupos documentales explorados en el proyecto incluyen 1.867 p\u00e1ginas, en su gran mayor\u00eda folios, pero tambi\u00e9n bifolios o pliegos, con o sin verjura, con bordes guillotinados y algunos con bordes barbados. En otras palabras, papeles verjurados de barbas y sin ellas, y papeles vitelas de barbas y sin ellas.\u00a0 Papel vitela: Papel resistente, liso, satinado y sin grano (fuente). Corondeles: Regletas o varillas de madera ensambladas en el bastidor, que le brindaban estructura, manten\u00edan el nivel de la malla de alambres met\u00e1licos durante la formaci\u00f3n de la hoja y ofrec\u00edan mayor superficie de contacto, lo que aceleraba el colado del agua por capilaridad durante la formaci\u00f3n de la hoja (fuente). Papel verjurado: Es el papel que a trasluz deja ver a modo de filigrana unas rayas producidas por los hilos met\u00e1licos del bastidor (fuente). Puntizones: Hilos de lat\u00f3n orientados perpendicularmente a los corondeles, que soportaban a las fibras al formarse la hoja. Dejando que se colara el agua (fuente).<\/p>\n","protected":false},"author":1,"featured_media":0,"parent":0,"menu_order":0,"comment_status":"closed","ping_status":"closed","template":"","meta":{"footnotes":""},"class_list":["post-149","page","type-page","status-publish","hentry"],"_links":{"self":[{"href":"https:\/\/archivopatrimonial.usach.cl\/huellasenelpapel\/index.php\/wp-json\/wp\/v2\/pages\/149","targetHints":{"allow":["GET"]}}],"collection":[{"href":"https:\/\/archivopatrimonial.usach.cl\/huellasenelpapel\/index.php\/wp-json\/wp\/v2\/pages"}],"about":[{"href":"https:\/\/archivopatrimonial.usach.cl\/huellasenelpapel\/index.php\/wp-json\/wp\/v2\/types\/page"}],"author":[{"embeddable":true,"href":"https:\/\/archivopatrimonial.usach.cl\/huellasenelpapel\/index.php\/wp-json\/wp\/v2\/users\/1"}],"replies":[{"embeddable":true,"href":"https:\/\/archivopatrimonial.usach.cl\/huellasenelpapel\/index.php\/wp-json\/wp\/v2\/comments?post=149"}],"version-history":[{"count":13,"href":"https:\/\/archivopatrimonial.usach.cl\/huellasenelpapel\/index.php\/wp-json\/wp\/v2\/pages\/149\/revisions"}],"predecessor-version":[{"id":974,"href":"https:\/\/archivopatrimonial.usach.cl\/huellasenelpapel\/index.php\/wp-json\/wp\/v2\/pages\/149\/revisions\/974"}],"wp:attachment":[{"href":"https:\/\/archivopatrimonial.usach.cl\/huellasenelpapel\/index.php\/wp-json\/wp\/v2\/media?parent=149"}],"curies":[{"name":"wp","href":"https:\/\/api.w.org\/{rel}","templated":true}]}}