{"id":155,"date":"2021-12-20T15:32:38","date_gmt":"2021-12-20T15:32:38","guid":{"rendered":"https:\/\/archivopatrimonial.usach.cl\/proyectofiligranas\/?page_id=155"},"modified":"2022-09-26T13:47:32","modified_gmt":"2022-09-26T13:47:32","slug":"capsulas","status":"publish","type":"page","link":"https:\/\/archivopatrimonial.usach.cl\/huellasenelpapel\/index.php\/capsulas\/","title":{"rendered":"C\u00e1psulas"},"content":{"rendered":"\n<p><\/p>\n\n\n\n<p>El proyecto contempl\u00f3 la realizaci\u00f3n de c\u00e1psulas audiovisuales para difundir los alcances de la investigaci\u00f3n y complementar la exposici\u00f3n, mostrando de manera pedag\u00f3gica y comprensible los aspectos y etapas que abord\u00f3 su desarrollo.\u00a0<\/p>\n\n\n\n<div style=\"height:36px\" aria-hidden=\"true\" class=\"wp-block-spacer\"><\/div>\n\n\n\n<figure class=\"wp-block-embed is-type-video is-provider-youtube wp-block-embed-youtube wp-embed-aspect-16-9 wp-has-aspect-ratio\"><div class=\"wp-block-embed__wrapper\">\n<iframe loading=\"lazy\" title=\"Huellas en el papel: Materia de Archivo, Cap\u00edtulo I (2019)\" width=\"960\" height=\"540\" src=\"https:\/\/www.youtube.com\/embed\/2TcjNnDOtjQ?feature=oembed\" frameborder=\"0\" allow=\"accelerometer; autoplay; clipboard-write; encrypted-media; gyroscope; picture-in-picture\" allowfullscreen><\/iframe>\n<\/div><\/figure>\n\n\n\n<div style=\"height:36px\" aria-hidden=\"true\" class=\"wp-block-spacer\"><\/div>\n\n\n\n<figure class=\"wp-block-embed is-type-video is-provider-youtube wp-block-embed-youtube wp-embed-aspect-16-9 wp-has-aspect-ratio\"><div class=\"wp-block-embed__wrapper\">\n<iframe loading=\"lazy\" title=\"Huellas en el papel: conservando para la historia\" width=\"960\" height=\"540\" src=\"https:\/\/www.youtube.com\/embed\/baX4DKuqEB4?feature=oembed\" frameborder=\"0\" allow=\"accelerometer; autoplay; clipboard-write; encrypted-media; gyroscope; picture-in-picture\" allowfullscreen><\/iframe>\n<\/div><\/figure>\n\n\n\n<div style=\"height:36px\" aria-hidden=\"true\" class=\"wp-block-spacer\"><\/div>\n\n\n\n<figure class=\"wp-block-embed is-type-video is-provider-youtube wp-block-embed-youtube wp-embed-aspect-16-9 wp-has-aspect-ratio\"><div class=\"wp-block-embed__wrapper\">\n<iframe loading=\"lazy\" title=\"Huellas en el papel: origen de los papeles de la EAO\" width=\"960\" height=\"540\" src=\"https:\/\/www.youtube.com\/embed\/11NAof43STg?feature=oembed\" frameborder=\"0\" allow=\"accelerometer; autoplay; clipboard-write; encrypted-media; gyroscope; picture-in-picture\" allowfullscreen><\/iframe>\n<\/div><\/figure>\n\n\n\n<div style=\"height:36px\" aria-hidden=\"true\" class=\"wp-block-spacer\"><\/div>\n\n\n\n<figure class=\"wp-block-embed is-type-video is-provider-youtube wp-block-embed-youtube wp-embed-aspect-16-9 wp-has-aspect-ratio\"><div class=\"wp-block-embed__wrapper\">\n<iframe loading=\"lazy\" title=\"Huellas en el papel: cat\u00e1logo de marcas de agua presentes en los documentos de la EAO\" width=\"960\" height=\"540\" src=\"https:\/\/www.youtube.com\/embed\/ZR-O7QI_mOU?feature=oembed\" frameborder=\"0\" allow=\"accelerometer; autoplay; clipboard-write; encrypted-media; gyroscope; picture-in-picture\" allowfullscreen><\/iframe>\n<\/div><\/figure>\n\n\n\n<p><\/p>\n\n\n\n<div class=\"wp-block-columns is-layout-flex wp-container-core-columns-is-layout-9d6595d7 wp-block-columns-is-layout-flex\"><\/div>\n\n\n\n<p><\/p>\n\n\n\n<p><\/p>\n","protected":false},"excerpt":{"rendered":"<p>El proyecto contempl\u00f3 la realizaci\u00f3n de c\u00e1psulas audiovisuales para difundir los alcances de la investigaci\u00f3n y complementar la exposici\u00f3n, mostrando de manera pedag\u00f3gica y comprensible los aspectos y etapas que abord\u00f3 su desarrollo.\u00a0<\/p>\n","protected":false},"author":1,"featured_media":0,"parent":0,"menu_order":0,"comment_status":"closed","ping_status":"closed","template":"","meta":{"footnotes":""},"class_list":["post-155","page","type-page","status-publish","hentry"],"_links":{"self":[{"href":"https:\/\/archivopatrimonial.usach.cl\/huellasenelpapel\/index.php\/wp-json\/wp\/v2\/pages\/155","targetHints":{"allow":["GET"]}}],"collection":[{"href":"https:\/\/archivopatrimonial.usach.cl\/huellasenelpapel\/index.php\/wp-json\/wp\/v2\/pages"}],"about":[{"href":"https:\/\/archivopatrimonial.usach.cl\/huellasenelpapel\/index.php\/wp-json\/wp\/v2\/types\/page"}],"author":[{"embeddable":true,"href":"https:\/\/archivopatrimonial.usach.cl\/huellasenelpapel\/index.php\/wp-json\/wp\/v2\/users\/1"}],"replies":[{"embeddable":true,"href":"https:\/\/archivopatrimonial.usach.cl\/huellasenelpapel\/index.php\/wp-json\/wp\/v2\/comments?post=155"}],"version-history":[{"count":10,"href":"https:\/\/archivopatrimonial.usach.cl\/huellasenelpapel\/index.php\/wp-json\/wp\/v2\/pages\/155\/revisions"}],"predecessor-version":[{"id":978,"href":"https:\/\/archivopatrimonial.usach.cl\/huellasenelpapel\/index.php\/wp-json\/wp\/v2\/pages\/155\/revisions\/978"}],"wp:attachment":[{"href":"https:\/\/archivopatrimonial.usach.cl\/huellasenelpapel\/index.php\/wp-json\/wp\/v2\/media?parent=155"}],"curies":[{"name":"wp","href":"https:\/\/api.w.org\/{rel}","templated":true}]}}