{"id":2,"date":"2021-12-14T16:11:52","date_gmt":"2021-12-14T16:11:52","guid":{"rendered":"https:\/\/archivopatrimonial.usach.cl\/proyectofiligranas\/?page_id=2"},"modified":"2022-10-26T20:33:10","modified_gmt":"2022-10-26T20:33:10","slug":"sample-page","status":"publish","type":"page","link":"https:\/\/archivopatrimonial.usach.cl\/huellasenelpapel\/","title":{"rendered":""},"content":{"rendered":"\n<h2 class=\"has-text-align-center wp-block-heading\">Marca de agua o filigrana<\/h2>\n\n\n\n<h4 class=\"has-text-align-center wp-block-heading\">Es una marca hecha en el papel al momento&nbsp;de su fabricaci\u00f3n, visible a contraluz<\/h4>\n\n\n\n<div style=\"height:10px\" aria-hidden=\"true\" class=\"wp-block-spacer\"><\/div>\n\n\n\n<p><br>Este sitio web ofrece los resultados del estudio de las marcas de agua que se encuentran en los soportes de papel que sustentan la documentaci\u00f3n de mediados del siglo XIX y principios del siglo XX en una de las instituciones de educaci\u00f3n t\u00e9cnica m\u00e1s antigua de Chile: la Escuela de Artes y Oficios (1849-1947). Los documentos textuales que conforman el Archivo Hist\u00f3rico de la EAO, actualmente resguardados por el Archivo Patrimonial de la Universidad de Santiago de Chile, conservan entre sus p\u00e1ginas una parte importante de la historia de la educaci\u00f3n t\u00e9cnica y del crecimiento cient\u00edfico y tecnol\u00f3gico de Chile.&nbsp;<\/p>\n\n\n\n<div style=\"height:18px\" aria-hidden=\"true\" class=\"wp-block-spacer\"><\/div>\n\n\n\n<div class=\"wp-block-image\"><figure class=\"aligncenter size-full is-resized\"><img loading=\"lazy\" decoding=\"async\" src=\"https:\/\/archivopatrimonial.usach.cl\/huellasenelpapel\/wp-content\/uploads\/2022\/08\/EAO-AF-COM-CORR-NOT-C48-1895-042.png\" alt=\"\" class=\"wp-image-934\" width=\"497\" height=\"257\" srcset=\"https:\/\/archivopatrimonial.usach.cl\/huellasenelpapel\/wp-content\/uploads\/2022\/08\/EAO-AF-COM-CORR-NOT-C48-1895-042.png 500w, https:\/\/archivopatrimonial.usach.cl\/huellasenelpapel\/wp-content\/uploads\/2022\/08\/EAO-AF-COM-CORR-NOT-C48-1895-042-300x155.png 300w\" sizes=\"auto, (max-width: 497px) 100vw, 497px\" \/><\/figure><\/div>\n\n\n\n<div style=\"height:41px\" aria-hidden=\"true\" class=\"wp-block-spacer\"><\/div>\n\n\n\n<div class=\"wp-block-columns is-layout-flex wp-container-core-columns-is-layout-9d6595d7 wp-block-columns-is-layout-flex\">\n<div class=\"wp-block-column is-layout-flow wp-block-column-is-layout-flow\">\n<div class=\"wp-block-image\"><figure class=\"alignright size-full\"><img loading=\"lazy\" decoding=\"async\" width=\"654\" height=\"1000\" src=\"https:\/\/archivopatrimonial.usach.cl\/huellasenelpapel\/wp-content\/uploads\/2022\/08\/EAO-AF-COM-CORR-NOT-C48-1895-042-001-1.jpg\" alt=\"\" class=\"wp-image-859\" srcset=\"https:\/\/archivopatrimonial.usach.cl\/huellasenelpapel\/wp-content\/uploads\/2022\/08\/EAO-AF-COM-CORR-NOT-C48-1895-042-001-1.jpg 654w, https:\/\/archivopatrimonial.usach.cl\/huellasenelpapel\/wp-content\/uploads\/2022\/08\/EAO-AF-COM-CORR-NOT-C48-1895-042-001-1-196x300.jpg 196w\" sizes=\"auto, (max-width: 654px) 100vw, 654px\" \/><figcaption><strong>Imagen de documento con luz incidente<\/strong><\/figcaption><\/figure><\/div>\n<\/div>\n\n\n\n<div class=\"wp-block-column is-layout-flow wp-block-column-is-layout-flow\">\n<div class=\"wp-block-image\"><figure class=\"alignleft size-full\"><img loading=\"lazy\" decoding=\"async\" width=\"654\" height=\"1000\" src=\"https:\/\/archivopatrimonial.usach.cl\/huellasenelpapel\/wp-content\/uploads\/2022\/08\/EAO-AF-COM-CORR-NOT-C48-1895-042-003-copy.jpg\" alt=\"\" class=\"wp-image-860\" srcset=\"https:\/\/archivopatrimonial.usach.cl\/huellasenelpapel\/wp-content\/uploads\/2022\/08\/EAO-AF-COM-CORR-NOT-C48-1895-042-003-copy.jpg 654w, https:\/\/archivopatrimonial.usach.cl\/huellasenelpapel\/wp-content\/uploads\/2022\/08\/EAO-AF-COM-CORR-NOT-C48-1895-042-003-copy-196x300.jpg 196w\" sizes=\"auto, (max-width: 654px) 100vw, 654px\" \/><figcaption><strong>Imagen de documento en blanco y negro invertida, con luz transmitida<\/strong><\/figcaption><\/figure><\/div>\n\n\n\n<p><\/p>\n<\/div>\n<\/div>\n","protected":false},"excerpt":{"rendered":"<p>Marca de agua o filigrana Es una marca hecha en el papel al momento&nbsp;de su fabricaci\u00f3n, visible a contraluz Este sitio web ofrece los resultados del estudio de las marcas de agua que se encuentran en los soportes de papel que sustentan la documentaci\u00f3n de mediados del siglo XIX y principios del siglo XX en una de las instituciones de educaci\u00f3n t\u00e9cnica m\u00e1s antigua de Chile: la Escuela de Artes y Oficios (1849-1947). Los documentos textuales que conforman el Archivo Hist\u00f3rico de la EAO, actualmente resguardados por el Archivo Patrimonial de la Universidad de Santiago de Chile, conservan entre sus p\u00e1ginas una parte importante de la historia de la educaci\u00f3n t\u00e9cnica y del crecimiento cient\u00edfico y tecnol\u00f3gico de Chile.&nbsp;<\/p>\n","protected":false},"author":1,"featured_media":0,"parent":0,"menu_order":0,"comment_status":"closed","ping_status":"open","template":"","meta":{"footnotes":""},"class_list":["post-2","page","type-page","status-publish","hentry"],"_links":{"self":[{"href":"https:\/\/archivopatrimonial.usach.cl\/huellasenelpapel\/index.php\/wp-json\/wp\/v2\/pages\/2","targetHints":{"allow":["GET"]}}],"collection":[{"href":"https:\/\/archivopatrimonial.usach.cl\/huellasenelpapel\/index.php\/wp-json\/wp\/v2\/pages"}],"about":[{"href":"https:\/\/archivopatrimonial.usach.cl\/huellasenelpapel\/index.php\/wp-json\/wp\/v2\/types\/page"}],"author":[{"embeddable":true,"href":"https:\/\/archivopatrimonial.usach.cl\/huellasenelpapel\/index.php\/wp-json\/wp\/v2\/users\/1"}],"replies":[{"embeddable":true,"href":"https:\/\/archivopatrimonial.usach.cl\/huellasenelpapel\/index.php\/wp-json\/wp\/v2\/comments?post=2"}],"version-history":[{"count":13,"href":"https:\/\/archivopatrimonial.usach.cl\/huellasenelpapel\/index.php\/wp-json\/wp\/v2\/pages\/2\/revisions"}],"predecessor-version":[{"id":995,"href":"https:\/\/archivopatrimonial.usach.cl\/huellasenelpapel\/index.php\/wp-json\/wp\/v2\/pages\/2\/revisions\/995"}],"wp:attachment":[{"href":"https:\/\/archivopatrimonial.usach.cl\/huellasenelpapel\/index.php\/wp-json\/wp\/v2\/media?parent=2"}],"curies":[{"name":"wp","href":"https:\/\/api.w.org\/{rel}","templated":true}]}}