{"id":211,"date":"2022-01-11T14:08:27","date_gmt":"2022-01-11T14:08:27","guid":{"rendered":"https:\/\/archivopatrimonial.usach.cl\/proyectofiligranas\/?page_id=211"},"modified":"2022-10-26T20:25:31","modified_gmt":"2022-10-26T20:25:31","slug":"catalogo","status":"publish","type":"page","link":"https:\/\/archivopatrimonial.usach.cl\/huellasenelpapel\/index.php\/catalogo\/","title":{"rendered":"Cat\u00e1logo"},"content":{"rendered":"\n<p><\/p>\n\n\n\n<p><meta charset=\"utf-8\">Todo el contenido de este sitio web fue extra\u00eddo de <strong>Huellas en el papel: Cat\u00e1logo de marcas de agua presentes en los documentos de la Escuela de Artes y Oficios<\/strong>, publicaci\u00f3n que comprende toda la informaci\u00f3n y resultados del proyecto. Se imprimieron 100 unidades del cat\u00e1logo en 2022, para adquirir una copia escribe a <a rel=\"noreferrer noopener\" href=\"mailto:archivopatrimonial@usach.cl\" target=\"_blank\">archivopatrimonial@usach.cl<\/a>. De igual manera, dejamos a disposici\u00f3n de todas y todos la versi\u00f3n digital descargable haciendo click en la imagen del cat\u00e1logo a continuaci\u00f3n.&nbsp;<\/p>\n\n\n\n<div style=\"height:21px\" aria-hidden=\"true\" class=\"wp-block-spacer\"><\/div>\n\n\n\n<div class=\"wp-block-image\"><figure class=\"aligncenter size-full is-resized\"><a href=\"https:\/\/archivopatrimonial.usach.cl\/?smd_process_download=1&amp;download_id=9494\"><img decoding=\"async\" src=\"https:\/\/archivopatrimonial.usach.cl\/huellasenelpapel\/wp-content\/uploads\/2022\/08\/libros.jpg\" alt=\"\" class=\"wp-image-843\" width=\"800\" srcset=\"https:\/\/archivopatrimonial.usach.cl\/huellasenelpapel\/wp-content\/uploads\/2022\/08\/libros.jpg 1000w, https:\/\/archivopatrimonial.usach.cl\/huellasenelpapel\/wp-content\/uploads\/2022\/08\/libros-300x240.jpg 300w, https:\/\/archivopatrimonial.usach.cl\/huellasenelpapel\/wp-content\/uploads\/2022\/08\/libros-768x614.jpg 768w\" sizes=\"(max-width: 1000px) 100vw, 1000px\" \/><\/a><\/figure><\/div>\n","protected":false},"excerpt":{"rendered":"<p>Todo el contenido de este sitio web fue extra\u00eddo de Huellas en el papel: Cat\u00e1logo de marcas de agua presentes en los documentos de la Escuela de Artes y Oficios, publicaci\u00f3n que comprende toda la informaci\u00f3n y resultados del proyecto. Se imprimieron 100 unidades del cat\u00e1logo en 2022, para adquirir una copia escribe a archivopatrimonial@usach.cl. De igual manera, dejamos a disposici\u00f3n de todas y todos la versi\u00f3n digital descargable haciendo click en la imagen del cat\u00e1logo a continuaci\u00f3n.&nbsp;<\/p>\n","protected":false},"author":1,"featured_media":0,"parent":0,"menu_order":0,"comment_status":"closed","ping_status":"closed","template":"","meta":{"footnotes":""},"class_list":["post-211","page","type-page","status-publish","hentry"],"_links":{"self":[{"href":"https:\/\/archivopatrimonial.usach.cl\/huellasenelpapel\/index.php\/wp-json\/wp\/v2\/pages\/211","targetHints":{"allow":["GET"]}}],"collection":[{"href":"https:\/\/archivopatrimonial.usach.cl\/huellasenelpapel\/index.php\/wp-json\/wp\/v2\/pages"}],"about":[{"href":"https:\/\/archivopatrimonial.usach.cl\/huellasenelpapel\/index.php\/wp-json\/wp\/v2\/types\/page"}],"author":[{"embeddable":true,"href":"https:\/\/archivopatrimonial.usach.cl\/huellasenelpapel\/index.php\/wp-json\/wp\/v2\/users\/1"}],"replies":[{"embeddable":true,"href":"https:\/\/archivopatrimonial.usach.cl\/huellasenelpapel\/index.php\/wp-json\/wp\/v2\/comments?post=211"}],"version-history":[{"count":9,"href":"https:\/\/archivopatrimonial.usach.cl\/huellasenelpapel\/index.php\/wp-json\/wp\/v2\/pages\/211\/revisions"}],"predecessor-version":[{"id":993,"href":"https:\/\/archivopatrimonial.usach.cl\/huellasenelpapel\/index.php\/wp-json\/wp\/v2\/pages\/211\/revisions\/993"}],"wp:attachment":[{"href":"https:\/\/archivopatrimonial.usach.cl\/huellasenelpapel\/index.php\/wp-json\/wp\/v2\/media?parent=211"}],"curies":[{"name":"wp","href":"https:\/\/api.w.org\/{rel}","templated":true}]}}