{"id":4,"date":"2015-06-21T16:53:51","date_gmt":"2015-06-21T16:53:51","guid":{"rendered":"http:\/\/archivopatrimonial.usach.cl\/voluntarios\/?page_id=4"},"modified":"2018-10-08T16:41:58","modified_gmt":"2018-10-08T19:41:58","slug":"inicio","status":"publish","type":"page","link":"https:\/\/archivopatrimonial.usach.cl\/voluntarios\/","title":{"rendered":"Trabajos voluntarios"},"content":{"rendered":"<p><iframe loading=\"lazy\" src=\"https:\/\/www.youtube.com\/embed\/vKFfX3Sicrg?autoplay=1;&amp;rel=0;&amp;showinfo=0\" width=\"100%\" height=\"720\" frameborder=\"0\" allowfullscreen=\"allowfullscreen\"><\/iframe><\/p>\n<p style=\"text-align: justify;\">Los trabajos voluntarios de la UTE constituyeron parte importante de la formaci\u00f3n pol\u00edtica, laboral y humana del estudiantado, siendo considerados como una actividad fundamental para establecer contacto con las comunidades, en un momento en que la universidad se esforzaba por vincularse con los problemas de la sociedad.<\/p>\n<p style=\"text-align: justify;\">Sus inicios se remontan a la d\u00e9cada del sesenta; entre 1965 y 1966 su desarrollo se increment\u00f3 considerablemente, transform\u00e1ndose en una actividad relevante para los estudiantes. En un comienzo, su orientaci\u00f3n fue bastante amplia: desde campa\u00f1as solidarias en ayuda a las poblaciones afectadas por alg\u00fan desastre natural, sectores de extrema pobreza y aislamiento social, cultural y regional, hasta la convocatoria \u2013a fines de los sesenta e inicios de la Unidad Popular\u2013 a extensas jornadas que vincularon a la universidad con las problem\u00e1ticas sociales.<\/p>\n<p style=\"text-align: justify;\">Bajo el liderazgo de Alejandro Y\u00e1\u00f1ez en la Federaci\u00f3n de Estudiantes de la Universidad T\u00e9cnica del Estado (FEUT), los trabajos voluntarios adquirieron una nueva dimensi\u00f3n y potencia, acercando la universidad a regiones del sur de Chile, como Concepci\u00f3n, Talca, Chill\u00e1n y Valdivia. Esta tarea fue acrecentada gracias a la presencia de la universidad en regiones, pues las sedes de la UTE permitieron fortalecer el v\u00ednculo entre los estudiantes que participaron en los trabajos voluntarios y las comunidades locales.<\/p>\n<p style=\"text-align: justify;\">Durante el proceso de reforma universitaria liderada por los estudiantes y el Rector Enrique Kirberg desde 1968, se profundiz\u00f3 y valoriz\u00f3 el gran despliegue de esfuerzos relacionados al aporte y compromiso de la universidad con la sociedad, estableci\u00e9ndose el 16 de mayo como el \u201cD\u00eda Nacional del Trabajo Voluntario\u201d.<\/p>\n<p style=\"text-align: justify;\">En este marco, las principales tareas consistieron en contribuir a la implementaci\u00f3n de jardines infantiles, construcci\u00f3n de viviendas de emergencia, urbanizaci\u00f3n de campamentos, reparaci\u00f3n de hospitales y locales escolares, hermoseamiento de plazas, centros deportivos, entre otros.<\/p>\n<p style=\"text-align: justify;\">El trabajo voluntario fue la contribuci\u00f3n m\u00e1s importante de los estudiantes de la Universidad T\u00e9cnica del Estado y de otras universidades al proceso interno de las corporaciones, como la que viv\u00eda el pa\u00eds entero desde fines de la d\u00e9cada del sesenta. Posterior al golpe de Estado esta actividad decreci\u00f3 r\u00e1pidamente, encontr\u00e1ndose escasa documentaci\u00f3n respecto a su desarrollo. La actividad juvenil se desenvolvi\u00f3 b\u00e1sicamente desde la Secretar\u00eda Nacional de la Juventud, con actividades de car\u00e1cter asistencialista que manten\u00edan a los j\u00f3venes en un rol secundario y distanciado de cualquier manifestaci\u00f3n pol\u00edtica.<\/p>\n","protected":false},"excerpt":{"rendered":"<p>Los trabajos voluntarios de la UTE constituyeron parte importante de la formaci\u00f3n pol\u00edtica, laboral y humana del estudiantado, siendo considerados como una actividad fundamental para establecer contacto con las comunidades, en un momento en que la universidad se esforzaba por vincularse con los problemas de la sociedad. Sus inicios se remontan a la d\u00e9cada del [&hellip;]<\/p>\n","protected":false},"author":1,"featured_media":0,"parent":0,"menu_order":0,"comment_status":"closed","ping_status":"closed","template":"","meta":{"footnotes":""},"class_list":["post-4","page","type-page","status-publish","hentry"],"_links":{"self":[{"href":"https:\/\/archivopatrimonial.usach.cl\/voluntarios\/index.php?rest_route=\/wp\/v2\/pages\/4"}],"collection":[{"href":"https:\/\/archivopatrimonial.usach.cl\/voluntarios\/index.php?rest_route=\/wp\/v2\/pages"}],"about":[{"href":"https:\/\/archivopatrimonial.usach.cl\/voluntarios\/index.php?rest_route=\/wp\/v2\/types\/page"}],"author":[{"embeddable":true,"href":"https:\/\/archivopatrimonial.usach.cl\/voluntarios\/index.php?rest_route=\/wp\/v2\/users\/1"}],"replies":[{"embeddable":true,"href":"https:\/\/archivopatrimonial.usach.cl\/voluntarios\/index.php?rest_route=%2Fwp%2Fv2%2Fcomments&post=4"}],"version-history":[{"count":17,"href":"https:\/\/archivopatrimonial.usach.cl\/voluntarios\/index.php?rest_route=\/wp\/v2\/pages\/4\/revisions"}],"predecessor-version":[{"id":377,"href":"https:\/\/archivopatrimonial.usach.cl\/voluntarios\/index.php?rest_route=\/wp\/v2\/pages\/4\/revisions\/377"}],"wp:attachment":[{"href":"https:\/\/archivopatrimonial.usach.cl\/voluntarios\/index.php?rest_route=%2Fwp%2Fv2%2Fmedia&parent=4"}],"curies":[{"name":"wp","href":"https:\/\/api.w.org\/{rel}","templated":true}]}}